{"id":9183,"date":"2026-04-07T00:07:10","date_gmt":"2026-04-06T22:07:10","guid":{"rendered":"https:\/\/cyberawareness.sk\/?page_id=9183"},"modified":"2026-04-07T00:09:22","modified_gmt":"2026-04-06T22:09:22","slug":"odborne_poradenstvo","status":"publish","type":"page","link":"https:\/\/cyberawareness.sk\/en\/odborne_poradenstvo\/","title":{"rendered":"Odborn\u00e9 poradenstvo pri pr\u00edprave projektov v\u00a0oblasti KIB"},"content":{"rendered":"<div data-elementor-type=\"wp-page\" data-elementor-id=\"9183\" class=\"elementor elementor-9183\">\n\t\t\t\t<div class=\"elementor-element elementor-element-0dbe076 elementor-hidden-tablet elementor-hidden-mobile e-flex e-con-boxed e-con e-parent\" data-id=\"0dbe076\" data-element_type=\"container\" data-e-type=\"container\" data-settings=\"{&quot;background_background&quot;:&quot;classic&quot;}\">\n\t\t\t\t\t<div class=\"e-con-inner\">\n\t\t<div class=\"elementor-element elementor-element-d7c6a74 e-flex e-con-boxed e-con e-child\" data-id=\"d7c6a74\" data-element_type=\"container\" data-e-type=\"container\">\n\t\t\t\t\t<div class=\"e-con-inner\">\n\t\t\t\t<div class=\"elementor-element elementor-element-b46c502 elementor-widget elementor-widget-spacer\" data-id=\"b46c502\" data-element_type=\"widget\" data-e-type=\"widget\" data-widget_type=\"spacer.default\">\n\t\t\t\t<div class=\"elementor-widget-container\">\n\t\t\t\t\t\t\t<div class=\"elementor-spacer\">\n\t\t\t<div class=\"elementor-spacer-inner\"><\/div>\n\t\t<\/div>\n\t\t\t\t\t\t<\/div>\n\t\t\t\t<\/div>\n\t\t\t\t<div class=\"elementor-element elementor-element-b1cbd28 elementor-widget elementor-widget-heading\" data-id=\"b1cbd28\" data-element_type=\"widget\" data-e-type=\"widget\" data-widget_type=\"heading.default\">\n\t\t\t\t<div class=\"elementor-widget-container\">\n\t\t\t\t\t<h2 class=\"elementor-heading-title elementor-size-default\">Expertn\u00e1<\/h2>\t\t\t\t<\/div>\n\t\t\t\t<\/div>\n\t\t\t\t<div class=\"elementor-element elementor-element-0d96ee1 elementor-widget elementor-widget-heading\" data-id=\"0d96ee1\" data-element_type=\"widget\" data-e-type=\"widget\" data-widget_type=\"heading.default\">\n\t\t\t\t<div class=\"elementor-widget-container\">\n\t\t\t\t\t<h3 class=\"elementor-heading-title elementor-size-default\">a odborn\u00e1 \u010dinnos\u0165<\/h3>\t\t\t\t<\/div>\n\t\t\t\t<\/div>\n\t\t\t\t\t<\/div>\n\t\t\t\t<\/div>\n\t\t\t\t\t<\/div>\n\t\t\t\t<\/div>\n\t\t<div class=\"elementor-element elementor-element-ebb5f90 e-flex e-con-boxed e-con e-parent\" data-id=\"ebb5f90\" data-element_type=\"container\" data-e-type=\"container\">\n\t\t\t\t\t<div class=\"e-con-inner\">\n\t\t\t\t<div class=\"elementor-element elementor-element-dfeec2e elementor-widget elementor-widget-text-editor\" data-id=\"dfeec2e\" data-element_type=\"widget\" data-e-type=\"widget\" data-widget_type=\"text-editor.default\">\n\t\t\t\t<div class=\"elementor-widget-container\">\n\t\t\t\t\t\t\t\t\t<h2><strong>A9. Odborn\u00e9 poradenstvo pri pr\u00edprave projektov v oblasti kybernetickej a informa\u010dnej bezpe\u010dnosti<\/strong><\/h2><p>KC KB UPJ\u0160 poskytuje systematick\u00e9 odborn\u00e9 poradenstvo a analytick\u00fa podporu subjektom verejnej spr\u00e1vy a akademick\u00e9ho sektora v oblasti kybernetickej a informa\u010dnej bezpe\u010dnosti so zameran\u00edm na pr\u00edpravu a implement\u00e1ciu projektov financovan\u00fdch z n\u00e1rodn\u00fdch a eur\u00f3pskych zdrojov.<\/p><h3><span style=\"color: #ff6600;\"><strong>1. Anal\u00fdza potrieb verejnej spr\u00e1vy v person\u00e1lnej oblasti kybernetickej a informa\u010dnej bezpe\u010dnosti<\/strong><\/span><\/h3><p>KC KB UPJ\u0160 realizuje anal\u00fdzy potrieb verejnej spr\u00e1vy, pri\u010dom osobitn\u00e1 pozornos\u0165 je venovan\u00e1 regi\u00f3nu v\u00fdchodn\u00e9ho Slovenska, ktor\u00fd dlhodobo zaost\u00e1va v oblasti v\u00fdskumn\u00fdch a inova\u010dn\u00fdch kapac\u00edt. Anal\u00fdzy s\u00fa zalo\u017een\u00e9 na priamej komunik\u00e1cii so subjektmi verejnej spr\u00e1vy a zameriavaj\u00fa sa na identifik\u00e1ciu potrieb v oblasti kybernetickej bezpe\u010dnosti, vr\u00e1tane person\u00e1lnych kapac\u00edt, technologick\u00e9ho vybavenia a existuj\u00facich procesov a polit\u00edk.<\/p><p>Metodologicky KC KB UPJ\u0160 vyu\u017e\u00edva kombin\u00e1ciu kvantitat\u00edvnych a kvalitat\u00edvnych pr\u00edstupov, najm\u00e4 dotazn\u00edky, rozhovory, odborn\u00e9 workshopy a anal\u00fdzu dostupn\u00fdch \u0161tatistick\u00fdch d\u00e1t. V\u00fdstupom t\u00fdchto aktiv\u00edt je identifik\u00e1cia konkr\u00e9tnych nedostatkov a potrieb verejnej spr\u00e1vy, ktor\u00e9 sl\u00fa\u017eia ako podklad pre n\u00e1vrh projektov, rozvoj kapac\u00edt a zlep\u0161enie \u00farovne KIB.<\/p><h3><span style=\"color: #ff6600;\"><strong>2. Odborn\u00e9 poradenstvo pri pr\u00edprave a implement\u00e1cii projektov<\/strong><\/span><\/h3><p>KC KB UPJ\u0160 poskytuje odborn\u00e9 poradenstvo subjektom verejn\u00e9ho sektora, najm\u00e4 akademick\u00fdm in\u0161tit\u00faci\u00e1m pri pr\u00edprave a realiz\u00e1cii projektov zameran\u00fdch na kybernetick\u00fa a informa\u010dn\u00fa bezpe\u010dnos\u0165. Poradenstvo pokr\u00fdva \u0161irok\u00e9 spektrum finan\u010dn\u00fdch n\u00e1strojov, vr\u00e1tane \u0161truktur\u00e1lnych fondov E\u00da, Pl\u00e1nu obnovy a odolnosti, cezhrani\u010dn\u00fdch programov a medzin\u00e1rodn\u00fdch v\u00fdziev (napr. Horizon Europe, ERC) ako aj in\u00fdch n\u00e1rodn\u00fdch a\u00a0nada\u010dn\u00fdch v\u00fdziev. Slu\u017eby v tejto oblasti zah\u0155\u0148aj\u00fa najm\u00e4:<\/p><h4><strong>Pr\u00edprava projektov\u00fdch n\u00e1vrhov:<\/strong><\/h4><ul><li>pomoc pri definovan\u00ed cie\u013eov, metodol\u00f3gie, rozpo\u010dtu a o\u010dak\u00e1van\u00fdch v\u00fdstupov projektov,<\/li><li>poskytovanie \u0161abl\u00f3n a metodick\u00fdch usmernen\u00ed pre projektov\u00e9 pl\u00e1ny,<br \/>odborn\u00e9 konzult\u00e1cie a sp\u00e4tn\u00fa v\u00e4zbu k projektov\u00fdm z\u00e1merom a \u017eiadostiam o financovanie,<\/li><li>podporu pri spracovan\u00ed projektovej dokument\u00e1cie vr\u00e1tane harmonogramov a analytick\u00fdch podkladov.<\/li><\/ul><h4><strong>Organiz\u00e1cia \u0161kolen\u00ed a workshopov:<\/strong><\/h4><ul><li>realiz\u00e1cia \u0161kolen\u00ed zameran\u00fdch na pr\u00edpravu projektov\u00fdch \u017eiadost\u00ed a riadenie projektov,<\/li><li>poskytovanie pr\u00edkladov dobrej praxe a pr\u00edpadov\u00fdch \u0161t\u00fadi\u00ed \u00faspe\u0161n\u00fdch projektov.<\/li><\/ul><h4><strong>Mentoring a kou\u010ding:<\/strong><\/h4><ul><li>individu\u00e1lny mentoring v\u00fdskumn\u00edkov a projektov\u00fdch t\u00edmov,<\/li><li>podpora pri rie\u0161en\u00ed konkr\u00e9tnych probl\u00e9mov po\u010das implement\u00e1cie projektov.<\/li><\/ul><h3><span style=\"color: #ff6600;\"><strong>3. Sledovanie v\u00fdziev a podpora zap\u00e1jania sa do projektov<\/strong><\/span><\/h3><p>KC KB UPJ\u0160 akt\u00edvne monitoruje dostupn\u00e9 v\u00fdzvy a grantov\u00e9 pr\u00edle\u017eitosti v oblasti kybernetickej a informa\u010dnej bezpe\u010dnosti a poskytuje poradenstvo pri identifik\u00e1cii vhodn\u00fdch zdrojov financovania. S\u00fa\u010das\u0165ou tejto slu\u017eby je spolupr\u00e1ca s verejn\u00fdmi in\u0161tit\u00faciami pri identifik\u00e1cii ich potrieb a mo\u017enost\u00ed zapojenia do projektov.<\/p><p>KC KB UPJ\u0160 z\u00e1rove\u0148 zabezpe\u010duje priebe\u017en\u00e9 sledovanie v\u00fdziev z programov E\u00da, Pl\u00e1nu obnovy a odolnosti, cezhrani\u010dn\u00fdch fondov a \u010fal\u0161\u00edch zdrojov. Na podporu vzdel\u00e1vacieho a akademick\u00e9ho sektora vytv\u00e1ra a udr\u017eiava preh\u013ead datab\u00e1zy relevantn\u00fdch v\u00fdziev a grantov\u00fdch pr\u00edle\u017eitost\u00ed, \u010d\u00edm prispieva k zv\u00fd\u0161eniu \u00faspe\u0161nosti zap\u00e1jania sa do projektov\u00fdch aktiv\u00edt v oblasti kybernetickej a\u00a0informa\u010dnej bezpe\u010dnosti.<\/p>\t\t\t\t\t\t\t\t<\/div>\n\t\t\t\t<\/div>\n\t\t\t\t<div class=\"elementor-element elementor-element-c2089d7 elementor-icon-list--layout-traditional elementor-list-item-link-full_width elementor-widget elementor-widget-icon-list\" data-id=\"c2089d7\" data-element_type=\"widget\" data-e-type=\"widget\" data-widget_type=\"icon-list.default\">\n\t\t\t\t<div class=\"elementor-widget-container\">\n\t\t\t\t\t\t\t<ul class=\"elementor-icon-list-items\">\n\t\t\t\t\t\t\t<li class=\"elementor-icon-list-item\">\n\t\t\t\t\t\t\t\t\t\t\t<a href=\"https:\/\/cyberawareness.sk\/wp-content\/uploads\/2026\/04\/KCKB_UPJS_KB_vyhodnotenie_dotaznika.pdf\">\n\n\t\t\t\t\t\t\t\t\t\t\t\t<span class=\"elementor-icon-list-icon\">\n\t\t\t\t\t\t\t<svg aria-hidden=\"true\" class=\"e-font-icon-svg e-far-file-pdf\" viewbox=\"0 0 384 512\" xmlns=\"http:\/\/www.w3.org\/2000\/svg\"><path d=\"M369.9 97.9L286 14C277 5 264.8-.1 252.1-.1H48C21.5 0 0 21.5 0 48v416c0 26.5 21.5 48 48 48h288c26.5 0 48-21.5 48-48V131.9c0-12.7-5.1-25-14.1-34zM332.1 128H256V51.9l76.1 76.1zM48 464V48h160v104c0 13.3 10.7 24 24 24h104v288H48zm250.2-143.7c-12.2-12-47-8.7-64.4-6.5-17.2-10.5-28.7-25-36.8-46.3 3.9-16.1 10.1-40.6 5.4-56-4.2-26.2-37.8-23.6-42.6-5.9-4.4 16.1-.4 38.5 7 67.1-10 23.9-24.9 56-35.4 74.4-20 10.3-47 26.2-51 46.2-3.3 15.8 26 55.2 76.1-31.2 22.4-7.4 46.8-16.5 68.4-20.1 18.9 10.2 41 17 55.8 17 25.5 0 28-28.2 17.5-38.7zm-198.1 77.8c5.1-13.7 24.5-29.5 30.4-35-19 30.3-30.4 35.7-30.4 35zm81.6-190.6c7.4 0 6.7 32.1 1.8 40.8-4.4-13.9-4.3-40.8-1.8-40.8zm-24.4 136.6c9.7-16.9 18-37 24.7-54.7 8.3 15.1 18.9 27.2 30.1 35.5-20.8 4.3-38.9 13.1-54.8 19.2zm131.6-5s-5 6-37.3-7.8c35.1-2.6 40.9 5.4 37.3 7.8z\"><\/path><\/svg>\t\t\t\t\t\t<\/span>\n\t\t\t\t\t\t\t\t\t\t<span class=\"elementor-icon-list-text\">Analytick\u00fd materi\u00e1l - Anal\u00fdza v\u00fdsledkov dotazn\u00edka kybernetickej a informa\u010dnej bezpe\u010dnosti<\/span>\n\t\t\t\t\t\t\t\t\t\t\t<\/a>\n\t\t\t\t\t\t\t\t\t<\/li>\n\t\t\t\t\t\t\t\t<li class=\"elementor-icon-list-item\">\n\t\t\t\t\t\t\t\t\t\t\t<a href=\"https:\/\/cyberawareness.sk\/wp-content\/uploads\/2026\/04\/KCKB_UPJS_projekt_managemet.pdf\">\n\n\t\t\t\t\t\t\t\t\t\t\t\t<span class=\"elementor-icon-list-icon\">\n\t\t\t\t\t\t\t<svg aria-hidden=\"true\" class=\"e-font-icon-svg e-far-file-pdf\" viewbox=\"0 0 384 512\" xmlns=\"http:\/\/www.w3.org\/2000\/svg\"><path d=\"M369.9 97.9L286 14C277 5 264.8-.1 252.1-.1H48C21.5 0 0 21.5 0 48v416c0 26.5 21.5 48 48 48h288c26.5 0 48-21.5 48-48V131.9c0-12.7-5.1-25-14.1-34zM332.1 128H256V51.9l76.1 76.1zM48 464V48h160v104c0 13.3 10.7 24 24 24h104v288H48zm250.2-143.7c-12.2-12-47-8.7-64.4-6.5-17.2-10.5-28.7-25-36.8-46.3 3.9-16.1 10.1-40.6 5.4-56-4.2-26.2-37.8-23.6-42.6-5.9-4.4 16.1-.4 38.5 7 67.1-10 23.9-24.9 56-35.4 74.4-20 10.3-47 26.2-51 46.2-3.3 15.8 26 55.2 76.1-31.2 22.4-7.4 46.8-16.5 68.4-20.1 18.9 10.2 41 17 55.8 17 25.5 0 28-28.2 17.5-38.7zm-198.1 77.8c5.1-13.7 24.5-29.5 30.4-35-19 30.3-30.4 35.7-30.4 35zm81.6-190.6c7.4 0 6.7 32.1 1.8 40.8-4.4-13.9-4.3-40.8-1.8-40.8zm-24.4 136.6c9.7-16.9 18-37 24.7-54.7 8.3 15.1 18.9 27.2 30.1 35.5-20.8 4.3-38.9 13.1-54.8 19.2zm131.6-5s-5 6-37.3-7.8c35.1-2.6 40.9 5.4 37.3 7.8z\"><\/path><\/svg>\t\t\t\t\t\t<\/span>\n\t\t\t\t\t\t\t\t\t\t<span class=\"elementor-icon-list-text\">Prezent\u00e1cia - \u00davod do projektov\u00e9ho mana\u017ementu<\/span>\n\t\t\t\t\t\t\t\t\t\t\t<\/a>\n\t\t\t\t\t\t\t\t\t<\/li>\n\t\t\t\t\t\t\t\t<li class=\"elementor-icon-list-item\">\n\t\t\t\t\t\t\t\t\t\t\t<a href=\"https:\/\/cyberawareness.sk\/wp-content\/uploads\/2026\/04\/KCKB_UPJS_sablony_vzory.zip\">\n\n\t\t\t\t\t\t\t\t\t\t\t\t<span class=\"elementor-icon-list-icon\">\n\t\t\t\t\t\t\t<svg aria-hidden=\"true\" class=\"e-font-icon-svg e-far-file-archive\" viewbox=\"0 0 384 512\" xmlns=\"http:\/\/www.w3.org\/2000\/svg\"><path d=\"M128.3 160v32h32v-32zm64-96h-32v32h32zm-64 32v32h32V96zm64 32h-32v32h32zm177.6-30.1L286 14C277 5 264.8-.1 252.1-.1H48C21.5 0 0 21.5 0 48v416c0 26.5 21.5 48 48 48h288c26.5 0 48-21.5 48-48V131.9c0-12.7-5.1-25-14.1-34zM256 51.9l76.1 76.1H256zM336 464H48V48h79.7v16h32V48H208v104c0 13.3 10.7 24 24 24h104zM194.2 265.7c-1.1-5.6-6-9.7-11.8-9.7h-22.1v-32h-32v32l-19.7 97.1C102 385.6 126.8 416 160 416c33.1 0 57.9-30.2 51.5-62.6zm-33.9 124.4c-17.9 0-32.4-12.1-32.4-27s14.5-27 32.4-27 32.4 12.1 32.4 27-14.5 27-32.4 27zm32-198.1h-32v32h32z\"><\/path><\/svg>\t\t\t\t\t\t<\/span>\n\t\t\t\t\t\t\t\t\t\t<span class=\"elementor-icon-list-text\">\u0160abl\u00f3ny a vzory dokumentov<\/span>\n\t\t\t\t\t\t\t\t\t\t\t<\/a>\n\t\t\t\t\t\t\t\t\t<\/li>\n\t\t\t\t\t\t\t\t<li class=\"elementor-icon-list-item\">\n\t\t\t\t\t\t\t\t\t\t\t<a href=\"https:\/\/cyberawareness.sk\/wp-content\/uploads\/2026\/04\/KCKB_UPJS_newsletter_03_02_26.html\">\n\n\t\t\t\t\t\t\t\t\t\t\t\t<span class=\"elementor-icon-list-icon\">\n\t\t\t\t\t\t\t<svg aria-hidden=\"true\" class=\"e-font-icon-svg e-fab-html5\" viewbox=\"0 0 384 512\" xmlns=\"http:\/\/www.w3.org\/2000\/svg\"><path d=\"M0 32l34.9 395.8L191.5 480l157.6-52.2L384 32H0zm308.2 127.9H124.4l4.1 49.4h175.6l-13.6 148.4-97.9 27v.3h-1.1l-98.7-27.3-6-75.8h47.7L138 320l53.5 14.5 53.7-14.5 6-62.2H84.3L71.5 112.2h241.1l-4.4 47.7z\"><\/path><\/svg>\t\t\t\t\t\t<\/span>\n\t\t\t\t\t\t\t\t\t\t<span class=\"elementor-icon-list-text\">Newsletter kybernetickej bezpe\u010dnosti - 03.02.2026<\/span>\n\t\t\t\t\t\t\t\t\t\t\t<\/a>\n\t\t\t\t\t\t\t\t\t<\/li>\n\t\t\t\t\t\t\t\t<li class=\"elementor-icon-list-item\">\n\t\t\t\t\t\t\t\t\t\t\t<a href=\"https:\/\/cyberawareness.sk\/wp-content\/uploads\/2026\/04\/KCKB_UPJS_newsletter_04_03_26.html\">\n\n\t\t\t\t\t\t\t\t\t\t\t\t<span class=\"elementor-icon-list-icon\">\n\t\t\t\t\t\t\t<svg aria-hidden=\"true\" class=\"e-font-icon-svg e-fab-html5\" viewbox=\"0 0 384 512\" xmlns=\"http:\/\/www.w3.org\/2000\/svg\"><path d=\"M0 32l34.9 395.8L191.5 480l157.6-52.2L384 32H0zm308.2 127.9H124.4l4.1 49.4h175.6l-13.6 148.4-97.9 27v.3h-1.1l-98.7-27.3-6-75.8h47.7L138 320l53.5 14.5 53.7-14.5 6-62.2H84.3L71.5 112.2h241.1l-4.4 47.7z\"><\/path><\/svg>\t\t\t\t\t\t<\/span>\n\t\t\t\t\t\t\t\t\t\t<span class=\"elementor-icon-list-text\">Newsletter kybernetickej bezpe\u010dnosti - 04.03.2026<\/span>\n\t\t\t\t\t\t\t\t\t\t\t<\/a>\n\t\t\t\t\t\t\t\t\t<\/li>\n\t\t\t\t\t\t\t\t<li class=\"elementor-icon-list-item\">\n\t\t\t\t\t\t\t\t\t\t\t<a href=\"https:\/\/cyberawareness.sk\/wp-content\/uploads\/2026\/04\/KCKB_UPJS_newsletter_26_03_26.html\">\n\n\t\t\t\t\t\t\t\t\t\t\t\t<span class=\"elementor-icon-list-icon\">\n\t\t\t\t\t\t\t<svg aria-hidden=\"true\" class=\"e-font-icon-svg e-fab-html5\" viewbox=\"0 0 384 512\" xmlns=\"http:\/\/www.w3.org\/2000\/svg\"><path d=\"M0 32l34.9 395.8L191.5 480l157.6-52.2L384 32H0zm308.2 127.9H124.4l4.1 49.4h175.6l-13.6 148.4-97.9 27v.3h-1.1l-98.7-27.3-6-75.8h47.7L138 320l53.5 14.5 53.7-14.5 6-62.2H84.3L71.5 112.2h241.1l-4.4 47.7z\"><\/path><\/svg>\t\t\t\t\t\t<\/span>\n\t\t\t\t\t\t\t\t\t\t<span class=\"elementor-icon-list-text\">Newsletter kybernetickej bezpe\u010dnosti - 26.03.2026<\/span>\n\t\t\t\t\t\t\t\t\t\t\t<\/a>\n\t\t\t\t\t\t\t\t\t<\/li>\n\t\t\t\t\t\t\t\t<li class=\"elementor-icon-list-item\">\n\t\t\t\t\t\t\t\t\t\t\t<a href=\"https:\/\/cyberawareness.sk\/wp-content\/uploads\/2026\/04\/KCKB_UPJS_newsletter_27_03_26.html\">\n\n\t\t\t\t\t\t\t\t\t\t\t\t<span class=\"elementor-icon-list-icon\">\n\t\t\t\t\t\t\t<svg aria-hidden=\"true\" class=\"e-font-icon-svg e-fab-html5\" viewbox=\"0 0 384 512\" xmlns=\"http:\/\/www.w3.org\/2000\/svg\"><path d=\"M0 32l34.9 395.8L191.5 480l157.6-52.2L384 32H0zm308.2 127.9H124.4l4.1 49.4h175.6l-13.6 148.4-97.9 27v.3h-1.1l-98.7-27.3-6-75.8h47.7L138 320l53.5 14.5 53.7-14.5 6-62.2H84.3L71.5 112.2h241.1l-4.4 47.7z\"><\/path><\/svg>\t\t\t\t\t\t<\/span>\n\t\t\t\t\t\t\t\t\t\t<span class=\"elementor-icon-list-text\">Newsletter kybernetickej bezpe\u010dnosti - 27.03.2026<\/span>\n\t\t\t\t\t\t\t\t\t\t\t<\/a>\n\t\t\t\t\t\t\t\t\t<\/li>\n\t\t\t\t\t\t<\/ul>\n\t\t\t\t\t\t<\/div>\n\t\t\t\t<\/div>\n\t\t\t\t\t<\/div>\n\t\t\t\t<\/div>\n\t\t\t\t<\/div>","protected":false},"excerpt":{"rendered":"<p>Expertn\u00e1 a odborn\u00e1 \u010dinnos\u0165 A9. Odborn\u00e9 poradenstvo pri pr\u00edprave projektov v oblasti kybernetickej a informa\u010dnej bezpe\u010dnosti KC KB UPJ\u0160 poskytuje systematick\u00e9 odborn\u00e9 poradenstvo a analytick\u00fa podporu subjektom verejnej spr\u00e1vy a akademick\u00e9ho sektora v oblasti kybernetickej a informa\u010dnej bezpe\u010dnosti so zameran\u00edm na pr\u00edpravu a implement\u00e1ciu projektov financovan\u00fdch z n\u00e1rodn\u00fdch a eur\u00f3pskych zdrojov. 1. Anal\u00fdza potrieb verejnej [&hellip;]<\/p>\n","protected":false},"author":1,"featured_media":0,"parent":0,"menu_order":0,"comment_status":"closed","ping_status":"closed","template":"","meta":{"ocean_post_layout":"","ocean_both_sidebars_style":"","ocean_both_sidebars_content_width":0,"ocean_both_sidebars_sidebars_width":0,"ocean_sidebar":"","ocean_second_sidebar":"","ocean_disable_margins":"enable","ocean_add_body_class":"","ocean_shortcode_before_top_bar":"","ocean_shortcode_after_top_bar":"","ocean_shortcode_before_header":"","ocean_shortcode_after_header":"","ocean_has_shortcode":"","ocean_shortcode_after_title":"","ocean_shortcode_before_footer_widgets":"","ocean_shortcode_after_footer_widgets":"","ocean_shortcode_before_footer_bottom":"","ocean_shortcode_after_footer_bottom":"","ocean_display_top_bar":"default","ocean_display_header":"default","ocean_header_style":"","ocean_center_header_left_menu":"","ocean_custom_header_template":"","ocean_custom_logo":0,"ocean_custom_retina_logo":0,"ocean_custom_logo_max_width":0,"ocean_custom_logo_tablet_max_width":0,"ocean_custom_logo_mobile_max_width":0,"ocean_custom_logo_max_height":0,"ocean_custom_logo_tablet_max_height":0,"ocean_custom_logo_mobile_max_height":0,"ocean_header_custom_menu":"","ocean_menu_typo_font_family":"","ocean_menu_typo_font_subset":"","ocean_menu_typo_font_size":0,"ocean_menu_typo_font_size_tablet":0,"ocean_menu_typo_font_size_mobile":0,"ocean_menu_typo_font_size_unit":"px","ocean_menu_typo_font_weight":"","ocean_menu_typo_font_weight_tablet":"","ocean_menu_typo_font_weight_mobile":"","ocean_menu_typo_transform":"","ocean_menu_typo_transform_tablet":"","ocean_menu_typo_transform_mobile":"","ocean_menu_typo_line_height":0,"ocean_menu_typo_line_height_tablet":0,"ocean_menu_typo_line_height_mobile":0,"ocean_menu_typo_line_height_unit":"","ocean_menu_typo_spacing":0,"ocean_menu_typo_spacing_tablet":0,"ocean_menu_typo_spacing_mobile":0,"ocean_menu_typo_spacing_unit":"","ocean_menu_link_color":"","ocean_menu_link_color_hover":"","ocean_menu_link_color_active":"","ocean_menu_link_background":"","ocean_menu_link_hover_background":"","ocean_menu_link_active_background":"","ocean_menu_social_links_bg":"","ocean_menu_social_hover_links_bg":"","ocean_menu_social_links_color":"","ocean_menu_social_hover_links_color":"","ocean_disable_title":"default","ocean_disable_heading":"default","ocean_post_title":"","ocean_post_subheading":"","ocean_post_title_style":"","ocean_post_title_background_color":"","ocean_post_title_background":0,"ocean_post_title_bg_image_position":"","ocean_post_title_bg_image_attachment":"","ocean_post_title_bg_image_repeat":"","ocean_post_title_bg_image_size":"","ocean_post_title_height":0,"ocean_post_title_bg_overlay":0.5,"ocean_post_title_bg_overlay_color":"","ocean_disable_breadcrumbs":"default","ocean_breadcrumbs_color":"","ocean_breadcrumbs_separator_color":"","ocean_breadcrumbs_links_color":"","ocean_breadcrumbs_links_hover_color":"","ocean_display_footer_widgets":"default","ocean_display_footer_bottom":"default","ocean_custom_footer_template":"","footnotes":""},"class_list":["post-9183","page","type-page","status-publish","hentry","entry"],"_links":{"self":[{"href":"https:\/\/cyberawareness.sk\/en\/wp-json\/wp\/v2\/pages\/9183","targetHints":{"allow":["GET"]}}],"collection":[{"href":"https:\/\/cyberawareness.sk\/en\/wp-json\/wp\/v2\/pages"}],"about":[{"href":"https:\/\/cyberawareness.sk\/en\/wp-json\/wp\/v2\/types\/page"}],"author":[{"embeddable":true,"href":"https:\/\/cyberawareness.sk\/en\/wp-json\/wp\/v2\/users\/1"}],"replies":[{"embeddable":true,"href":"https:\/\/cyberawareness.sk\/en\/wp-json\/wp\/v2\/comments?post=9183"}],"version-history":[{"count":4,"href":"https:\/\/cyberawareness.sk\/en\/wp-json\/wp\/v2\/pages\/9183\/revisions"}],"predecessor-version":[{"id":9196,"href":"https:\/\/cyberawareness.sk\/en\/wp-json\/wp\/v2\/pages\/9183\/revisions\/9196"}],"wp:attachment":[{"href":"https:\/\/cyberawareness.sk\/en\/wp-json\/wp\/v2\/media?parent=9183"}],"curies":[{"name":"wp","href":"https:\/\/api.w.org\/{rel}","templated":true}]}}