{"id":5,"date":"2022-01-31T20:03:54","date_gmt":"2022-01-31T19:03:54","guid":{"rendered":"https:\/\/cyberawareness.sk\/materialis\/"},"modified":"2023-12-18T16:29:24","modified_gmt":"2023-12-18T15:29:24","slug":"materialis","status":"publish","type":"page","link":"https:\/\/cyberawareness.sk\/en\/materialis\/","title":{"rendered":"Front Page"},"content":{"rendered":"<!-- wp:extendstudio\/materialis--><div  data-label=\"Features\" data-id=\"features--1\" data-export-id=\"features-16\" data-category=\"features\" class=\"features-16 content-section content-section-spacing-large\" id=\"features-1\" style=\"\/* background-image: none; *\/ \/* background-color: rgb(31, 31, 31);\"><div  class=\"gridContainer\"> <div  class=\"row text-center\"><div  class=\"section-title-col\" data-type=\"column\"> <h2  class=\"\"><b >CIELE<\/b>&nbsp;NA\u0160ICH AKTIV\u00cdT<\/h2> <\/div> <\/div> <div  class=\"row spaced-cols content-center-sm center-sm\" data-type=\"row\"> <div  class=\"col-xs-12 col-sm-6 space-bottom col-md-3\">  <div  data-type=\"column\" class=\"col-padding-small col-padding-small-xs description-container\"> <img  decoding=\"async\" class=\"custom-image\" src=\"https:\/\/cyberawareness.sk\/wp-content\/uploads\/2022\/04\/1male.png\"><h4  class=\"font-500\">\n<br >VZDEL\u00c1VANIE<\/h4>  <\/div> <\/div> <div  class=\"col-xs-12 col-sm-6 space-bottom col-md-3\">  <div  data-type=\"column\" class=\"col-padding-small col-padding-small-xs description-container\"> <img  decoding=\"async\" class=\"custom-image\" src=\"https:\/\/cyberawareness.sk\/wp-content\/uploads\/2022\/04\/2male.png\"><h4  class=\"font-500\">ZVY\u0160OVANIE\n<br >\nBEZPE\u010cNOSTN\u00c9HO\n<br >\nPOVEDOMIA<\/h4>  <\/div> <\/div> <div  class=\"col-xs-12 col-sm-6 space-bottom col-md-3\">  <div  data-type=\"column\" class=\"col-padding-small col-padding-small-xs description-container\"> <img  decoding=\"async\" class=\"custom-image\" src=\"https:\/\/cyberawareness.sk\/wp-content\/uploads\/2022\/04\/3male.png\"><h4  class=\"font-500\">VZBUDENIE Z\u00c1UJMU\n<br >O INFORMA\u010cN\u00da\n<br >\nBEZPE\u010cNOS\u0164<\/h4>  <\/div> <\/div><div  class=\"col-xs-12 col-sm-6 space-bottom col-md-3\">  <div  data-type=\"column\" class=\"col-padding-small col-padding-small-xs description-container\"> <img  decoding=\"async\" class=\"custom-image\" src=\"https:\/\/cyberawareness.sk\/wp-content\/uploads\/2022\/04\/4male.png\"><h4  class=\"font-500\">ROZV\u00cdJANIE ZRU\u010cNOST\u00cd<\/h4>  <\/div> <\/div><\/div> <\/div><\/div><!-- \/wp:extendstudio\/materialis--><!-- CloudPress Companion Preview Data START --><!-- wp:extendstudio\/materialis--><div  id=\"about-6\" style=\"background-color: rgb(245, 250, 253); background-image: none;\" data-label=\"About\" data-id=\"about-4\" data-export-id=\"about-4\" data-category=\"about\" class=\"about-4 content-section content-section-spacing-large\" ne=\"0.7620700816537118\"><div  class=\"gridContainer\"> <div  class=\"row middle-sm text-center\"><div  class=\"col-sm-5 space-bottom-xs content-center-sm\" data-type=\"column\">   <h3  class=\"\"><span ><b >PROJEKT NAU\u010c SA Z\u00c1KLADY INFORMA\u010cNEJ BEZPE\u010cNOSTI<\/b><\/span><\/h3><p  class=\"lead\"><span  style=\"color: rgb(84, 97, 122);\">Ot\u00e1zka informa\u010dnej bezpe\u010dnosti je v posledn\u00fdch rokoch \u010doraz \u010dastej\u0161ia. Na\u0161\u00edm cie\u013eom je preto zvy\u0161ovanie bezpe\u010dnostn\u00e9ho povedomia u \u0161irokej verejnosti pomocou odbornej pr\u00edpravy \u017eiakov stredn\u00fdch \u0161k\u00f4l.<\/span><\/p><a class=\"button big color1 mdc-ripple-upgraded\" href=\"https:\/\/cyberawareness.sk\/en\/o-projekte\/\" target=\"_self\" data-cp-link=\"1\" rel=\"noopener\">DOZVEDIE\u0164 SA VIAC<\/a> <\/div> <div  class=\"col-sm-7 flexbox center-xs middle-xs image-group-2-img padding-top-bottom\"> <img  decoding=\"async\" class=\"img-1 rounded mdc-elevation--z10\" data-size=\"250x200\" src=\"https:\/\/cyberawareness.sk\/wp-content\/uploads\/2022\/04\/IMG_20220329_091239-scaled.jpg\"> <img  decoding=\"async\" class=\"img-2 rounded mdc-elevation--z10\" data-size=\"220x170\" src=\"https:\/\/cyberawareness.sk\/wp-content\/uploads\/2022\/04\/277451438_1048872525728618_5227266535061561081_n.jpg\"><\/div> <\/div><\/div> <\/div><!-- \/wp:extendstudio\/materialis--><!-- wp:extendstudio\/materialis--><div  data-label=\"About\" data-id=\"about--1\" data-export-id=\"about-images-right-section\" data-category=\"about\" class=\"about-images-right-section content-section content-section-spacing-large\" id=\"about-7\" style=\"\/* background-color: rgb(245, 250, 253); *\/ background-image: none;\"><div  class=\"gridContainer\"> <div  class=\"row middle-sm text-center\"><div  class=\"col-sm-5 content-left-sm space-bottom-xs\" data-type=\"column\">    <h2  class=\"\"><b >LETN\u00c1 \u0160KOLA <\/b>KYBERKRIMINALITY<\/h2><p  class=\"\"><span  style=\"color: rgb(84, 97, 122);\">Na\u0161e vzdel\u00e1vacie aktivity nesmeruj\u00fa len k \u0161irokej verejnosti, ale odborne vzdel\u00e1vame aj \u0161tudentov vysok\u00fdch \u0161k\u00f4l. Letn\u00e1 \u0161kola kyberkriminality je aktivitita zameran\u00e1 na <span  id=\"_mce_caret\" data-mce-bogus=\"1\" data-mce-type=\"format-caret\"><\/span>oblas\u0165 kybernetickej bezpe\u010dnosti, vy\u0161etrovania kybernetickej kriminality a s\u00favisiacich t\u00e9m.<\/span><\/p><a class=\"button blue mdc-ripple-upgraded\" href=\"https:\/\/cyberawareness.sk\/en\/letna-skola-kyberkriminality\/\" target=\"_self\" data-cp-link=\"1\" rel=\"noopener\">DOZVEDIE\u0164 SA VIAC<\/a><\/div> <div  class=\"col-sm-7 image-group-side-3-img\"> <img  decoding=\"async\" class=\"topimg mdc-elevation--z10 rounded\" src=\"https:\/\/cyberawareness.sk\/wp-content\/uploads\/2022\/04\/cropped-IMG_20200824_162219.jpg\"> <img  decoding=\"async\" class=\"rightimg mdc-elevation--z10 rounded\" src=\"https:\/\/cyberawareness.sk\/wp-content\/uploads\/2022\/04\/IMG_20200825_133105.jpg\"> <div  class=\"leftimg\"> <img  decoding=\"async\" class=\"mdc-elevation--z10 rounded\" src=\"https:\/\/cyberawareness.sk\/wp-content\/uploads\/2022\/04\/cropped-Photo-3-scaled-1.jpg\"><\/div> <\/div><\/div> <\/div><\/div><!-- \/wp:extendstudio\/materialis--><!-- wp:extendstudio\/materialis--><div  data-label=\"About\" data-id=\"about--2\" data-export-id=\"about-1\" data-category=\"about\" class=\"about-1 content-section content-section-spacing-large\" id=\"about-8\" style=\"background-color: rgb(245, 250, 253); background-image: none;\"><div  class=\"gridContainer\"> <div  class=\"row col-xs-12\"><div  class=\"section-title-col\" data-type=\"column\"> <h5  class=\"\">CyberSecurityDay<\/h5>  <p  class=\"lead\">Interakt\u00edvne workshopy, mno\u017estvo nov\u00fdch inform\u00e1ci\u00ed, networking, s\u00fa\u0165a\u017ee ale aj ve\u013ea z\u00e1bavy a dobr\u00e9ho jedla.<\/p><\/div> <\/div> <div  class=\"row col-xs-12\"> <div  class=\"button-holder space-bottom space-bottom-small\" data-type=\"column\"> <a class=\"button big color1 font-500 mdc-ripple-upgraded\" href=\"https:\/\/cyberawareness.sk\/en\/cybersecurityday\/\" target=\"_self\" data-cp-link=\"1\" rel=\"noopener\">DOZVEDIE\u0164 SA VIAC<\/a><\/div> <div  class=\"col-xs bottom-xs flexbox image-group-bottom-3-img center-xs\"> <img  decoding=\"async\" class=\"left-img mdc-elevation--z10 rounded-topleft-topright\" data-size=\"400x275\" src=\"https:\/\/cyberawareness.sk\/wp-content\/uploads\/2022\/06\/cropped-csd2-scaled-1.jpg\"> <img  decoding=\"async\" class=\"center-img mdc-elevation--z10 rounded-topleft-topright\" data-size=\"500x325\" src=\"https:\/\/cyberawareness.sk\/wp-content\/uploads\/2022\/06\/cropped-csd4-scaled-1.jpg\"> <img  decoding=\"async\" class=\"right-img mdc-elevation--z10 rounded-topleft-topright\" data-size=\"400x275\" src=\"https:\/\/cyberawareness.sk\/wp-content\/uploads\/2022\/06\/csd1-scaled.jpg\"><\/div> <\/div><\/div> <\/div><!-- \/wp:extendstudio\/materialis--><!-- CloudPress Companion Preview Data START --><!-- wp:extendstudio\/materialis--><div  id=\"content-24\" style=\"\/* background-color: rgb(31, 31, 31);\" data-label=\"Content\" data-id=\"content-7-materialis\" data-export-id=\"content-7-materialis\" data-category=\"content\" class=\"content-7m content-section-spacing-large content-section\" ne=\"0.7947044720551761\"><div  class=\"gridContainer\"> <div  class=\"row middle-sm\"><div  class=\"col-md-6 col-xs-12 col-sm-6 col-padding-small-xs\"> <img  decoding=\"async\" class=\"mdc-elevation--z13 img-rounded\" src=\"https:\/\/cyberawareness.sk\/wp-content\/uploads\/2022\/04\/banner_info-100.png\"><\/div> <div  class=\"col-md-5 col-md-offset-1 col-xs-12 col-sm-6 content-left-sm col-padding-small-xs\" data-type=\"column\">  <h2  class=\"\"><b >AKTIVITY<\/b> \u0160TUDENTOV<\/h2> <p  class=\"\"><span  style=\"color: rgb(84, 97, 122);\">Ka\u017ed\u00fd t\u00edm \u017eiakov uskuto\u010d\u0148uje <b >minim\u00e1lne 3 aktivity, <\/b>kor\u00e9 bud\u00fa ma\u0165 dosah na zv\u00fd\u0161enie bezpe\u010dnostn\u00e9ho povedomia nielen v r\u00e1mci danej strednej \u0161koly, ale aj jej bezprostredn\u00e9ho okolia (rodi\u010dia, z\u00e1kladn\u00e9 \u0161koly, seniori,\u2026)<\/span><\/p><a class=\"button blue mdc-ripple-upgraded\" href=\"https:\/\/cyberawareness.sk\/en\/galeria\/\" target=\"_self\" data-cp-link=\"1\" rel=\"noopener\">Prejs\u0165 na gal\u00e9riu \u27a4<\/a><\/div> <\/div><\/div> <\/div><!-- \/wp:extendstudio\/materialis--><!-- CloudPress Companion Preview Data START --><!-- wp:extendstudio\/materialis--><div  data-label=\"Clients\" data-id=\"clients--1\" data-export-id=\"clients-2\" data-category=\"clients\" class=\"clients-2 content-section content-section-spacing-large\" id=\"clients-1\" style=\"background-color: rgb(255, 255, 255); background-image: none;\" ne=\"0.8036581080144634\"><div  class=\"gridContainer\"> <div  class=\"row\"><div  class=\"section-title-col\" data-type=\"column\">  <h3  class=\"\"><span ><b >PARTNERI <\/b><b >AKTIV\u00cdT<\/b><\/span><\/h3><\/div> <\/div> <div  class=\"row center-xs spaced-cols middle-sm\" data-type=\"row\"> <div  class=\"col-xs-6 col-sm-3 col-md-2\"> <img  decoding=\"async\" src=\"https:\/\/cyberawareness.sk\/wp-content\/uploads\/2022\/04\/upjs_logo12.jpg\" class=\"\"><a class=\"link\" href=\"https:\/\/www.upjs.sk\" target=\"_self\" data-cp-link=\"1\" rel=\"noopener\">Pavol Jozef \u0160af\u00e1rik University in Ko\u0161ice<\/a><\/div><div  class=\"col-xs-6 col-sm-3 col-md-2\"> <img  decoding=\"async\" src=\"https:\/\/cyberawareness.sk\/wp-content\/uploads\/2022\/04\/fond_png.png\" class=\"\"><a class=\"link\" href=\"https:\/\/sk-nic.sk\/fond\" target=\"_self\" data-cp-link=\"1\" rel=\"noopener\">Fond SK-NIC<\/a><\/div>  <div  class=\"col-xs-6 col-sm-3 col-md-2\"> <img  decoding=\"async\" src=\"https:\/\/cyberawareness.sk\/wp-content\/uploads\/2022\/04\/csirt_logo.png\" class=\"\"><a class=\"link\" href=\"https:\/\/csirt.upjs.sk\" target=\"_self\" data-cp-link=\"1\" rel=\"noopener\">T\u00edm pre rie\u0161enie bezpe\u010dnostn\u00fdch incidentov UPJ\u0160<\/a><\/div>  <div  class=\"col-xs-6 col-sm-3 col-md-2\"> <img  decoding=\"async\" src=\"https:\/\/cyberawareness.sk\/wp-content\/uploads\/2022\/08\/EISI_logotyp.png\" class=\"\"><a class=\"link\" href=\"https:\/\/eisionline.org\" target=\"_blank\" data-cp-link=\"1\" rel=\"noopener\">European Information Society Institute<\/a><\/div><div  class=\"col-xs-6 col-sm-3 col-md-2\"> <img  decoding=\"async\" src=\"https:\/\/cyberawareness.sk\/wp-content\/uploads\/2023\/10\/cropped-Istrosec2.png\" class=\"\"><a class=\"link\" href=\"https:\/\/istrosec.com\/sk\" target=\"_self\" data-cp-link=\"1\" rel=\"noopener\">IstroSec<\/a><\/div><div  class=\"col-xs-6 col-sm-3 col-md-2\"> <img  decoding=\"async\" src=\"https:\/\/cyberawareness.sk\/wp-content\/uploads\/2023\/11\/Kase-scenarios.png\" class=\"\"><a class=\"link\" href=\"https:\/\/kasescenarios.com\" target=\"_self\" data-cp-link=\"1\" rel=\"noopener\">KASE SCENARIOS<\/a><\/div><\/div><\/div> <\/div><!-- \/wp:extendstudio\/materialis-->","protected":false},"excerpt":{"rendered":"<p>CIELE&nbsp;NA\u0160ICH AKTIV\u00cdT VZDEL\u00c1VANIE ZVY\u0160OVANIE BEZPE\u010cNOSTN\u00c9HO POVEDOMIA VZBUDENIE Z\u00c1UJMU O INFORMA\u010cN\u00da BEZPE\u010cNOS\u0164 ROZV\u00cdJANIE ZRU\u010cNOST\u00cd PROJEKT NAU\u010c SA Z\u00c1KLADY INFORMA\u010cNEJ BEZPE\u010cNOSTI Ot\u00e1zka informa\u010dnej bezpe\u010dnosti je v posledn\u00fdch rokoch \u010doraz \u010dastej\u0161ia. Na\u0161\u00edm cie\u013eom je preto zvy\u0161ovanie bezpe\u010dnostn\u00e9ho povedomia u \u0161irokej verejnosti pomocou odbornej pr\u00edpravy \u017eiakov stredn\u00fdch \u0161k\u00f4l. DOZVEDIE\u0164 SA VIAC LETN\u00c1 \u0160KOLA KYBERKRIMINALITY Na\u0161e vzdel\u00e1vacie aktivity nesmeruj\u00fa len [&hellip;]<\/p>\n","protected":false},"author":1,"featured_media":0,"parent":0,"menu_order":0,"comment_status":"closed","ping_status":"closed","template":"page-templates\/homepage.php","meta":{"ocean_post_layout":"","ocean_both_sidebars_style":"","ocean_both_sidebars_content_width":0,"ocean_both_sidebars_sidebars_width":0,"ocean_sidebar":"","ocean_second_sidebar":"","ocean_disable_margins":"enable","ocean_add_body_class":"","ocean_shortcode_before_top_bar":"","ocean_shortcode_after_top_bar":"","ocean_shortcode_before_header":"","ocean_shortcode_after_header":"","ocean_has_shortcode":"","ocean_shortcode_after_title":"","ocean_shortcode_before_footer_widgets":"","ocean_shortcode_after_footer_widgets":"","ocean_shortcode_before_footer_bottom":"","ocean_shortcode_after_footer_bottom":"","ocean_display_top_bar":"default","ocean_display_header":"default","ocean_header_style":"","ocean_center_header_left_menu":"","ocean_custom_header_template":"","ocean_custom_logo":0,"ocean_custom_retina_logo":0,"ocean_custom_logo_max_width":0,"ocean_custom_logo_tablet_max_width":0,"ocean_custom_logo_mobile_max_width":0,"ocean_custom_logo_max_height":0,"ocean_custom_logo_tablet_max_height":0,"ocean_custom_logo_mobile_max_height":0,"ocean_header_custom_menu":"","ocean_menu_typo_font_family":"","ocean_menu_typo_font_subset":"","ocean_menu_typo_font_size":0,"ocean_menu_typo_font_size_tablet":0,"ocean_menu_typo_font_size_mobile":0,"ocean_menu_typo_font_size_unit":"px","ocean_menu_typo_font_weight":"","ocean_menu_typo_font_weight_tablet":"","ocean_menu_typo_font_weight_mobile":"","ocean_menu_typo_transform":"","ocean_menu_typo_transform_tablet":"","ocean_menu_typo_transform_mobile":"","ocean_menu_typo_line_height":0,"ocean_menu_typo_line_height_tablet":0,"ocean_menu_typo_line_height_mobile":0,"ocean_menu_typo_line_height_unit":"","ocean_menu_typo_spacing":0,"ocean_menu_typo_spacing_tablet":0,"ocean_menu_typo_spacing_mobile":0,"ocean_menu_typo_spacing_unit":"","ocean_menu_link_color":"","ocean_menu_link_color_hover":"","ocean_menu_link_color_active":"","ocean_menu_link_background":"","ocean_menu_link_hover_background":"","ocean_menu_link_active_background":"","ocean_menu_social_links_bg":"","ocean_menu_social_hover_links_bg":"","ocean_menu_social_links_color":"","ocean_menu_social_hover_links_color":"","ocean_disable_title":"default","ocean_disable_heading":"default","ocean_post_title":"","ocean_post_subheading":"","ocean_post_title_style":"","ocean_post_title_background_color":"","ocean_post_title_background":0,"ocean_post_title_bg_image_position":"","ocean_post_title_bg_image_attachment":"","ocean_post_title_bg_image_repeat":"","ocean_post_title_bg_image_size":"","ocean_post_title_height":0,"ocean_post_title_bg_overlay":0.5,"ocean_post_title_bg_overlay_color":"","ocean_disable_breadcrumbs":"default","ocean_breadcrumbs_color":"","ocean_breadcrumbs_separator_color":"","ocean_breadcrumbs_links_color":"","ocean_breadcrumbs_links_hover_color":"","ocean_display_footer_widgets":"default","ocean_display_footer_bottom":"default","ocean_custom_footer_template":"","footnotes":""},"class_list":["post-5","page","type-page","status-publish","hentry","entry"],"_links":{"self":[{"href":"https:\/\/cyberawareness.sk\/en\/wp-json\/wp\/v2\/pages\/5","targetHints":{"allow":["GET"]}}],"collection":[{"href":"https:\/\/cyberawareness.sk\/en\/wp-json\/wp\/v2\/pages"}],"about":[{"href":"https:\/\/cyberawareness.sk\/en\/wp-json\/wp\/v2\/types\/page"}],"author":[{"embeddable":true,"href":"https:\/\/cyberawareness.sk\/en\/wp-json\/wp\/v2\/users\/1"}],"replies":[{"embeddable":true,"href":"https:\/\/cyberawareness.sk\/en\/wp-json\/wp\/v2\/comments?post=5"}],"version-history":[{"count":80,"href":"https:\/\/cyberawareness.sk\/en\/wp-json\/wp\/v2\/pages\/5\/revisions"}],"predecessor-version":[{"id":1368,"href":"https:\/\/cyberawareness.sk\/en\/wp-json\/wp\/v2\/pages\/5\/revisions\/1368"}],"wp:attachment":[{"href":"https:\/\/cyberawareness.sk\/en\/wp-json\/wp\/v2\/media?parent=5"}],"curies":[{"name":"wp","href":"https:\/\/api.w.org\/{rel}","templated":true}]}}