{"id":356,"date":"2022-05-16T10:08:16","date_gmt":"2022-05-16T08:08:16","guid":{"rendered":"https:\/\/cyberawareness.sk\/?page_id=356"},"modified":"2022-10-10T23:55:10","modified_gmt":"2022-10-10T21:55:10","slug":"cybersecurityday","status":"publish","type":"page","link":"https:\/\/cyberawareness.sk\/en\/cybersecurityday\/","title":{"rendered":"Spring CyberSecurityDay 2022"},"content":{"rendered":"<div class=\"wp-block-media-text alignwide is-stacked-on-mobile\" style=\"grid-template-columns:42% auto\"><figure class=\"wp-block-media-text__media\"><img fetchpriority=\"high\" decoding=\"async\" width=\"1024\" height=\"768\" src=\"https:\/\/cyberawareness.sk\/wp-content\/uploads\/2022\/05\/csd_3.jpg\" alt=\"\" class=\"wp-image-390 size-full\" srcset=\"https:\/\/cyberawareness.sk\/wp-content\/uploads\/2022\/05\/csd_3.jpg 1024w, https:\/\/cyberawareness.sk\/wp-content\/uploads\/2022\/05\/csd_3-300x225.jpg 300w, https:\/\/cyberawareness.sk\/wp-content\/uploads\/2022\/05\/csd_3-768x576.jpg 768w\" sizes=\"(max-width: 1024px) 100vw, 1024px\" \/><\/figure><div class=\"wp-block-media-text__content\">\n<p class=\"has-text-color\" style=\"color:#004c9e;font-size:26px\"><strong><em>Zauj\u00edma \u0164a bezpe\u010dnos\u0165? Anal\u00fdza d\u00e1t? Ako sa br\u00e1ni\u0165 vo\u010di kybernetick\u00fdm hrozb\u00e1m? Ako bezpe\u010dne programova\u0165?<\/em><\/strong><\/p>\n\n\n\n<br>\n\n\n\n<p class=\"has-text-color\" style=\"color:#004c9e;font-size:26px\"><strong><em>Pr\u00ed\u010f k n\u00e1m a vysk\u00fa\u0161aj si praktick\u00e9 workshopy a spoznaj nov\u00fdch \u013eud\u00ed.<\/em><\/strong><\/p>\n<\/div><\/div>\n\n\n\n<br>\n\n\n\n<h4 class=\"has-text-color wp-block-heading\" style=\"color:#004c9e\"><strong>TERM\u00cdN<\/strong><\/h4>\n\n\n\n<p class=\"has-text-color\" style=\"color:#004c9e\">Sobota <strong>4.6.2022<\/strong><\/p>\n\n\n\n<br>\n\n\n\n<h4 class=\"has-text-color wp-block-heading\" style=\"color:#004c9e\"><strong>MIESTO<\/strong> KONANIA<\/h4>\n\n\n\n<p class=\"has-text-color\" style=\"color:#004c9e\">Jesenn\u00e1 5, 040 01 Ko\u0161ice<\/p>\n\n\n\n<br>\n\n\n\n<h4 class=\"has-text-color wp-block-heading\" style=\"color:#004c9e\"><strong>HARMONOGRAM <\/strong>PODUJATIA<\/h4>\n\n\n\n<br>\n\n\n\n<p class=\"has-text-color\" style=\"color:#004c9e\"><strong>08:30 &#8211; 09:00<\/strong> &#8211; Registr\u00e1cia<br><strong>09:00 &#8211; 09:10<\/strong> &#8211; \u00davodn\u00e9 priv\u00edtanie<br><strong>09:10 &#8211; 09:50<\/strong> &#8211; Predn\u00e1\u0161ka: <strong>Can you outsmart a hacker? <\/strong>(Ter\u00e9zia M\u00e9ze\u0161ov\u00e1, Siemens Healthineers)<\/p>\n\n\n\n<br>\n\n\n\n<p class=\"has-text-color\" style=\"color:#004c9e\"><strong>10:00 &#8211; 11:00<\/strong> &#8211; <strong>1st workshop <\/strong>(v\u00fdber zo 4 workshopov uveden\u00fdch ni\u017e\u0161ie)<br><strong>11:00 &#8211; 11:10<\/strong>  &#8211; Prest\u00e1vka<br><strong>11:10 &#8211; 12:10<\/strong>  &#8211; <strong>2nd workshop<\/strong> (v\u00fdber zo 4 workshopov uveden\u00fdch ni\u017e\u0161ie)<\/p>\n\n\n\n<br>\n\n\n\n<p class=\"has-text-color\" style=\"color:#004c9e\"><strong>12:10 &#8211; 13:00<\/strong> &#8211;<strong> Lunch <\/strong><\/p>\n\n\n\n<p class=\"has-text-color\" style=\"color:#004c9e\"><strong>13:00 &#8211; 14:00<\/strong> &#8211; <strong>Pub Quiz<\/strong> (s\u00fa\u0165a\u017e o zauj\u00edmav\u00e9 ceny nielen z oblasti informatiky)<\/p>\n\n\n\n<br>\n\n\n\n<p class=\"has-text-color\" style=\"color:#004c9e\"><strong>14:00<\/strong> &#8211; <strong>&#8222;Rekrea\u010dn\u00e1 informatika&#8220;<\/strong> &#8211; lietanie s dronmi, spolo\u010densk\u00e9 hry, stoln\u00fd futbal, \u0161tudentsk\u00e9 projekty, pokec nie len o \u0161t\u00fadiu informatiky<\/p>\n\n\n\n<br>\n\n\n\n<br>\n\n\n\n<h4 class=\"has-text-color wp-block-heading\" style=\"color:#004c9e\">PREDN\u00c1\u0160KA <strong>A<\/strong> WORKSHOPY<\/h4>\n\n\n\n<br>\n\n\n\n<p class=\"has-text-color\" style=\"color:#004c9f\"><strong>Can you outsmart a hacker? <\/strong>(Ter\u00e9zia M\u00e9ze\u0161ov\u00e1, Siemens Healthineers)<\/p>\n\n\n\n<p class=\"has-text-color\" style=\"color:#004c9f\">Abstrakt: Ka\u017ed\u00fd z n\u00e1s je denne v kontakte s rozli\u010dn\u00fdmi aplik\u00e1ciami. U\u010d\u00edme sa cez ne, sme v kontakte s kamar\u00e1tmi, pou\u017e\u00edvame ich na z\u00e1bavu, ale aj na sledovanie ko\u013eko krokov sme spravili alebo ako dlho sme spali. V\u0161etky tieto \u00fadaje s\u00fa zauj\u00edmav\u00fdm cie\u013eom pre hekerov, aby ich spe\u0148a\u017eili alebo pou\u017eili vo\u010di n\u00e1m. Preto je d\u00f4le\u017eit\u00e9, aby sme si ako program\u00e1tori pri ich v\u00fdvoji dali z\u00e1le\u017ea\u0165. Spolu si povieme, \u010do m\u00f4\u017eeme urobi\u0165 aby sme hackerov predbehli a s\u0165a\u017eili im zneu\u017eitie na\u0161ej aplik\u00e1cie \u010do najviac.<\/p>\n\n\n\n<br>\n\n\n\n<ul class=\"has-text-color wp-block-list\" style=\"color:#004c9e\"><li><strong>Fraudulent Message Analysis<\/strong> &#8211; v r\u00e1mci workshopu sa bli\u017e\u0161ie pozrieme na re\u00e1lne podvodn\u00e9 spr\u00e1vy. \u00da\u010dastn\u00edci si vysk\u00fa\u0161aj\u00fa pr\u00e1cu bezpe\u010dnostn\u00e9ho analytika a bud\u00fa analyzova\u0165 hlavi\u010dky podvodn\u00fdch spr\u00e1v, obsah ako aj \u0161kodliv\u00e9 odkazy a pr\u00edlohy.<\/li><\/ul>\n\n\n\n<br>\n\n\n\n<ul class=\"has-text-color wp-block-list\" style=\"color:#004c9e\"><li><strong>Network forensics<\/strong> &#8211; v r\u00e1mci workshopu si \u00fa\u010dastn\u00edci vysk\u00fa\u0161aj\u00fa anal\u00fdzu sie\u0165ovej komunik\u00e1cie, obozn\u00e1mia sa zo z\u00e1kladn\u00fdmi n\u00e1strojmi pre t\u00fato anal\u00fdzu. V r\u00e1mci workshopu sa bude analyzova\u0165 komunik\u00e1cia kompromitovan\u00e9ho zariadenia s \u00fato\u010dn\u00edkom.<\/li><\/ul>\n\n\n\n<br>\n\n\n\n<ul class=\"has-text-color wp-block-list\" style=\"color:#004c9e\"><li><strong>How to respond to a security incident (malware)<\/strong> &#8211; \u010das zohr\u00e1va v\u00fdznamn\u00fa rolu pri reakcii na bezpe\u010dnostn\u00fd incident. Ako r\u00fdchlo identifikova\u0165 malv\u00e9r v zariaden\u00ed je d\u00f4le\u017eitou \u00falohou bezpe\u010dnostn\u00fdch analytikov.<\/li><\/ul>\n\n\n\n<br>\n\n\n\n<ul class=\"has-text-color wp-block-list\" style=\"color:#004c9e\"><li><strong>Autonomous vehicles and artificial intelligence methods<\/strong> &#8211; v r\u00e1mci workshopu si predstav\u00edme met\u00f3dy umelej inteligencie a ich vyu\u017eitie pri riaden\u00ed auton\u00f3mnych vozidiel. V praktickej \u010dasti si vytvor\u00edme model neur\u00f3novej siete, ktor\u00fdm je mo\u017en\u00e9 klasifikova\u0165 fotografie alebo obr\u00e1zky pod\u013ea typu automobilu.<\/li><\/ul>\n\n\n\n<br>\n\n\n\n<p class=\"has-text-color\" style=\"color:#004c9f\"><strong>MAPA<\/strong><\/p>\n\n\n\n<div class=\"wp-block-webfactory-map\"><div class=\"wp-block-webfactory-map\"><iframe width=\"100%\" height=\"516px\" src=\"https:\/\/www.google.com\/maps\/embed\/v1\/place?q=Jesenn%C3%A1%205%2C%20040%2001%20Ko%C5%A1ice&amp;maptype=roadmap&amp;zoom=16&amp;key=AIzaSyAjyDspiPfzEfjRSS5fQzm-3jHFjHxeXB4\" frameborder=\"0\"><\/iframe><\/div><\/div>\n\n\n\n<p><\/p>","protected":false},"excerpt":{"rendered":"<p>Zauj\u00edma \u0164a bezpe\u010dnos\u0165? Anal\u00fdza d\u00e1t? Ako sa br\u00e1ni\u0165 vo\u010di kybernetick\u00fdm hrozb\u00e1m? Ako bezpe\u010dne programova\u0165? Pr\u00ed\u010f k n\u00e1m a vysk\u00fa\u0161aj si praktick\u00e9 workshopy a spoznaj nov\u00fdch \u013eud\u00ed. TERM\u00cdN Sobota 4.6.2022 MIESTO KONANIA Jesenn\u00e1 5, 040 01 Ko\u0161ice HARMONOGRAM PODUJATIA 08:30 &#8211; 09:00 &#8211; Registr\u00e1cia09:00 &#8211; 09:10 &#8211; \u00davodn\u00e9 priv\u00edtanie09:10 &#8211; 09:50 &#8211; Predn\u00e1\u0161ka: Vie\u0161 predbehn\u00fa\u0165 hekera? [&hellip;]<\/p>\n","protected":false},"author":1,"featured_media":526,"parent":0,"menu_order":0,"comment_status":"closed","ping_status":"closed","template":"","meta":{"ocean_post_layout":"","ocean_both_sidebars_style":"","ocean_both_sidebars_content_width":0,"ocean_both_sidebars_sidebars_width":0,"ocean_sidebar":"","ocean_second_sidebar":"","ocean_disable_margins":"enable","ocean_add_body_class":"","ocean_shortcode_before_top_bar":"","ocean_shortcode_after_top_bar":"","ocean_shortcode_before_header":"","ocean_shortcode_after_header":"","ocean_has_shortcode":"","ocean_shortcode_after_title":"","ocean_shortcode_before_footer_widgets":"","ocean_shortcode_after_footer_widgets":"","ocean_shortcode_before_footer_bottom":"","ocean_shortcode_after_footer_bottom":"","ocean_display_top_bar":"default","ocean_display_header":"default","ocean_header_style":"","ocean_center_header_left_menu":"","ocean_custom_header_template":"","ocean_custom_logo":0,"ocean_custom_retina_logo":0,"ocean_custom_logo_max_width":0,"ocean_custom_logo_tablet_max_width":0,"ocean_custom_logo_mobile_max_width":0,"ocean_custom_logo_max_height":0,"ocean_custom_logo_tablet_max_height":0,"ocean_custom_logo_mobile_max_height":0,"ocean_header_custom_menu":"","ocean_menu_typo_font_family":"","ocean_menu_typo_font_subset":"","ocean_menu_typo_font_size":0,"ocean_menu_typo_font_size_tablet":0,"ocean_menu_typo_font_size_mobile":0,"ocean_menu_typo_font_size_unit":"px","ocean_menu_typo_font_weight":"","ocean_menu_typo_font_weight_tablet":"","ocean_menu_typo_font_weight_mobile":"","ocean_menu_typo_transform":"","ocean_menu_typo_transform_tablet":"","ocean_menu_typo_transform_mobile":"","ocean_menu_typo_line_height":0,"ocean_menu_typo_line_height_tablet":0,"ocean_menu_typo_line_height_mobile":0,"ocean_menu_typo_line_height_unit":"","ocean_menu_typo_spacing":0,"ocean_menu_typo_spacing_tablet":0,"ocean_menu_typo_spacing_mobile":0,"ocean_menu_typo_spacing_unit":"","ocean_menu_link_color":"","ocean_menu_link_color_hover":"","ocean_menu_link_color_active":"","ocean_menu_link_background":"","ocean_menu_link_hover_background":"","ocean_menu_link_active_background":"","ocean_menu_social_links_bg":"","ocean_menu_social_hover_links_bg":"","ocean_menu_social_links_color":"","ocean_menu_social_hover_links_color":"","ocean_disable_title":"default","ocean_disable_heading":"default","ocean_post_title":"","ocean_post_subheading":"","ocean_post_title_style":"","ocean_post_title_background_color":"","ocean_post_title_background":0,"ocean_post_title_bg_image_position":"","ocean_post_title_bg_image_attachment":"","ocean_post_title_bg_image_repeat":"","ocean_post_title_bg_image_size":"","ocean_post_title_height":0,"ocean_post_title_bg_overlay":0.5,"ocean_post_title_bg_overlay_color":"","ocean_disable_breadcrumbs":"default","ocean_breadcrumbs_color":"","ocean_breadcrumbs_separator_color":"","ocean_breadcrumbs_links_color":"","ocean_breadcrumbs_links_hover_color":"","ocean_display_footer_widgets":"default","ocean_display_footer_bottom":"default","ocean_custom_footer_template":"","footnotes":""},"class_list":["post-356","page","type-page","status-publish","has-post-thumbnail","hentry","entry","has-media"],"_links":{"self":[{"href":"https:\/\/cyberawareness.sk\/en\/wp-json\/wp\/v2\/pages\/356","targetHints":{"allow":["GET"]}}],"collection":[{"href":"https:\/\/cyberawareness.sk\/en\/wp-json\/wp\/v2\/pages"}],"about":[{"href":"https:\/\/cyberawareness.sk\/en\/wp-json\/wp\/v2\/types\/page"}],"author":[{"embeddable":true,"href":"https:\/\/cyberawareness.sk\/en\/wp-json\/wp\/v2\/users\/1"}],"replies":[{"embeddable":true,"href":"https:\/\/cyberawareness.sk\/en\/wp-json\/wp\/v2\/comments?post=356"}],"version-history":[{"count":37,"href":"https:\/\/cyberawareness.sk\/en\/wp-json\/wp\/v2\/pages\/356\/revisions"}],"predecessor-version":[{"id":1137,"href":"https:\/\/cyberawareness.sk\/en\/wp-json\/wp\/v2\/pages\/356\/revisions\/1137"}],"wp:featuredmedia":[{"embeddable":true,"href":"https:\/\/cyberawareness.sk\/en\/wp-json\/wp\/v2\/media\/526"}],"wp:attachment":[{"href":"https:\/\/cyberawareness.sk\/en\/wp-json\/wp\/v2\/media?parent=356"}],"curies":[{"name":"wp","href":"https:\/\/api.w.org\/{rel}","templated":true}]}}