{"id":1746,"date":"2024-03-23T18:08:16","date_gmt":"2024-03-23T17:08:16","guid":{"rendered":"https:\/\/cyberawareness.sk\/?page_id=1746"},"modified":"2024-06-03T19:00:06","modified_gmt":"2024-06-03T17:00:06","slug":"sustredenie-pre-stredoskolske-kybertimy-2024","status":"publish","type":"page","link":"https:\/\/cyberawareness.sk\/en\/sustredenie-pre-stredoskolske-kybertimy-2024\/","title":{"rendered":"High shcool cyberteams bootcamp"},"content":{"rendered":"<div data-elementor-type=\"wp-page\" data-elementor-id=\"1746\" class=\"elementor elementor-1746\">\n\t\t\t\t<div class=\"elementor-element elementor-element-0dbe076 e-flex e-con-boxed e-con e-parent\" data-id=\"0dbe076\" data-element_type=\"container\" data-e-type=\"container\" data-settings=\"{&quot;background_background&quot;:&quot;classic&quot;}\">\n\t\t\t\t\t<div class=\"e-con-inner\">\n\t\t<div class=\"elementor-element elementor-element-d7c6a74 e-flex e-con-boxed e-con e-child\" data-id=\"d7c6a74\" data-element_type=\"container\" data-e-type=\"container\">\n\t\t\t\t\t<div class=\"e-con-inner\">\n\t\t\t\t<div class=\"elementor-element elementor-element-0760f2a elementor-widget elementor-widget-spacer\" data-id=\"0760f2a\" data-element_type=\"widget\" data-e-type=\"widget\" data-widget_type=\"spacer.default\">\n\t\t\t\t<div class=\"elementor-widget-container\">\n\t\t\t\t\t\t\t<div class=\"elementor-spacer\">\n\t\t\t<div class=\"elementor-spacer-inner\"><\/div>\n\t\t<\/div>\n\t\t\t\t\t\t<\/div>\n\t\t\t\t<\/div>\n\t\t\t\t<div class=\"elementor-element elementor-element-b1cbd28 elementor-widget elementor-widget-heading\" data-id=\"b1cbd28\" data-element_type=\"widget\" data-e-type=\"widget\" data-widget_type=\"heading.default\">\n\t\t\t\t<div class=\"elementor-widget-container\">\n\t\t\t\t\t<h2 class=\"elementor-heading-title elementor-size-default\">High shcool cyberteams bootcamp<\/h2>\t\t\t\t<\/div>\n\t\t\t\t<\/div>\n\t\t\t\t<div class=\"elementor-element elementor-element-0d96ee1 elementor-widget elementor-widget-heading\" data-id=\"0d96ee1\" data-element_type=\"widget\" data-e-type=\"widget\" data-widget_type=\"heading.default\">\n\t\t\t\t<div class=\"elementor-widget-container\">\n\t\t\t\t\t<h3 class=\"elementor-heading-title elementor-size-default\">2nd annual<\/h3>\t\t\t\t<\/div>\n\t\t\t\t<\/div>\n\t\t\t\t<div class=\"elementor-element elementor-element-e56927e elementor-widget elementor-widget-heading\" data-id=\"e56927e\" data-element_type=\"widget\" data-e-type=\"widget\" data-widget_type=\"heading.default\">\n\t\t\t\t<div class=\"elementor-widget-container\">\n\t\t\t\t\t<h3 class=\"elementor-heading-title elementor-size-default\">19. - 21. 4.  2024<\/h3>\t\t\t\t<\/div>\n\t\t\t\t<\/div>\n\t\t\t\t<div class=\"elementor-element elementor-element-9eda6f0 elementor-widget elementor-widget-text-editor\" data-id=\"9eda6f0\" data-element_type=\"widget\" data-e-type=\"widget\" data-widget_type=\"text-editor.default\">\n\t\t\t\t<div class=\"elementor-widget-container\">\n\t\t\t\t\t\t\t\t\t<p>UPJS education and training center <br \/>Dani\u0161ovce (region Spi\u0161sk\u00e1 Nov\u00e1 Ves)<\/p>\t\t\t\t\t\t\t\t<\/div>\n\t\t\t\t<\/div>\n\t\t\t\t<div class=\"elementor-element elementor-element-d3836ae elementor-widget elementor-widget-spacer\" data-id=\"d3836ae\" data-element_type=\"widget\" data-e-type=\"widget\" data-widget_type=\"spacer.default\">\n\t\t\t\t<div class=\"elementor-widget-container\">\n\t\t\t\t\t\t\t<div class=\"elementor-spacer\">\n\t\t\t<div class=\"elementor-spacer-inner\"><\/div>\n\t\t<\/div>\n\t\t\t\t\t\t<\/div>\n\t\t\t\t<\/div>\n\t\t\t\t\t<\/div>\n\t\t\t\t<\/div>\n\t\t<div class=\"elementor-element elementor-element-21aa2d0 e-flex e-con-boxed e-con e-child\" data-id=\"21aa2d0\" data-element_type=\"container\" data-e-type=\"container\">\n\t\t\t\t\t<div class=\"e-con-inner\">\n\t\t\t\t\t<\/div>\n\t\t\t\t<\/div>\n\t\t\t\t\t<\/div>\n\t\t\t\t<\/div>\n\t\t<div class=\"elementor-element elementor-element-87736eb e-flex e-con-boxed e-con e-parent\" data-id=\"87736eb\" data-element_type=\"container\" data-e-type=\"container\">\n\t\t\t\t\t<div class=\"e-con-inner\">\n\t\t\t\t<div class=\"elementor-element elementor-element-86f2f05 elementor-widget elementor-widget-text-editor\" data-id=\"86f2f05\" data-element_type=\"widget\" data-e-type=\"widget\" data-widget_type=\"text-editor.default\">\n\t\t\t\t<div class=\"elementor-widget-container\">\n\t\t\t\t\t\t\t\t\t<b>Bootcamp is intended for high school students and teachers involved in the project <span style=\"color:#0C3A76\">Learn the basics of information security and educate your community<\/span>.<\/b>\t\t\t\t\t\t\t\t<\/div>\n\t\t\t\t<\/div>\n\t\t\t\t<div class=\"elementor-element elementor-element-84a5673 elementor-widget elementor-widget-text-editor\" data-id=\"84a5673\" data-element_type=\"widget\" data-e-type=\"widget\" data-widget_type=\"text-editor.default\">\n\t\t\t\t<div class=\"elementor-widget-container\">\n\t\t\t\t\t\t\t\t\t<p style=\"text-align: left;\">The goal of the intensive training is building relationships among cyber teams and exchange of knowledge and experience. At the same time, the teams have an opportunity to try several practical workshops under the supervision of CSIRT-UPJS cybersecurity team members. And the well-known CyberGame cannot miss at this event.<\/p>\t\t\t\t\t\t\t\t<\/div>\n\t\t\t\t<\/div>\n\t\t<div class=\"elementor-element elementor-element-eceb3f5 e-flex e-con-boxed e-con e-child\" data-id=\"eceb3f5\" data-element_type=\"container\" data-e-type=\"container\">\n\t\t\t\t\t<div class=\"e-con-inner\">\n\t\t\t\t<div class=\"elementor-element elementor-element-b573308 elementor-align-left elementor-widget elementor-widget-button\" data-id=\"b573308\" data-element_type=\"widget\" data-e-type=\"widget\" data-widget_type=\"button.default\">\n\t\t\t\t<div class=\"elementor-widget-container\">\n\t\t\t\t\t\t\t\t\t<div class=\"elementor-button-wrapper\">\n\t\t\t\t\t<a class=\"elementor-button elementor-button-link elementor-size-sm\" href=\"https:\/\/cyberawareness.sk\/en\/projekt-nauc-sa-zaklady-informacnej-bezpecnosti-a-vzdelavaj-svoje-okolie\/\">\n\t\t\t\t\t\t<span class=\"elementor-button-content-wrapper\">\n\t\t\t\t\t\t\t\t\t<span class=\"elementor-button-text\">About the project<\/span>\n\t\t\t\t\t<\/span>\n\t\t\t\t\t<\/a>\n\t\t\t\t<\/div>\n\t\t\t\t\t\t\t\t<\/div>\n\t\t\t\t<\/div>\n\t\t\t\t<div class=\"elementor-element elementor-element-f10bcb1 elementor-align-left elementor-widget elementor-widget-button\" data-id=\"f10bcb1\" data-element_type=\"widget\" data-e-type=\"widget\" data-widget_type=\"button.default\">\n\t\t\t\t<div class=\"elementor-widget-container\">\n\t\t\t\t\t\t\t\t\t<div class=\"elementor-button-wrapper\">\n\t\t\t\t\t<a class=\"elementor-button elementor-button-link elementor-size-sm\" href=\"https:\/\/cyberawareness.sk\/en\/galeria-ziackych-prac-2024\/\">\n\t\t\t\t\t\t<span class=\"elementor-button-content-wrapper\">\n\t\t\t\t\t\t\t\t\t<span class=\"elementor-button-text\">Activity gallery<\/span>\n\t\t\t\t\t<\/span>\n\t\t\t\t\t<\/a>\n\t\t\t\t<\/div>\n\t\t\t\t\t\t\t\t<\/div>\n\t\t\t\t<\/div>\n\t\t\t\t\t<\/div>\n\t\t\t\t<\/div>\n\t\t\t\t<div class=\"elementor-element elementor-element-657ba64 elementor-widget elementor-widget-spacer\" data-id=\"657ba64\" data-element_type=\"widget\" data-e-type=\"widget\" data-widget_type=\"spacer.default\">\n\t\t\t\t<div class=\"elementor-widget-container\">\n\t\t\t\t\t\t\t<div class=\"elementor-spacer\">\n\t\t\t<div class=\"elementor-spacer-inner\"><\/div>\n\t\t<\/div>\n\t\t\t\t\t\t<\/div>\n\t\t\t\t<\/div>\n\t\t\t\t<div class=\"elementor-element elementor-element-63abb42 elementor-pagination-position-outside elementor-widget elementor-widget-image-carousel\" data-id=\"63abb42\" data-element_type=\"widget\" data-e-type=\"widget\" data-settings=\"{&quot;slides_to_show&quot;:&quot;1&quot;,&quot;navigation&quot;:&quot;dots&quot;,&quot;autoplay&quot;:&quot;yes&quot;,&quot;pause_on_hover&quot;:&quot;yes&quot;,&quot;pause_on_interaction&quot;:&quot;yes&quot;,&quot;autoplay_speed&quot;:5000,&quot;infinite&quot;:&quot;yes&quot;,&quot;effect&quot;:&quot;slide&quot;,&quot;speed&quot;:500}\" data-widget_type=\"image-carousel.default\">\n\t\t\t\t<div class=\"elementor-widget-container\">\n\t\t\t\t\t\t\t<div class=\"elementor-image-carousel-wrapper swiper\" role=\"region\" aria-roledescription=\"carousel\" aria-label=\"Image Carousel\" dir=\"ltr\">\n\t\t\t<div class=\"elementor-image-carousel swiper-wrapper\" aria-live=\"off\">\n\t\t\t\t\t\t\t\t<div class=\"swiper-slide\" role=\"group\" aria-roledescription=\"slide\" aria-label=\"1 of 3\" data-no-translation-aria-label=\"\"><figure class=\"swiper-slide-inner\"><img decoding=\"async\" class=\"swiper-slide-image\" src=\"https:\/\/cyberawareness.sk\/wp-content\/uploads\/2024\/04\/9.jpg\" alt=\"9\" \/><\/figure><\/div><div class=\"swiper-slide\" role=\"group\" aria-roledescription=\"slide\" aria-label=\"2 of 3\" data-no-translation-aria-label=\"\"><figure class=\"swiper-slide-inner\"><img decoding=\"async\" class=\"swiper-slide-image\" src=\"https:\/\/cyberawareness.sk\/wp-content\/uploads\/2024\/04\/10.jpg\" alt=\"10\" \/><\/figure><\/div><div class=\"swiper-slide\" role=\"group\" aria-roledescription=\"slide\" aria-label=\"3 of 3\" data-no-translation-aria-label=\"\"><figure class=\"swiper-slide-inner\"><img decoding=\"async\" class=\"swiper-slide-image\" src=\"https:\/\/cyberawareness.sk\/wp-content\/uploads\/2024\/04\/8.jpg\" alt=\"8\" \/><\/figure><\/div>\t\t\t<\/div>\n\t\t\t\t\t\t\t\n\t\t\t\t\t\t\t\t\t<div class=\"swiper-pagination\"><\/div>\n\t\t\t\t\t\t\t\t\t<\/div>\n\t\t\t\t\t\t<\/div>\n\t\t\t\t<\/div>\n\t\t\t\t\t<\/div>\n\t\t\t\t<\/div>\n\t\t<div class=\"elementor-element elementor-element-43323be e-flex e-con-boxed e-con e-parent\" data-id=\"43323be\" data-element_type=\"container\" data-e-type=\"container\">\n\t\t\t\t\t<div class=\"e-con-inner\">\n\t\t\t\t<div class=\"elementor-element elementor-element-31543a2 elementor-widget elementor-widget-spacer\" data-id=\"31543a2\" data-element_type=\"widget\" data-e-type=\"widget\" data-widget_type=\"spacer.default\">\n\t\t\t\t<div class=\"elementor-widget-container\">\n\t\t\t\t\t\t\t<div class=\"elementor-spacer\">\n\t\t\t<div class=\"elementor-spacer-inner\"><\/div>\n\t\t<\/div>\n\t\t\t\t\t\t<\/div>\n\t\t\t\t<\/div>\n\t\t\t\t<div class=\"elementor-element elementor-element-255c174 elementor-widget-laptop__width-initial elementor-widget elementor-widget-heading\" data-id=\"255c174\" data-element_type=\"widget\" data-e-type=\"widget\" data-widget_type=\"heading.default\">\n\t\t\t\t<div class=\"elementor-widget-container\">\n\t\t\t\t\t<h3 class=\"elementor-heading-title elementor-size-default\">Agenda<\/h3>\t\t\t\t<\/div>\n\t\t\t\t<\/div>\n\t\t\t\t<div class=\"elementor-element elementor-element-d8b8f9b elementor-widget elementor-widget-text-editor\" data-id=\"d8b8f9b\" data-element_type=\"widget\" data-e-type=\"widget\" data-widget_type=\"text-editor.default\">\n\t\t\t\t<div class=\"elementor-widget-container\">\n\t\t\t\t\t\t\t\t\t<p style=\"text-align: center;\">Introduction of high school cyberteams and their activities<br \/>Teams' work evaluation<br \/>Incident response<br \/>Personal data protection<br \/>OSINT preparation<br \/>Digital evidence gathering<br \/>Social engineering<br \/>Pub quiz<\/p>\t\t\t\t\t\t\t\t<\/div>\n\t\t\t\t<\/div>\n\t\t\t\t\t<\/div>\n\t\t\t\t<\/div>\n\t\t<div class=\"elementor-element elementor-element-4760d47 e-flex e-con-boxed e-con e-parent\" data-id=\"4760d47\" data-element_type=\"container\" data-e-type=\"container\">\n\t\t\t\t\t<div class=\"e-con-inner\">\n\t\t\t\t<div class=\"elementor-element elementor-element-9dc6b48 elementor-widget elementor-widget-spacer\" data-id=\"9dc6b48\" data-element_type=\"widget\" data-e-type=\"widget\" data-widget_type=\"spacer.default\">\n\t\t\t\t<div class=\"elementor-widget-container\">\n\t\t\t\t\t\t\t<div class=\"elementor-spacer\">\n\t\t\t<div class=\"elementor-spacer-inner\"><\/div>\n\t\t<\/div>\n\t\t\t\t\t\t<\/div>\n\t\t\t\t<\/div>\n\t\t\t\t<div class=\"elementor-element elementor-element-73986a5 elementor-widget elementor-widget-heading\" data-id=\"73986a5\" data-element_type=\"widget\" data-e-type=\"widget\" data-widget_type=\"heading.default\">\n\t\t\t\t<div class=\"elementor-widget-container\">\n\t\t\t\t\t<h3 class=\"elementor-heading-title elementor-size-default\">Project support <\/h3>\t\t\t\t<\/div>\n\t\t\t\t<\/div>\n\t\t\t\t<div class=\"elementor-element elementor-element-d433271 elementor-widget elementor-widget-text-editor\" data-id=\"d433271\" data-element_type=\"widget\" data-e-type=\"widget\" data-widget_type=\"text-editor.default\">\n\t\t\t\t<div class=\"elementor-widget-container\">\n\t\t\t\t\t\t\t\t\t<p>The budget for the Summer School of Cybercrime covers the costs of student and lecturer accommodation, meals, and materials. We are grateful to our partners for their generous support, which helps us to make this program possible.<\/p>\t\t\t\t\t\t\t\t<\/div>\n\t\t\t\t<\/div>\n\t\t\t\t<div class=\"elementor-element elementor-element-b0b8b45 gallery-spacing-custom elementor-widget elementor-widget-image-gallery\" data-id=\"b0b8b45\" data-element_type=\"widget\" data-e-type=\"widget\" data-widget_type=\"image-gallery.default\">\n\t\t\t\t<div class=\"elementor-widget-container\">\n\t\t\t\t\t\t\t<div class=\"elementor-image-gallery\">\n\t\t\t<div id='gallery-1' class='gallery galleryid-1746 gallery-columns-6 gallery-size-full'><figure class='gallery-item'>\n\t\t\t<div class='gallery-icon landscape'>\n\t\t\t\t<a data-elementor-open-lightbox=\"yes\" data-elementor-lightbox-slideshow=\"b0b8b45\" data-elementor-lightbox-title=\"csirt-logo420-250\" data-e-action-hash=\"#elementor-action%3Aaction%3Dlightbox%26settings%3DeyJpZCI6MTMxMywidXJsIjoiaHR0cHM6XC9cL2N5YmVyYXdhcmVuZXNzLnNrXC93cC1jb250ZW50XC91cGxvYWRzXC8yMDIzXC8xMFwvY3NpcnQtbG9nbzQyMC0yNTAuanBnIiwic2xpZGVzaG93IjoiYjBiOGI0NSJ9\" href='https:\/\/cyberawareness.sk\/wp-content\/uploads\/2023\/10\/csirt-logo420-250.jpg'><img fetchpriority=\"high\" decoding=\"async\" width=\"420\" height=\"250\" src=\"https:\/\/cyberawareness.sk\/wp-content\/uploads\/2023\/10\/csirt-logo420-250.jpg\" class=\"attachment-full size-full\" alt=\"\" srcset=\"https:\/\/cyberawareness.sk\/wp-content\/uploads\/2023\/10\/csirt-logo420-250.jpg 420w, https:\/\/cyberawareness.sk\/wp-content\/uploads\/2023\/10\/csirt-logo420-250-300x179.jpg 300w\" sizes=\"(max-width: 420px) 100vw, 420px\" \/><\/a>\n\t\t\t<\/div><\/figure><figure class='gallery-item'>\n\t\t\t<div class='gallery-icon landscape'>\n\t\t\t\t<a data-elementor-open-lightbox=\"yes\" data-elementor-lightbox-slideshow=\"b0b8b45\" data-elementor-lightbox-title=\"2560px-ESET_logo.svg\" data-e-action-hash=\"#elementor-action%3Aaction%3Dlightbox%26settings%3DeyJpZCI6MTI2NiwidXJsIjoiaHR0cHM6XC9cL2N5YmVyYXdhcmVuZXNzLnNrXC93cC1jb250ZW50XC91cGxvYWRzXC8yMDIzXC8wNlwvMjU2MHB4LUVTRVRfbG9nby5zdmdfLnBuZyIsInNsaWRlc2hvdyI6ImIwYjhiNDUifQ%3D%3D\" href='https:\/\/cyberawareness.sk\/wp-content\/uploads\/2023\/06\/2560px-ESET_logo.svg_.png'><img decoding=\"async\" width=\"2560\" height=\"1013\" src=\"https:\/\/cyberawareness.sk\/wp-content\/uploads\/2023\/06\/2560px-ESET_logo.svg_.png\" class=\"attachment-full size-full\" alt=\"\" srcset=\"https:\/\/cyberawareness.sk\/wp-content\/uploads\/2023\/06\/2560px-ESET_logo.svg_.png 2560w, https:\/\/cyberawareness.sk\/wp-content\/uploads\/2023\/06\/2560px-ESET_logo.svg_-300x119.png 300w, https:\/\/cyberawareness.sk\/wp-content\/uploads\/2023\/06\/2560px-ESET_logo.svg_-1024x405.png 1024w, https:\/\/cyberawareness.sk\/wp-content\/uploads\/2023\/06\/2560px-ESET_logo.svg_-768x304.png 768w, https:\/\/cyberawareness.sk\/wp-content\/uploads\/2023\/06\/2560px-ESET_logo.svg_-1536x608.png 1536w, https:\/\/cyberawareness.sk\/wp-content\/uploads\/2023\/06\/2560px-ESET_logo.svg_-2048x810.png 2048w, https:\/\/cyberawareness.sk\/wp-content\/uploads\/2023\/06\/2560px-ESET_logo.svg_-1232x488.png 1232w, https:\/\/cyberawareness.sk\/wp-content\/uploads\/2023\/06\/2560px-ESET_logo.svg_-1920x760.png 1920w\" sizes=\"(max-width: 2560px) 100vw, 2560px\" \/><\/a>\n\t\t\t<\/div><\/figure><figure class='gallery-item'>\n\t\t\t<div class='gallery-icon landscape'>\n\t\t\t\t<a data-elementor-open-lightbox=\"yes\" data-elementor-lightbox-slideshow=\"b0b8b45\" data-elementor-lightbox-title=\"PriF_color\" data-e-action-hash=\"#elementor-action%3Aaction%3Dlightbox%26settings%3DeyJpZCI6MTI2MCwidXJsIjoiaHR0cHM6XC9cL2N5YmVyYXdhcmVuZXNzLnNrXC93cC1jb250ZW50XC91cGxvYWRzXC8yMDIzXC8wNVwvUHJpRl9jb2xvci1lMTc1MTM3NTIxNzgwOC5wbmciLCJzbGlkZXNob3ciOiJiMGI4YjQ1In0%3D\" href='https:\/\/cyberawareness.sk\/wp-content\/uploads\/2023\/05\/PriF_color-e1751375217808.png'><img decoding=\"async\" width=\"110\" height=\"98\" src=\"https:\/\/cyberawareness.sk\/wp-content\/uploads\/2023\/05\/PriF_color-e1751375217808.png\" class=\"attachment-full size-full\" alt=\"PF UPJ\u0160\" \/><\/a>\n\t\t\t<\/div><\/figure><figure class='gallery-item'>\n\t\t\t<div class='gallery-icon landscape'>\n\t\t\t\t<a data-elementor-open-lightbox=\"yes\" data-elementor-lightbox-slideshow=\"b0b8b45\" data-elementor-lightbox-title=\"upjs_logo12\" data-e-action-hash=\"#elementor-action%3Aaction%3Dlightbox%26settings%3DeyJpZCI6MTUwLCJ1cmwiOiJodHRwczpcL1wvY3liZXJhd2FyZW5lc3Muc2tcL3dwLWNvbnRlbnRcL3VwbG9hZHNcLzIwMjJcLzA0XC91cGpzX2xvZ28xMi1lMTc1MTM3NTIwNDk4OC5qcGciLCJzbGlkZXNob3ciOiJiMGI4YjQ1In0%3D\" href='https:\/\/cyberawareness.sk\/wp-content\/uploads\/2022\/04\/upjs_logo12-e1751375204988.jpg'><img loading=\"lazy\" decoding=\"async\" width=\"110\" height=\"110\" src=\"https:\/\/cyberawareness.sk\/wp-content\/uploads\/2022\/04\/upjs_logo12-e1751375204988.jpg\" class=\"attachment-full size-full\" alt=\"\" aria-describedby=\"gallery-1-150\" \/><\/a>\n\t\t\t<\/div>\n\t\t\t\t<figcaption class='wp-caption-text gallery-caption' id='gallery-1-150'>\n\t\t\t\tPavol Jozef \u0160af\u00e1rik University in Ko\u0161ice\n\t\t\t\t<\/figcaption><\/figure><figure class='gallery-item'>\n\t\t\t<div class='gallery-icon landscape'>\n\t\t\t\t<a data-elementor-open-lightbox=\"yes\" data-elementor-lightbox-slideshow=\"b0b8b45\" data-elementor-lightbox-title=\"CGlogoCB_2024\" data-e-action-hash=\"#elementor-action%3Aaction%3Dlightbox%26settings%3DeyJpZCI6MjAzNCwidXJsIjoiaHR0cHM6XC9cL2N5YmVyYXdhcmVuZXNzLnNrXC93cC1jb250ZW50XC91cGxvYWRzXC8yMDI0XC8wNFwvQ0dsb2dvQ0JfMjAyNC5wbmciLCJzbGlkZXNob3ciOiJiMGI4YjQ1In0%3D\" href='https:\/\/cyberawareness.sk\/wp-content\/uploads\/2024\/04\/CGlogoCB_2024.png'><img loading=\"lazy\" decoding=\"async\" width=\"3543\" height=\"1181\" src=\"https:\/\/cyberawareness.sk\/wp-content\/uploads\/2024\/04\/CGlogoCB_2024.png\" class=\"attachment-full size-full\" alt=\"\" srcset=\"https:\/\/cyberawareness.sk\/wp-content\/uploads\/2024\/04\/CGlogoCB_2024.png 3543w, https:\/\/cyberawareness.sk\/wp-content\/uploads\/2024\/04\/CGlogoCB_2024-300x100.png 300w, https:\/\/cyberawareness.sk\/wp-content\/uploads\/2024\/04\/CGlogoCB_2024-1024x341.png 1024w, https:\/\/cyberawareness.sk\/wp-content\/uploads\/2024\/04\/CGlogoCB_2024-768x256.png 768w, https:\/\/cyberawareness.sk\/wp-content\/uploads\/2024\/04\/CGlogoCB_2024-1536x512.png 1536w, https:\/\/cyberawareness.sk\/wp-content\/uploads\/2024\/04\/CGlogoCB_2024-2048x683.png 2048w, https:\/\/cyberawareness.sk\/wp-content\/uploads\/2024\/04\/CGlogoCB_2024-18x6.png 18w\" sizes=\"(max-width: 3543px) 100vw, 3543px\" \/><\/a>\n\t\t\t<\/div><\/figure>\n\t\t<\/div>\n\t\t<\/div>\n\t\t\t\t\t\t<\/div>\n\t\t\t\t<\/div>\n\t\t\t\t<div class=\"elementor-element elementor-element-4e2d709 elementor-widget elementor-widget-spacer\" data-id=\"4e2d709\" data-element_type=\"widget\" data-e-type=\"widget\" data-widget_type=\"spacer.default\">\n\t\t\t\t<div class=\"elementor-widget-container\">\n\t\t\t\t\t\t\t<div class=\"elementor-spacer\">\n\t\t\t<div class=\"elementor-spacer-inner\"><\/div>\n\t\t<\/div>\n\t\t\t\t\t\t<\/div>\n\t\t\t\t<\/div>\n\t\t\t\t\t<\/div>\n\t\t\t\t<\/div>\n\t\t\t\t<\/div>","protected":false},"excerpt":{"rendered":"<p>S\u00fastredenie pre stredo\u0161kolsk\u00e9 kybert\u00edmy 2. ro\u010dn\u00edk 19. &#8211; 21. 4. 2024 U\u010debno-v\u00fdcvikov\u00e9 zariadenie UPJ\u0160, Dani\u0161ovce (okr. Spi\u0161sk\u00e1 Nov\u00e1 Ves) S\u00fastredenie je ur\u010den\u00e9 pre \u017eiakov stredn\u00fdch \u0161k\u00f4l a ich u\u010dite\u013eov zapojen\u00fdch do projektu Nau\u010d sa z\u00e1klady informa\u010dnej bezpe\u010dnosti a vzdel\u00e1vaj svoje okolie. Cie\u013eom s\u00fastredenia je nadviazanie vz\u0165ahov medzi jednotliv\u00fdmi bezpe\u010dnostn\u00fdmi t\u00edmami a v\u00fdmena ich poznatkov a [&hellip;]<\/p>\n","protected":false},"author":4,"featured_media":0,"parent":0,"menu_order":0,"comment_status":"closed","ping_status":"closed","template":"","meta":{"ocean_post_layout":"full-screen","ocean_both_sidebars_style":"","ocean_both_sidebars_content_width":0,"ocean_both_sidebars_sidebars_width":0,"ocean_sidebar":"","ocean_second_sidebar":"","ocean_disable_margins":"enable","ocean_add_body_class":"","ocean_shortcode_before_top_bar":"","ocean_shortcode_after_top_bar":"","ocean_shortcode_before_header":"","ocean_shortcode_after_header":"","ocean_has_shortcode":"","ocean_shortcode_after_title":"","ocean_shortcode_before_footer_widgets":"","ocean_shortcode_after_footer_widgets":"","ocean_shortcode_before_footer_bottom":"","ocean_shortcode_after_footer_bottom":"","ocean_display_top_bar":"default","ocean_display_header":"default","ocean_header_style":"","ocean_center_header_left_menu":"","ocean_custom_header_template":"","ocean_custom_logo":0,"ocean_custom_retina_logo":0,"ocean_custom_logo_max_width":0,"ocean_custom_logo_tablet_max_width":0,"ocean_custom_logo_mobile_max_width":0,"ocean_custom_logo_max_height":0,"ocean_custom_logo_tablet_max_height":0,"ocean_custom_logo_mobile_max_height":0,"ocean_header_custom_menu":"","ocean_menu_typo_font_family":"","ocean_menu_typo_font_subset":"","ocean_menu_typo_font_size":0,"ocean_menu_typo_font_size_tablet":0,"ocean_menu_typo_font_size_mobile":0,"ocean_menu_typo_font_size_unit":"px","ocean_menu_typo_font_weight":"","ocean_menu_typo_font_weight_tablet":"","ocean_menu_typo_font_weight_mobile":"","ocean_menu_typo_transform":"","ocean_menu_typo_transform_tablet":"","ocean_menu_typo_transform_mobile":"","ocean_menu_typo_line_height":0,"ocean_menu_typo_line_height_tablet":0,"ocean_menu_typo_line_height_mobile":0,"ocean_menu_typo_line_height_unit":"","ocean_menu_typo_spacing":0,"ocean_menu_typo_spacing_tablet":0,"ocean_menu_typo_spacing_mobile":0,"ocean_menu_typo_spacing_unit":"","ocean_menu_link_color":"","ocean_menu_link_color_hover":"","ocean_menu_link_color_active":"","ocean_menu_link_background":"","ocean_menu_link_hover_background":"","ocean_menu_link_active_background":"","ocean_menu_social_links_bg":"","ocean_menu_social_hover_links_bg":"","ocean_menu_social_links_color":"","ocean_menu_social_hover_links_color":"","ocean_disable_title":"default","ocean_disable_heading":"default","ocean_post_title":"","ocean_post_subheading":"","ocean_post_title_style":"","ocean_post_title_background_color":"","ocean_post_title_background":0,"ocean_post_title_bg_image_position":"","ocean_post_title_bg_image_attachment":"","ocean_post_title_bg_image_repeat":"","ocean_post_title_bg_image_size":"","ocean_post_title_height":0,"ocean_post_title_bg_overlay":0.5,"ocean_post_title_bg_overlay_color":"","ocean_disable_breadcrumbs":"default","ocean_breadcrumbs_color":"","ocean_breadcrumbs_separator_color":"","ocean_breadcrumbs_links_color":"","ocean_breadcrumbs_links_hover_color":"","ocean_display_footer_widgets":"default","ocean_display_footer_bottom":"default","ocean_custom_footer_template":"","footnotes":""},"class_list":["post-1746","page","type-page","status-publish","hentry","entry"],"_links":{"self":[{"href":"https:\/\/cyberawareness.sk\/en\/wp-json\/wp\/v2\/pages\/1746","targetHints":{"allow":["GET"]}}],"collection":[{"href":"https:\/\/cyberawareness.sk\/en\/wp-json\/wp\/v2\/pages"}],"about":[{"href":"https:\/\/cyberawareness.sk\/en\/wp-json\/wp\/v2\/types\/page"}],"author":[{"embeddable":true,"href":"https:\/\/cyberawareness.sk\/en\/wp-json\/wp\/v2\/users\/4"}],"replies":[{"embeddable":true,"href":"https:\/\/cyberawareness.sk\/en\/wp-json\/wp\/v2\/comments?post=1746"}],"version-history":[{"count":87,"href":"https:\/\/cyberawareness.sk\/en\/wp-json\/wp\/v2\/pages\/1746\/revisions"}],"predecessor-version":[{"id":2210,"href":"https:\/\/cyberawareness.sk\/en\/wp-json\/wp\/v2\/pages\/1746\/revisions\/2210"}],"wp:attachment":[{"href":"https:\/\/cyberawareness.sk\/en\/wp-json\/wp\/v2\/media?parent=1746"}],"curies":[{"name":"wp","href":"https:\/\/api.w.org\/{rel}","templated":true}]}}