{"id":1330,"date":"2023-10-24T10:25:36","date_gmt":"2023-10-24T08:25:36","guid":{"rendered":"https:\/\/cyberawareness.sk\/?page_id=1330"},"modified":"2023-11-11T06:48:59","modified_gmt":"2023-11-11T05:48:59","slug":"jesenny-cybersecurityday-2023","status":"publish","type":"page","link":"https:\/\/cyberawareness.sk\/en\/jesenny-cybersecurityday-2023\/","title":{"rendered":"Jesenn\u00fd CyberSecurityDay 2023"},"content":{"rendered":"<!-- wp:extendstudio\/materialis--><div  data-label=\"About\" data-id=\"about--1\" data-export-id=\"about-8\" data-category=\"about\" class=\"about-8 content-section content-section-spacing-large\" id=\"about-1\" style=\"background-color: rgb(255, 255, 255);\"><div  class=\"gridContainer\"> <div  class=\"row middle-sm text-center\"><div  class=\"col-xs-12 col-sm-6 space-bottom-xs\" data-type=\"column\">  <h2  class=\"\">Jesenn\u00fd<br ><span  style=\"font-family: Playfair Display,sans-serif; font-weight: 700; font-style: italic;\" href=\"#\">&nbsp;CyberSecurityDay 2023&nbsp;<\/span>&nbsp;<\/h2> <p  class=\"\"><span  style=\"color: rgb(84, 97, 122);\"><span  style=\"font-weight: 500;\">11. november 2023<\/span><br ><span  style=\"font-weight: 500;\">Pr\u00edrodovedeck\u00e1 fakulta, Jesenn\u00e1 5, 040 01 Ko\u0161ice<\/span><\/span><\/p> <a class=\"button null mdc-ripple-upgraded big color1\" href=\"https:\/\/forms.office.com\/e\/QpBMh8VBir\" target=\"_blank\" data-cp-link=\"1\" data-icon=\"mdi-security\" rel=\"noopener\"><span  class=\"button-icon mdi mdi-security\"><\/span>REGISTR\u00c1CIA<\/a><p  class=\"lead\"><span  style=\"color: rgb(84, 97, 122);\">Praktick\u00e9 workshopy vych\u00e1dzaj\u00face z re\u00e1lnych sk\u00fasenost\u00ed pri rie\u0161en\u00ed po\u010d\u00edta\u010dov\u00fdch bezpe\u010dnostn\u00fdch incidentov. Mo\u017enos\u0165 sa porozpr\u00e1va\u0165 s \u013eu\u010fmi, ktor\u00ed sa profesion\u00e1lne venuj\u00fa informa\u010dnej a kybernetickej bezpe\u010dnosti, spozna\u0165 nov\u00fdch \u013eud\u00ed a zas\u00fa\u0165a\u017ei\u0165 o zauj\u00edmav\u00e9 ceny.<\/span><\/p><\/div> <div  class=\"col-xs-12 col-sm-6 row no-gutter col-relative margin-auto\"><div  class=\"col-xs-4\"> <img  decoding=\"async\" class=\"mdc-elevation--z10 border-topleft-bottomleft\" data-size=\"200x500\" src=\"https:\/\/cyberawareness.sk\/wp-content\/uploads\/2022\/06\/cropped-csd4-1-scaled-1.jpg\"><\/div> <div  class=\"col-xs-4\"> <img  decoding=\"async\" class=\"mdc-elevation--z10\" data-size=\"200x500\" src=\"https:\/\/cyberawareness.sk\/wp-content\/uploads\/2022\/05\/cropped-cropped-csd_3.jpg\"><\/div> <div  class=\"col-xs-4\"> <img  decoding=\"async\" class=\"mdc-elevation--z10 border-topright-bottomright\" data-size=\"200x500\" src=\"https:\/\/cyberawareness.sk\/wp-content\/uploads\/2022\/05\/cropped-csd_1-1.jpg\"><\/div> <div  class=\"center-overlay inner-shadow border-large border-radius-8\"><\/div><\/div> <\/div><\/div> <\/div><!-- \/wp:extendstudio\/materialis--><!-- wp:extendstudio\/materialis--><div  data-label=\"Content\" data-id=\"content--1\" data-export-id=\"content-6-materialis\" data-category=\"content\" class=\"content-6m content-section-spacing-large content-section\" id=\"content-1\" style=\"background-color: rgb(245, 250, 253);\"><div  class=\"gridContainer\"> <div  class=\"row\"><div  class=\"section-title-col large\" data-type=\"column\"> <h2  class=\"space-bottom\"><b >Program<\/b><\/h2><p  class=\"lead\" style=\"text-align: left;\"><span  style=\"color: rgb(84, 97, 122);\">08:30 \u2013 09:00 \u2013 Registr\u00e1cia<\/span><br ><span  style=\"color: rgb(84, 97, 122);\">\n09:00 \u2013 09:10 \u2013 \u00davodn\u00e9 priv\u00edtanie<\/span><br ><span  style=\"color: rgb(84, 97, 122);\">\n09:10 \u2013 10:00 \u2013 Predn\u00e1\u0161ka: <b >Bezpe\u010dnostn\u00e9 hrozby okolo n\u00e1s<\/b><b >&nbsp;<\/b>(Peter Matej, eMsec)\n<br >10:00&nbsp;\u2013 10:15 \u2013 Prest\u00e1vka<\/span><br ><span  style=\"color: rgb(84, 97, 122);\">\n10:15 \u2013 11:15 \u2013 <b >1. workshop <\/b>(v\u00fdber zo 4 paraleln\u00fdch workshopov)<\/span><br ><span  style=\"color: rgb(84, 97, 122);\">\n11:15 \u2013 11:30  \u2013 Prest\u00e1vka\n<\/span><br ><span  style=\"color: rgb(84, 97, 122);\">\n11:30 \u2013 12:30 \u2013 <b >2. workshop<\/b> (v\u00fdber zo 4 paraleln\u00fdch workshopov)<\/span><br ><span  style=\"color: rgb(84, 97, 122);\">\n12:30 \u2013 14:00 \u2013 Obed a&nbsp;<\/span><span  style=\"color: rgb(84, 97, 122);\"><b >Pub Quiz <\/b>(s\u00fa\u0165a\u017e o zauj\u00edmav\u00e9 ceny nielen z oblasti informatiky)<\/span><br >\n<\/p> <\/div> <\/div> <div  class=\"row\"> <div  class=\"col-xs-12 col-sm-8 col-sm-offset-2 space-bottom text-center\" data-type=\"column\"><p  class=\"lead\" style=\"text-align: left;\"><span  style=\"color: rgb(84, 97, 122);\"><span ><b >Bezpe\u010dnostn\u00e9 hrozby okolo n\u00e1s (Peter Matej, eMsec)<\/b>&nbsp;\u2013 V\u0161eobecnou a zatia\u013e ve\u013emi be\u017enou predstavou je, \u017ee kybernetick\u00e1 bezpe\u010dnos\u0165 sa t\u00fdka len organiz\u00e1ci\u00ed a firiem. Dokonca, \u010d\u00edm v\u00e4\u010d\u0161ia firma, tak sa jej to t\u00fdka viac. M\u00e1 to svoju logiku. Ve\u013ek\u00e1 firma m\u00e1 v\u00e4\u010d\u0161ie hodnoty \u2013 akt\u00edva \u2013 a teda zrejme m\u00e1 \u010do strati\u0165. A \u010do oby\u010dajn\u00fd \u010dlovek? Hroz\u00ed mu nie\u010do? Mal by sa kybernetickej bezpe\u010dnosti venova\u0165? Ak\u00e9 s\u00fa v\u0161eobecn\u00e9 hrozby digit\u00e1lneho sveta, ako je prepojen\u00fd n\u00e1\u0161 osobn\u00fd digit\u00e1lny \u017eivot s t\u00fdm pracovn\u00fdm, aj ke\u010f to niekedy nevn\u00edmame. Predn\u00e1\u0161ka sa zameria na naj\u010dastej\u0161ie kybernetick\u00e9 hrozby be\u017en\u00e9ho \u010dloveka a mo\u017en\u00e9 dopady na \u010dloveka ako osobu.<br ><br ><b >Mail ako vektor \u00fatoku (Peter Matej, eMsec) \u2013 <\/b><\/span><span >Napriek existencii r\u00f4znych komunika\u010dn\u00fdch n\u00e1strojov, po\u010dn\u00fac n\u00e1strojmi pre hlasov\u00e9 hovory a videokonferencie cez aplik\u00e1cie na posielanie spr\u00e1v, \u010detovacie n\u00e1stroje a\u017e po zdie\u013eanie s\u00faborov a r\u00f4zne n\u00e1stroje na spolupr\u00e1cu, zost\u00e1va mail naj\u010dastej\u0161ie pou\u017e\u00edvan\u00fdm n\u00e1strojom. To z neho rob\u00ed aj objekt z\u00e1ujmu kyberzlo\u010dincov a jedn\u00fdm z hlavn\u00fdm vektorov \u00fatokov. Pozrieme sa ako mail funguje, ako a pre\u010do je mo\u017en\u00e9 ho zneu\u017ei\u0165 a ako prebiehaj\u00fa phishingov\u00e9 kampane. Uk\u00e1\u017eeme si nieko\u013eko jednoduch\u00fdch n\u00e1strojov na kontrolu mailovej komunik\u00e1cie a zamysl\u00edme sa nad bud\u00facim v\u00fdvojom mailovej komunik\u00e1cie a phishingov\u00fdch kampan\u00ed.\n<br ><br ><b >\u00davod do kryptol\u00f3gie (Pavol Sokol \/ CSIRT-UPJS)<\/b><\/span> \u2013 utajovanie a odtaj\u0148ovanie spr\u00e1v n\u00e1s sprev\u00e1dza od po\u010diatkov \u013eudstva. V r\u00e1mci workshopu si predstav\u00edme, \u010do to znamen\u00e1 a prakticky si vysk\u00fa\u0161ame jednoduch\u00e9 \u0161ifry. Vysvetl\u00edme rozdiel medzi k\u00f3dovan\u00edm a \u0161ifrovan\u00edm, digit\u00e1lne odtla\u010dky a k\u013e\u00fa\u010de. To v\u0161etko si \u201cupe\u010dieme\u201d na workshope v n\u00e1stroji Cyberchef.<br >\n<\/span><br ><span  style=\"color: rgb(84, 97, 122);\"><b >CTF s\u00fa\u0165a\u017ee \u2013 Z\u00e1bavn\u00e1 a hrav\u00e1 forma vzdel\u00e1vania sa (Ladislav Ba\u010do \/ ESET)<\/b> \u2013 m\u00f4\u017eeme nie\u010do vidie\u0165 a po\u010du\u0165, ale ak sa to chceme poriadne nau\u010di\u0165, tak je ve\u013emi dobr\u00e9 vysk\u00fa\u0161a\u0165 si to. A ke\u010f ku tomu prid\u00e1me prvky gamifik\u00e1cie, tak je to navy\u0161e aj z\u00e1bavn\u00e9. Na workshope sa porozpr\u00e1vame o s\u00fa\u0165a\u017eiach typu Capture the Flag (CTF). A nielen porozpr\u00e1vame, ale aj si vyrie\u0161ime nieko\u013eko uk\u00e1\u017ekov\u00fdch \u00faloh. Te\u0161i\u0165 sa m\u00f4\u017eete na h\u013eadanie skryt\u00e9ho, poh\u013ead do vn\u00fatra s\u00faborov, trocha h\u00e1ve\u010fol\u00f3gie a na z\u00e1ver mo\u017eno bude aj level \u201c1337 h4x0r\u201d.<\/span><br ><br ><span  style=\"color: rgb(84, 97, 122);\"><b >\u00davod do forenznej anal\u00fdzy Linuxu&nbsp;(Zuzana Hennelov\u00e1, Henrieta Palo\u010dkov\u00e1 \/ CSIRT-UPJS) <\/b>\u2013 Linux je taktie\u017e roz\u0161\u00edren\u00fdm opera\u010dn\u00fdm syst\u00e9mom a m\u00f4\u017ee sa sta\u0165 cie\u013eom \u00fato\u010dn\u00edkov rovnako ako Windows. \u010c\u00edm sa odli\u0161uje pr\u00e1ca nad Linuxom a Windowsom? Na ktor\u00fdch miestach h\u013eada\u0165 digit\u00e1lne stopy pri forenznej anal\u00fdze? Na workshope si odpovieme na tieto ot\u00e1zky a vysk\u00fa\u0161ame si pr\u00e1cu forenzn\u00e9ho analytika nad opera\u010dn\u00fdm syst\u00e9mom Linux. Na jednoduchom pr\u00edklade si uk\u00e1\u017eeme, kde sa nach\u00e1dzaj\u00fa z\u00e1kladn\u00e9 inform\u00e1cie aj v\u00fdznamn\u00e9 digit\u00e1lne stopy.<\/span><\/p> <\/div> <div  class=\"col-xs-12 space-top text-center\" data-type=\"column\"><div  data-editable=\"true\" data-name=\"materialis-widgets-area\" data-content-shortcode=\"materialis_display_widgets_area id=&quot;null&quot; \" class=\"\">[materialis_display_widgets_area id=&#8220;null&#8220;]<\/div><\/div> <\/div><\/div> <\/div><!-- \/wp:extendstudio\/materialis--><p ><!-- Enter your scripts here --><\/p><!-- wp:extendstudio\/materialis--><div  data-label=\"Clients\" data-id=\"clients--2\" data-export-id=\"clients-2\" data-category=\"clients\" class=\"clients-2 content-section content-section-spacing-large\" id=\"clients-2\" style=\"background-color: rgb(255, 255, 255);\"><div  class=\"gridContainer\"> <div  class=\"row\"><div  class=\"section-title-col\" data-type=\"column\"> <h2  class=\"font-700\">Sponzori a partneri<\/h2> <p  class=\"lead\"><\/p><\/div> <\/div> <div  class=\"row center-xs spaced-cols middle-sm\" data-type=\"row\"> <div  class=\"col-xs-6 col-sm-3\"> <img  decoding=\"async\" src=\"https:\/\/cyberawareness.sk\/wp-content\/uploads\/2023\/05\/it-valley_na-vysku_farebne-1.png\" class=\"\"><a class=\"link\" href=\"https:\/\/www.kosiceitvalley.sk\" target=\"_blank\" data-cp-link=\"1\" rel=\"noopener\">Sponzor a partner<\/a><\/div><div  class=\"col-xs-6 col-sm-3\"> <img  decoding=\"async\" class=\"custom-image\" src=\"https:\/\/cyberawareness.sk\/wp-content\/uploads\/2023\/06\/2560px-ESET_logo.svg_.png\"><a class=\"link\" href=\"https:\/\/www.eset.com\/sk\" target=\"_blank\" data-cp-link=\"1\" rel=\"noopener\">Sponzor a partner<\/a><\/div>    <div  class=\"col-xs-6 col-sm-3\"> <img  decoding=\"async\" src=\"https:\/\/cyberawareness.sk\/wp-content\/uploads\/2023\/11\/Incident_logo_transparent.png\" class=\"\"><a class=\"link\" href=\"https:\/\/www.incident.sk\" target=\"_blank\" data-cp-link=\"1\" rel=\"noopener\">Partner<\/a><\/div><div  class=\"col-xs-6 col-sm-3\"> <img  decoding=\"async\" src=\"https:\/\/cyberawareness.sk\/wp-content\/uploads\/2023\/06\/cropped-qubit-conference-green.png\" class=\"\"><a class=\"link\" href=\"https:\/\/qubitconference.com\" target=\"_blank\" data-cp-link=\"1\" rel=\"noopener\">Sponzor<\/a><\/div><div  class=\"col-xs-6 col-sm-3\"> <img  decoding=\"async\" src=\"https:\/\/cyberawareness.sk\/wp-content\/uploads\/2023\/11\/laser-arena-Kosice.png\" class=\"\"><a class=\"link\" href=\"https:\/\/www.laserarenakosice.sk\" target=\"_blank\" data-cp-link=\"1\" rel=\"noopener\">Sponzor<\/a><\/div><div  class=\"col-xs-6 col-sm-3\"> <img  decoding=\"async\" src=\"https:\/\/cyberawareness.sk\/wp-content\/uploads\/2023\/11\/Kase-scenarios.png\" class=\"\"><a class=\"link\" href=\"https:\/\/kasescenarios.com\" target=\"_blank\" data-cp-link=\"1\" rel=\"noopener\">Sponzor<\/a><\/div><div  class=\"col-xs-6 col-sm-3\"> <img  decoding=\"async\" src=\"https:\/\/cyberawareness.sk\/wp-content\/uploads\/2023\/11\/Tusi-pizza.png\" class=\"\"><a class=\"link\" href=\"https:\/\/www.pizzatusi.sk\/kosice-kvp\" target=\"_blank\" data-cp-link=\"1\" rel=\"noopener\">Sponzor<\/a><\/div><div  class=\"col-xs-6 col-sm-3\"> <\/div><\/div><\/div> <\/div><!-- \/wp:extendstudio\/materialis--><p ><!-- Enter your scripts here --><\/p><!-- wp:extendstudio\/materialis--><div  data-label=\"Contact\" data-id=\"contact--3\" data-export-id=\"contact-4\" data-category=\"contact\" class=\"contact-4 content-section\" id=\"contact-3\" style=\"background-color: rgb(255, 255, 255);\"><div  class=\"\"> <div  class=\"row\"><div  class=\"col-xs-12 no-gutter-col\"> <div  data-content-shortcode=\"materialis_maps address=&quot;Jesenna 5, 040 01 Kosice&quot; zoom=&quot;65&quot;\" data-editable=\"true\" class=\"\">[materialis_maps address=&#8220;Jesenna 5, 040 01 Kosice&#8220; zoom=&#8220;65&#8243;]<\/div><\/div> <\/div><\/div> <\/div><!-- \/wp:extendstudio\/materialis-->","protected":false},"excerpt":{"rendered":"<p>Jesenn\u00fd&nbsp;CyberSecurityDay 2023&nbsp;&nbsp; 11. november 2023Pr\u00edrodovedeck\u00e1 fakulta, Jesenn\u00e1 5, 040 01 Ko\u0161ice REGISTR\u00c1CIA Praktick\u00e9 workshopy vych\u00e1dzaj\u00face z re\u00e1lnych sk\u00fasenost\u00ed pri rie\u0161en\u00ed po\u010d\u00edta\u010dov\u00fdch bezpe\u010dnostn\u00fdch incidentov. Mo\u017enos\u0165 sa porozpr\u00e1va\u0165 s \u013eu\u010fmi, ktor\u00ed sa profesion\u00e1lne venuj\u00fa informa\u010dnej a kybernetickej bezpe\u010dnosti, spozna\u0165 nov\u00fdch \u013eud\u00ed a zas\u00fa\u0165a\u017ei\u0165 o zauj\u00edmav\u00e9 ceny. Program 08:30 \u2013 09:00 \u2013 Registr\u00e1cia 09:00 \u2013 09:10 \u2013 \u00davodn\u00e9 [&hellip;]<\/p>\n","protected":false},"author":1,"featured_media":0,"parent":0,"menu_order":0,"comment_status":"closed","ping_status":"closed","template":"pro\/page-templates\/page-with-small-header.php","meta":{"ocean_post_layout":"","ocean_both_sidebars_style":"","ocean_both_sidebars_content_width":0,"ocean_both_sidebars_sidebars_width":0,"ocean_sidebar":"","ocean_second_sidebar":"","ocean_disable_margins":"enable","ocean_add_body_class":"","ocean_shortcode_before_top_bar":"","ocean_shortcode_after_top_bar":"","ocean_shortcode_before_header":"","ocean_shortcode_after_header":"","ocean_has_shortcode":"","ocean_shortcode_after_title":"","ocean_shortcode_before_footer_widgets":"","ocean_shortcode_after_footer_widgets":"","ocean_shortcode_before_footer_bottom":"","ocean_shortcode_after_footer_bottom":"","ocean_display_top_bar":"default","ocean_display_header":"default","ocean_header_style":"","ocean_center_header_left_menu":"","ocean_custom_header_template":"","ocean_custom_logo":0,"ocean_custom_retina_logo":0,"ocean_custom_logo_max_width":0,"ocean_custom_logo_tablet_max_width":0,"ocean_custom_logo_mobile_max_width":0,"ocean_custom_logo_max_height":0,"ocean_custom_logo_tablet_max_height":0,"ocean_custom_logo_mobile_max_height":0,"ocean_header_custom_menu":"","ocean_menu_typo_font_family":"","ocean_menu_typo_font_subset":"","ocean_menu_typo_font_size":0,"ocean_menu_typo_font_size_tablet":0,"ocean_menu_typo_font_size_mobile":0,"ocean_menu_typo_font_size_unit":"px","ocean_menu_typo_font_weight":"","ocean_menu_typo_font_weight_tablet":"","ocean_menu_typo_font_weight_mobile":"","ocean_menu_typo_transform":"","ocean_menu_typo_transform_tablet":"","ocean_menu_typo_transform_mobile":"","ocean_menu_typo_line_height":0,"ocean_menu_typo_line_height_tablet":0,"ocean_menu_typo_line_height_mobile":0,"ocean_menu_typo_line_height_unit":"","ocean_menu_typo_spacing":0,"ocean_menu_typo_spacing_tablet":0,"ocean_menu_typo_spacing_mobile":0,"ocean_menu_typo_spacing_unit":"","ocean_menu_link_color":"","ocean_menu_link_color_hover":"","ocean_menu_link_color_active":"","ocean_menu_link_background":"","ocean_menu_link_hover_background":"","ocean_menu_link_active_background":"","ocean_menu_social_links_bg":"","ocean_menu_social_hover_links_bg":"","ocean_menu_social_links_color":"","ocean_menu_social_hover_links_color":"","ocean_disable_title":"default","ocean_disable_heading":"default","ocean_post_title":"","ocean_post_subheading":"","ocean_post_title_style":"","ocean_post_title_background_color":"","ocean_post_title_background":0,"ocean_post_title_bg_image_position":"","ocean_post_title_bg_image_attachment":"","ocean_post_title_bg_image_repeat":"","ocean_post_title_bg_image_size":"","ocean_post_title_height":0,"ocean_post_title_bg_overlay":0.5,"ocean_post_title_bg_overlay_color":"","ocean_disable_breadcrumbs":"default","ocean_breadcrumbs_color":"","ocean_breadcrumbs_separator_color":"","ocean_breadcrumbs_links_color":"","ocean_breadcrumbs_links_hover_color":"","ocean_display_footer_widgets":"default","ocean_display_footer_bottom":"default","ocean_custom_footer_template":"","footnotes":""},"class_list":["post-1330","page","type-page","status-publish","hentry","entry"],"_links":{"self":[{"href":"https:\/\/cyberawareness.sk\/en\/wp-json\/wp\/v2\/pages\/1330","targetHints":{"allow":["GET"]}}],"collection":[{"href":"https:\/\/cyberawareness.sk\/en\/wp-json\/wp\/v2\/pages"}],"about":[{"href":"https:\/\/cyberawareness.sk\/en\/wp-json\/wp\/v2\/types\/page"}],"author":[{"embeddable":true,"href":"https:\/\/cyberawareness.sk\/en\/wp-json\/wp\/v2\/users\/1"}],"replies":[{"embeddable":true,"href":"https:\/\/cyberawareness.sk\/en\/wp-json\/wp\/v2\/comments?post=1330"}],"version-history":[{"count":13,"href":"https:\/\/cyberawareness.sk\/en\/wp-json\/wp\/v2\/pages\/1330\/revisions"}],"predecessor-version":[{"id":1364,"href":"https:\/\/cyberawareness.sk\/en\/wp-json\/wp\/v2\/pages\/1330\/revisions\/1364"}],"wp:attachment":[{"href":"https:\/\/cyberawareness.sk\/en\/wp-json\/wp\/v2\/media?parent=1330"}],"curies":[{"name":"wp","href":"https:\/\/api.w.org\/{rel}","templated":true}]}}