{"id":1286,"date":"2023-10-01T13:28:12","date_gmt":"2023-10-01T11:28:12","guid":{"rendered":"https:\/\/cyberawareness.sk\/?page_id=1286"},"modified":"2023-10-21T08:08:16","modified_gmt":"2023-10-21T06:08:16","slug":"jesenny-cybersecurityday-2023-ba","status":"publish","type":"page","link":"https:\/\/cyberawareness.sk\/en\/jesenny-cybersecurityday-2023-ba\/","title":{"rendered":"Autumn CyberSecurityDay 2023 (Bratislava)"},"content":{"rendered":"<!-- wp:extendstudio\/materialis--><div  id=\"about-1\" class=\"about-8 content-section content-section-spacing-large\" style=\"background-color: #ffffff;\" data-label=\"About\" data-id=\"about--1\" data-export-id=\"about-8\" data-category=\"about\">\n<div  class=\"gridContainer\">\n<div  class=\"row middle-sm text-center\">\n<div  class=\"col-xs-12 col-sm-6 space-bottom-xs\" data-type=\"column\">\n<h2  class=\"\"><span  style=\"font-family: Roboto, arial, helvetica, sans-serif; color: #000000;\"><b ><i >Jesenn\u00fd<\/i><\/b>\n<span  style=\"font-style: italic; font-weight: bold;\">&nbsp;CyberSecurityDay 2023&nbsp;<\/span><i >&nbsp;<b >(Bratislava)<\/b><\/i><\/span><\/h2>\n<p  class=\"\"><span  style=\"color: #000000;\"><b >21. Okt\u00f3ber 2023 Bratislava<\/b><\/span><\/p>\n\n\n<a class=\"button null mdc-ripple-upgraded big color1\" href=\"https:\/\/forms.office.com\/e\/bYZnU5LTdT\" target=\"_self\" rel=\"noopener\" data-cp-link=\"1\" data-icon=\"mdi-security\"><span  class=\"button-icon mdi mdi-security\"><\/span>Registr\u00e1cia<\/a>\n<p  class=\"lead\"><span  style=\"color: #000000;\">Praktick\u00e9 workshopy vych\u00e1dzaj\u00face z re\u00e1lnych sk\u00fasenost\u00ed pri rie\u0161en\u00ed po\u010d\u00edta\u010dov\u00fdch bezpe\u010dnostn\u00fdch incidentov. Mo\u017enos\u0165 sa porozpr\u00e1va\u0165 s \u013eu\u010fmi, ktor\u00ed sa profesion\u00e1lne venuj\u00fa informa\u010dnej a kybernetickej bezpe\u010dnosti, spozna\u0165 nov\u00fdch \u013eud\u00ed a zas\u00fa\u0165a\u017ei\u0165 o zauj\u00edmav\u00e9 ceny.<\/span><\/p>\n<p  class=\"lead\"><span  style=\"color: #000000;\">Akcia je podporen\u00e1 z dot\u00e1cie Ministerstva \u0161kolstva, vedy, v\u00fdskumu a \u0161portu SR v oblasti pr\u00e1ce s ml\u00e1de\u017eou, ktor\u00e9 administriuje NIVAM \u2013 N\u00e1rodn\u00fd in\u0161tit\u00fat vzdel\u00e1vania a ml\u00e1de\u017ee.<\/span><\/p>\n\n<\/div>\n<div  class=\"col-xs-12 col-sm-6 row no-gutter col-relative margin-auto\">\n<div  class=\"col-xs-4\"><img  decoding=\"async\" class=\"mdc-elevation--z10 border-topleft-bottomleft\" src=\"https:\/\/cyberawareness.sk\/wp-content\/uploads\/2023\/05\/cropped-20220604_111938-scaled.jpg\" data-size=\"200x500\"><\/div>\n<div  class=\"col-xs-4\"><img  decoding=\"async\" class=\"mdc-elevation--z10\" src=\"https:\/\/cyberawareness.sk\/wp-content\/uploads\/2023\/05\/cropped-20220604_101835-scaled.jpg\" data-size=\"200x500\"><\/div>\n<div  class=\"col-xs-4\"><img  decoding=\"async\" class=\"mdc-elevation--z10 border-topright-bottomright\" src=\"https:\/\/cyberawareness.sk\/wp-content\/uploads\/2022\/06\/cropped-csd4-scaled-2.jpg\" data-size=\"200x500\"><\/div>\n<div  class=\"center-overlay inner-shadow border-large border-radius-8\"><\/div>\n<\/div>\n<\/div>\n<\/div>\n<\/div><!-- \/wp:extendstudio\/materialis--><!-- wp:extendstudio\/materialis--><!-- \/wp:extendstudio\/materialis--><!-- \/wp:extendstudio\/materialis--><!-- wp:extendstudio\/materialis--><div  id=\"content-2\" class=\"content-14 content-section content-section-spacing-large lightbox-video inverted\" style=\"background-color: #e1dbdb; background-size: cover; background-position: center top; background-image: none;\" data-label=\"Content\" data-id=\"content--2\" data-export-id=\"content-14\" data-category=\"content\" data-section-ov=\"1\" data-parallax-depth=\"20\">\n<div  class=\"gridContainer\">\n<div  class=\"row text-center\">\n<div  class=\"col-xs-12\" data-type=\"column\">\n<p  class=\"lead\" style=\"text-align: left;\"><span  style=\"color: rgb(0, 0, 0);\"><b >08:30 \u2013 09:00<\/b> \u2013 Registr\u00e1cia<\/span><br ><span  style=\"color: rgb(0, 0, 0);\"><b >\n09:00 \u2013 09:05 <\/b>\u2013 \u00davodn\u00e9 priv\u00edtanie<\/span><br ><span  style=\"color: rgb(0, 0, 0);\"><b >\n09:05 \u2013 09:50 <\/b>\u2013 Predn\u00e1\u0161ka: APT skupiny: skryt\u00e9 hrozby s vidite\u013en\u00fdm dopadom<\/span><br ><span  style=\"color: rgb(0, 0, 0);\"><b >\n10:00 \u2013 11:00 <\/b>\u2013 1. workshop (v\u00fdber zo 4 paraleln\u00fdch workshopov)<\/span><br ><span  style=\"color: rgb(0, 0, 0);\"><b >\n11:00 \u2013 11:10 <\/b>\u2013 Prest\u00e1vka<\/span><br ><span  style=\"color: rgb(0, 0, 0);\"><b >\n11:10 \u2013 12:10 <\/b>\u2013 2. workshop (v\u00fdber zo 4 paraleln\u00fdch workshopov)<\/span><br ><span  style=\"color: rgb(0, 0, 0);\"><b >\n12:10 \u2013 12:20 <\/b>\u2013 Prest\u00e1vka<\/span><br ><span  style=\"color: rgb(0, 0, 0);\"><b >\n12:20 \u2013 13:00 <\/b>\u2013 Pizza a Quiz (s\u00fa\u0165a\u017e o zauj\u00edmav\u00e9 ceny nielen z oblasti informatiky)<\/span><br >\n<\/p>\n\n\n\n\n\n\n\n\n\n\n\n\n\n\n<p  class=\"lead\" style=\"text-align: left;\"><span  style=\"color: #000000;\"><b >Predn\u00e1\u0161ka:&nbsp;APT skupiny: skryt\u00e9 hrozby s vidite\u013en\u00fdm do<span  style=\"color: #000000;\">padom (<\/span><\/b><b >Krist\u00edna Urbanov\u00e1, ESET)<\/b>\n<\/span>\n<span  style=\"color: #000000;\">Rozm\u00fd\u0161\u013eali ste niekedy, ako to vyzer\u00e1 v tajnom svete digit\u00e1lnych ninjov, agentov a \u0161pi\u00f3nov? Nie s\u00fa to be\u017en\u00ed hackeri s \u010diernou kapucou na hlave. S\u00fa to Jamesovia Bondovia s perfektne napl\u00e1novan\u00fdmi misiami. Pr\u00e1ve do tohto sveta pokro\u010dil\u00fdch pretrv\u00e1vaj\u00facich hrozieb, takzvan\u00fdch APT skup\u00edn, si posvietime. Na konkr\u00e9tnych pr\u00edpadoch zist\u00edte, pre\u010do je kybernetick\u00e1 bezpe\u010dnos\u0165 v\u00fdzvou nielen pre jednotlivcov, ale aj pre \u0161t\u00e1ty. A d\u00e1 sa pred pokro\u010dil\u00fdmi \u00fato\u010dn\u00edkmi zosta\u0165 o krok vpred?<\/span>\n<br >\n<br ><span  style=\"color: rgb(0, 0, 0);\"><b >\nWorkshop \u010d. 1: Phishingov\u00e1 kampa\u0148 \/ Security policy organiz\u00e1cie (Pavel Mat\u011bj\u00ed\u010dek, BOIT)<\/b><\/span><br ><span  style=\"color: rgb(0, 0, 0);\">\nPri koncipovan\u00ed bezpe\u010dnostnej politiky va\u0161ej organiz\u00e1cie je potrebn\u00e9 pam\u00e4ta\u0165 na to, \u017ee naj\u00fa\u010dinnej\u0161ou obranou proti phishingpv\u00fdm kampaniam je kombin\u00e1cia technol\u00f3gie, procesov a neust\u00e1leho vzdel\u00e1vania. V tejto prezent\u00e1cii v\u00e1m predstav\u00edm osved\u010den\u00e9 strat\u00e9gie a praktick\u00e9 tipy, ako tieto tri k\u013e\u00fa\u010dov\u00e9 zlo\u017eky \u00faspe\u0161ne integrova\u0165 do va\u0161ej organiz\u00e1cie.\n<br >\n<\/span><br ><span  style=\"color: rgb(0, 0, 0);\"><b >\nWorkshop \u010d. 2: \u00davod do forenznej anal\u00fdzy opera\u010dnej pam\u00e4te (Eva Markov\u00e1, ESET\/UPJ\u0160)<\/b><\/span><br ><span  style=\"color: rgb(0, 0, 0);\">\nForenzn\u00e1 anal\u00fdza opera\u010dnej pam\u00e4te je d\u00f4le\u017eitou s\u00fa\u010das\u0165ou rie\u0161enia bezpe\u010dnostn\u00fdch incidentov. Vieme z nej z\u00edska\u0165 mnoho d\u00f4le\u017eit\u00fdch inform\u00e1ci\u00ed s\u00favisiacich s bezpe\u010dnostn\u00fdm incidentom. Cie\u013eom tohto workshopu je uk\u00e1za\u0165 si sp\u00f4sob, ak\u00fdm sa pam\u00e4\u0165 zais\u0165uje. Uk\u00e1\u017eeme si nieko\u013eko pr\u00edkladov inform\u00e1ci\u00ed, ktor\u00e9 z nej vieme extrahova\u0165, a ktor\u00e9 m\u00f4\u017eu pom\u00f4c\u0165 pri samotnom vy\u0161etrovan\u00ed.<\/span><br ><span  style=\"color: rgb(0, 0, 0);\">\n\n<br ><b >Workshop \u010d. 3: Ako sme h\u013eadali nezvestn\u00e9 osoby \u2013 OSINT v praxi (Pavol Sokol, CSIRT-UPJS)<\/b><\/span><br ><span  style=\"color: rgb(0, 0, 0);\">\nOpen source inteligence (OSINT) v\u00fdrazne pom\u00e1ha pri informa\u010dnej a kybernetickej bezpe\u010dnosti. V r\u00e1mci workshopu si ale uk\u00e1\u017eeme, ako je mo\u017en\u00e9 h\u013eada\u0165 straten\u00e9 osoby pomocou OSINTu. Vysk\u00fa\u0161ame si nieko\u013eko z\u00e1kladn\u00fdch n\u00e1strojov pre h\u013eadanie inform\u00e1ci\u00ed relevantn\u00fdch pre osoby (emailov\u00fdch adries, pou\u017e\u00edvate\u013esk\u00fdch \u00fa\u010dtov, fotografi\u00ed).<\/span><br ><span  style=\"color: rgb(0, 0, 0);\">\n\n<br ><b >Workshop \u010d. 4: Bezpe\u010dnos\u0165 mobiln\u00fdch zariaden\u00ed \u2013 Michal \u0160afranko (IstroSec \/ CSIRT-UPJS)<\/b><\/span><br ><span  style=\"color: rgb(0, 0, 0);\">\nTeoretick\u00e1 \u010das\u0165 workshopu sa bude venova\u0165 naj\u010dastej\u0161\u00edm \u00fatokom na mobiln\u00e9 telef\u00f3ny vr\u00e1tane technick\u00fdch detailov a sp\u00f4sobov ochrany vo\u010di nim. V praktickej \u010dasti si spolo\u010dne s \u00fa\u010dastn\u00edkmi prejdeme k\u013e\u00fa\u010dov\u00e9 nastavenia t\u00fdkaj\u00face sa ochrany s\u00fakromia a bezpe\u010dnosti na mobiln\u00fdch telef\u00f3noch.<\/span><\/p>\n\n<\/div>\n<\/div>\n<\/div>\n<\/div><!-- Enter your scripts here --><!-- wp:extendstudio\/materialis--><!-- \/wp:extendstudio\/materialis--><!-- Enter your scripts here --><!-- wp:extendstudio\/materialis--><div  id=\"clients-2\" class=\"clients-2 content-section content-section-spacing-large\" style=\"background-color: #ffffff;\" data-label=\"Clients\" data-id=\"clients--2\" data-export-id=\"clients-2\" data-category=\"clients\">\n<div  class=\"\">\n<div  class=\"row\">\n<div  class=\"section-title-col\" data-type=\"column\">\n<h2  class=\"font-700\">Sponzori a partneri<\/h2>\n<\/div>\n<\/div>\n<div  class=\"row center-xs spaced-cols middle-sm\" data-type=\"row\">\n<div  class=\"col-xs-6 col-sm-3\"><img  decoding=\"async\" class=\"\" src=\"https:\/\/cyberawareness.sk\/wp-content\/uploads\/2023\/05\/PriF_color-e1696622515292.png\"><a class=\"link\" href=\"https:\/\/www.upjs.sk\/prirodovedecka-fakulta\" target=\"_blank\" rel=\"noopener\" data-cp-link=\"1\">Organiz\u00e1tor<\/a><\/div><div  class=\"col-xs-6 col-sm-3\"><img  decoding=\"async\" class=\"\" src=\"https:\/\/cyberawareness.sk\/wp-content\/uploads\/2023\/10\/cropped-csirt-logo420-250.jpg\"><a class=\"link\" href=\"https:\/\/cyberawareness.sk\/jesenny-cybersecurityday-2023-ba\/csirt.upjs.sk\" target=\"_blank\" rel=\"noopener\" data-cp-link=\"1\">Organiz\u00e1tor<\/a><\/div>\n\n<div  class=\"col-xs-6 col-sm-3\"><img  decoding=\"async\" class=\"\" src=\"https:\/\/cyberawareness.sk\/wp-content\/uploads\/2023\/10\/MIS_logo.jpg\"><a class=\"link\" href=\"https:\/\/sosmis.sk\" target=\"_blank\" rel=\"noopener\" data-cp-link=\"1\">Organiz\u00e1tor<\/a><\/div><div  class=\"col-xs-6 col-sm-3\"><img  decoding=\"async\" class=\"\" src=\"https:\/\/cyberawareness.sk\/wp-content\/uploads\/2023\/10\/MSSR_logo.jpg\"><a class=\"link\" href=\"https:\/\/www.minedu.sk\" target=\"_blank\" rel=\"noopener\" data-cp-link=\"1\">Sponzor<\/a><\/div><div  class=\"col-xs-6 col-sm-3\"><img decoding=\"async\"  class=\"custom-image\" src=\"https:\/\/cyberawareness.sk\/wp-content\/uploads\/2023\/10\/BSK_logo.jpg\"><a class=\"link\" href=\"https:\/\/bratislavskykraj.sk\" target=\"_blank\" rel=\"noopener\" data-cp-link=\"1\">Sponzor<\/a><\/div><div  class=\"col-xs-6 col-sm-3\"><img  decoding=\"async\" class=\"\" src=\"https:\/\/cyberawareness.sk\/wp-content\/uploads\/2023\/10\/NIVAM_logo.jpg\"><a class=\"link\" href=\"https:\/\/nivam.sk\" target=\"_blank\" rel=\"noopener\" data-cp-link=\"1\">Partner<\/a><\/div><div  class=\"col-xs-6 col-sm-3\"><img  decoding=\"async\" class=\"custom-image\" src=\"https:\/\/cyberawareness.sk\/wp-content\/uploads\/2023\/06\/2560px-ESET_logo.svg_.png\"><a class=\"link\" href=\"https:\/\/www.eset.com\/sk\" target=\"_blank\" rel=\"noopener\" data-cp-link=\"1\">Sponzor<\/a><\/div>\n\n<div  class=\"col-xs-6 col-sm-3\"><img decoding=\"async\"  class=\"custom-image\" src=\"https:\/\/cyberawareness.sk\/wp-content\/uploads\/2023\/10\/cropped-Dizajn-bez-nazvu.png\"><a class=\"link\" href=\"https:\/\/boit.cz\" target=\"_blank\" rel=\"noopener\" data-cp-link=\"1\">Partner<\/a><\/div>\n\n<div  class=\"col-xs-6 col-sm-3\"><img  decoding=\"async\" class=\"\" src=\"https:\/\/cyberawareness.sk\/wp-content\/uploads\/2023\/10\/Stara-jedalen_logo.jpg\"><a class=\"link\" href=\"https:\/\/starajedalen.sk\" target=\"_blank\" rel=\"noopener\" data-cp-link=\"1\">Partner<\/a><\/div><div  class=\"col-xs-6 col-sm-3\"><img  decoding=\"async\" class=\"\" src=\"https:\/\/cyberawareness.sk\/wp-content\/uploads\/2023\/10\/mladez-ulice_logo.jpg\"><a class=\"link\" href=\"https:\/\/mladezulice.sk\" target=\"_blank\" rel=\"noopener\" data-cp-link=\"1\">Partner<\/a><\/div><div  class=\"col-xs-6 col-sm-3\"><img  decoding=\"async\" class=\"\" src=\"https:\/\/cyberawareness.sk\/wp-content\/uploads\/2023\/10\/logo-pirko-transparent.png\"><a class=\"link\" href=\"http:\/\/www.pizzeria-pirko.sk\" target=\"_blank\" rel=\"noopener\" data-cp-link=\"1\">Sponzor<\/a><\/div><div  class=\"col-xs-6 col-sm-3\"><img  decoding=\"async\" class=\"\" src=\"https:\/\/cyberawareness.sk\/wp-content\/uploads\/2023\/10\/cropped-cropped-Istrosec2.png\"><a class=\"link\" href=\"https:\/\/istrosec.com\/sk\" target=\"_blank\" rel=\"noopener\" data-cp-link=\"1\">Sponzor<\/a><\/div><div  class=\"col-xs-6 col-sm-3\"><\/div><div  class=\"col-xs-6 col-sm-3\"><\/div><\/div>\n<\/div>\n<\/div><!-- \/wp:extendstudio\/materialis--><!-- wp:extendstudio\/materialis--><div  id=\"contact-3\" class=\"contact-4 content-section\" style=\"background-color: #ffffff;\" data-label=\"Contact\" data-id=\"contact--3\" data-export-id=\"contact-4\" data-category=\"contact\">\n<div  class=\"\">\n<div  class=\"row\">\n<div  class=\"col-xs-12 no-gutter-col\">\n<div  class=\"\" data-content-shortcode=\"materialis_maps zoom=&quot;65&quot; address=&quot;Kadnarova 7, 834 14 Bratislava&quot;\" data-editable=\"true\">[materialis_maps zoom=&#8220;65&#8243; address=&#8220;Kadnarova 7, 834 14 Bratislava&#8220;]<\/div>\n<\/div>\n<\/div>\n<\/div>\n<\/div><!-- \/wp:extendstudio\/materialis-->","protected":false},"excerpt":{"rendered":"<p>Jesenn\u00fd &nbsp;CyberSecurityDay 2023&nbsp;&nbsp;(Bratislava) 21. Okt\u00f3ber 2023 Bratislava Registr\u00e1cia Praktick\u00e9 workshopy vych\u00e1dzaj\u00face z re\u00e1lnych sk\u00fasenost\u00ed pri rie\u0161en\u00ed po\u010d\u00edta\u010dov\u00fdch bezpe\u010dnostn\u00fdch incidentov. Mo\u017enos\u0165 sa porozpr\u00e1va\u0165 s \u013eu\u010fmi, ktor\u00ed sa profesion\u00e1lne venuj\u00fa informa\u010dnej a kybernetickej bezpe\u010dnosti, spozna\u0165 nov\u00fdch \u013eud\u00ed a zas\u00fa\u0165a\u017ei\u0165 o zauj\u00edmav\u00e9 ceny. Akcia je podporen\u00e1 z dot\u00e1cie Ministerstva \u0161kolstva, vedy, v\u00fdskumu a \u0161portu SR v oblasti pr\u00e1ce [&hellip;]<\/p>\n","protected":false},"author":1,"featured_media":0,"parent":0,"menu_order":0,"comment_status":"closed","ping_status":"closed","template":"pro\/page-templates\/page-with-small-header.php","meta":{"ocean_post_layout":"","ocean_both_sidebars_style":"","ocean_both_sidebars_content_width":0,"ocean_both_sidebars_sidebars_width":0,"ocean_sidebar":"","ocean_second_sidebar":"","ocean_disable_margins":"enable","ocean_add_body_class":"","ocean_shortcode_before_top_bar":"","ocean_shortcode_after_top_bar":"","ocean_shortcode_before_header":"","ocean_shortcode_after_header":"","ocean_has_shortcode":"","ocean_shortcode_after_title":"","ocean_shortcode_before_footer_widgets":"","ocean_shortcode_after_footer_widgets":"","ocean_shortcode_before_footer_bottom":"","ocean_shortcode_after_footer_bottom":"","ocean_display_top_bar":"default","ocean_display_header":"default","ocean_header_style":"","ocean_center_header_left_menu":"","ocean_custom_header_template":"","ocean_custom_logo":0,"ocean_custom_retina_logo":0,"ocean_custom_logo_max_width":0,"ocean_custom_logo_tablet_max_width":0,"ocean_custom_logo_mobile_max_width":0,"ocean_custom_logo_max_height":0,"ocean_custom_logo_tablet_max_height":0,"ocean_custom_logo_mobile_max_height":0,"ocean_header_custom_menu":"","ocean_menu_typo_font_family":"","ocean_menu_typo_font_subset":"","ocean_menu_typo_font_size":0,"ocean_menu_typo_font_size_tablet":0,"ocean_menu_typo_font_size_mobile":0,"ocean_menu_typo_font_size_unit":"px","ocean_menu_typo_font_weight":"","ocean_menu_typo_font_weight_tablet":"","ocean_menu_typo_font_weight_mobile":"","ocean_menu_typo_transform":"","ocean_menu_typo_transform_tablet":"","ocean_menu_typo_transform_mobile":"","ocean_menu_typo_line_height":0,"ocean_menu_typo_line_height_tablet":0,"ocean_menu_typo_line_height_mobile":0,"ocean_menu_typo_line_height_unit":"","ocean_menu_typo_spacing":0,"ocean_menu_typo_spacing_tablet":0,"ocean_menu_typo_spacing_mobile":0,"ocean_menu_typo_spacing_unit":"","ocean_menu_link_color":"","ocean_menu_link_color_hover":"","ocean_menu_link_color_active":"","ocean_menu_link_background":"","ocean_menu_link_hover_background":"","ocean_menu_link_active_background":"","ocean_menu_social_links_bg":"","ocean_menu_social_hover_links_bg":"","ocean_menu_social_links_color":"","ocean_menu_social_hover_links_color":"","ocean_disable_title":"default","ocean_disable_heading":"default","ocean_post_title":"","ocean_post_subheading":"","ocean_post_title_style":"","ocean_post_title_background_color":"","ocean_post_title_background":0,"ocean_post_title_bg_image_position":"","ocean_post_title_bg_image_attachment":"","ocean_post_title_bg_image_repeat":"","ocean_post_title_bg_image_size":"","ocean_post_title_height":0,"ocean_post_title_bg_overlay":0.5,"ocean_post_title_bg_overlay_color":"","ocean_disable_breadcrumbs":"default","ocean_breadcrumbs_color":"","ocean_breadcrumbs_separator_color":"","ocean_breadcrumbs_links_color":"","ocean_breadcrumbs_links_hover_color":"","ocean_display_footer_widgets":"default","ocean_display_footer_bottom":"default","ocean_custom_footer_template":"","footnotes":""},"class_list":["post-1286","page","type-page","status-publish","hentry","entry"],"_links":{"self":[{"href":"https:\/\/cyberawareness.sk\/en\/wp-json\/wp\/v2\/pages\/1286","targetHints":{"allow":["GET"]}}],"collection":[{"href":"https:\/\/cyberawareness.sk\/en\/wp-json\/wp\/v2\/pages"}],"about":[{"href":"https:\/\/cyberawareness.sk\/en\/wp-json\/wp\/v2\/types\/page"}],"author":[{"embeddable":true,"href":"https:\/\/cyberawareness.sk\/en\/wp-json\/wp\/v2\/users\/1"}],"replies":[{"embeddable":true,"href":"https:\/\/cyberawareness.sk\/en\/wp-json\/wp\/v2\/comments?post=1286"}],"version-history":[{"count":11,"href":"https:\/\/cyberawareness.sk\/en\/wp-json\/wp\/v2\/pages\/1286\/revisions"}],"predecessor-version":[{"id":1328,"href":"https:\/\/cyberawareness.sk\/en\/wp-json\/wp\/v2\/pages\/1286\/revisions\/1328"}],"wp:attachment":[{"href":"https:\/\/cyberawareness.sk\/en\/wp-json\/wp\/v2\/media?parent=1286"}],"curies":[{"name":"wp","href":"https:\/\/api.w.org\/{rel}","templated":true}]}}