{"id":1235,"date":"2023-05-31T04:42:21","date_gmt":"2023-05-31T02:42:21","guid":{"rendered":"https:\/\/cyberawareness.sk\/?page_id=1235"},"modified":"2023-06-02T21:24:44","modified_gmt":"2023-06-02T19:24:44","slug":"jarny-cybersecurityday-2023","status":"publish","type":"page","link":"https:\/\/cyberawareness.sk\/en\/jarny-cybersecurityday-2023\/","title":{"rendered":"Spring CyberSecurityDay 2023"},"content":{"rendered":"<!-- wp:extendstudio\/materialis--><div  data-label=\"About\" data-id=\"about--1\" data-export-id=\"about-8\" data-category=\"about\" class=\"about-8 content-section content-section-spacing-large\" id=\"about-1\" style=\"background-color: rgb(255, 255, 255);\">\n<div  class=\"gridContainer\">\n<div  class=\"row middle-sm text-center\">\n<div  class=\"col-xs-12 col-sm-6 space-bottom-xs\" data-type=\"column\">\n<h2  class=\"\"><span  style=\"font-family: Roboto, arial, helvetica, sans-serif; color: rgb(0, 0, 0);\"><b ><i >Jarn\u00fd<\/i><\/b>\n<span  style=\"font-style: italic; font-weight: 700;\" href=\"#\">&nbsp;CyberSecurityDay 2023&nbsp;<\/span><i >&nbsp;<\/i><\/span><\/h2>\n<p  class=\"\"><span  style=\"color: rgb(0, 0, 0);\"><b >17. j\u00fan 2023<\/b>\n\n\n<span  style=\"font-weight: 500;\">Pr\u00edrodovedeck\u00e1 fakulta, Jesenn\u00e1 5, 040 01 Ko\u0161ice<\/span><\/span><\/p>\n\n<a class=\"button null big color1 mdc-ripple-upgraded\" href=\"https:\/\/forms.office.com\/e\/9G7HxNhH92\" target=\"_self\" data-cp-link=\"1\" data-icon=\"mdi-security\" rel=\"noopener\"><span  class=\"button-icon mdi mdi-security\"><\/span>Registr\u00e1cia<\/a><p  class=\"lead\"><span  style=\"color: rgb(0, 0, 0);\">Praktick\u00e9 workshopy vych\u00e1dzaj\u00face z re\u00e1lnych sk\u00fasenost\u00ed pri rie\u0161en\u00ed po\u010d\u00edta\u010dov\u00fdch bezpe\u010dnostn\u00fdch incidentov. Mo\u017enos\u0165 sa porozpr\u00e1va\u0165 s \u013eu\u010fmi, ktor\u00ed sa profesion\u00e1lne venuj\u00fa informa\u010dnej a kybernetickej bezpe\u010dnosti, spozna\u0165 nov\u00fdch \u013eud\u00ed a zas\u00fa\u0165a\u017ei\u0165 o zauj\u00edmav\u00e9 ceny.<\/span><\/p>\n<p  class=\"lead\"><span  style=\"color: rgb(0, 0, 0);\">Akcia je realizovan\u00e1 v r\u00e1mci projektu&nbsp;<b >Informa\u010dn\u00fa bezpe\u010dnos\u0165 nesta\u010d\u00ed u\u010di\u0165, treba ju \u017ei\u0165<\/b> s finan\u010dnou podporou <b >Fondu SK-NICu<\/b>.<\/span><\/p>\n\n<\/div>\n<div  class=\"col-xs-12 col-sm-6 row no-gutter col-relative margin-auto\">\n<div  class=\"col-xs-4\"> <img  decoding=\"async\" class=\"mdc-elevation--z10 border-topleft-bottomleft\" data-size=\"200x500\" src=\"https:\/\/cyberawareness.sk\/wp-content\/uploads\/2023\/05\/cropped-20220604_111938-scaled.jpg\"><\/div>\n<div  class=\"col-xs-4\"> <img  decoding=\"async\" class=\"mdc-elevation--z10\" data-size=\"200x500\" src=\"https:\/\/cyberawareness.sk\/wp-content\/uploads\/2023\/05\/cropped-20220604_101835-scaled.jpg\"><\/div>\n<div  class=\"col-xs-4\"> <img  decoding=\"async\" class=\"mdc-elevation--z10 border-topright-bottomright\" data-size=\"200x500\" src=\"https:\/\/cyberawareness.sk\/wp-content\/uploads\/2022\/06\/cropped-csd4-scaled-2.jpg\"><\/div>\n<div  class=\"center-overlay inner-shadow border-large border-radius-8\"><\/div>\n<\/div>\n<\/div>\n<\/div>\n<\/div><!-- \/wp:extendstudio\/materialis--><!-- wp:extendstudio\/materialis--><!-- \/wp:extendstudio\/materialis--><!-- \/wp:extendstudio\/materialis--><!-- wp:extendstudio\/materialis--><div  data-label=\"Content\" data-id=\"content--2\" data-export-id=\"content-14\" data-category=\"content\" data-section-ov=\"1\" class=\"content-14 content-section content-section-spacing-large lightbox-video inverted\" data-parallax-depth=\"20\" id=\"content-2\" style=\"background-color: rgb(225, 219, 219); background-size: cover; background-position: center top; background-image: none;\"><div  class=\"gridContainer\"> <div  class=\"row text-center\"><div  class=\"col-xs-12\" data-type=\"column\"> <p  class=\"lead\" style=\"text-align: left;\"><span  style=\"color: rgb(0, 0, 0);\">08:30 \u2013 09:00 \u2013 Registr\u00e1cia<\/span><br ><span  style=\"color: rgb(0, 0, 0);\">\n09:00 \u2013 09:05 \u2013 \u00davodn\u00e9 priv\u00edtanie<\/span><br ><span  style=\"color: rgb(0, 0, 0);\">\n09:05 \u2013 09:50 \u2013 <b >Predn\u00e1\u0161ka: Zl\u00e9 rady a m\u00fdty o kybernetickej bezpe\u010dnosti <\/b>(Miroslav Luk\u00e1\u010d, ESET)<\/span><br ><span  style=\"color: rgb(0, 0, 0);\">\n10:00 \u2013 11:00 \u2013 <b >1. workshop<\/b> (v\u00fdber zo 4 paraleln\u00fdch workshopov)<\/span><br ><span  style=\"color: rgb(0, 0, 0);\">\n11:00 \u2013 11:10 \u2013 Prest\u00e1vka<\/span><br ><span  style=\"color: rgb(0, 0, 0);\">\n11:10 \u2013 12:10 \u2013 <b >2. workshop<\/b> (v\u00fdber zo 4 paraleln\u00fdch workshopov)<\/span><br ><span  style=\"color: rgb(0, 0, 0);\">\n12:10 \u2013 12:20 \u2013 Prest\u00e1vka<\/span><br ><span  style=\"color: rgb(0, 0, 0);\">\n12:20 \u2013 13:00 \u2013 <b >Pizza a Quiz<\/b> (s\u00fa\u0165a\u017e o zauj\u00edmav\u00e9 ceny nielen z oblasti informatiky)<\/span>\n<br >\n\n<\/p> <p  class=\"lead\" style=\"text-align: left;\"><span  style=\"color: rgb(0, 0, 0);\"><b >Predn\u00e1\u0161ka: Zl\u00e9 rady a m\u00fdty o kybernetickej bezpe\u010dnosti (Miroslav Luk\u00e1\u010d, ESET)<\/b><\/span><br ><span  style=\"color: rgb(0, 0, 0);\">\nUr\u010dite ste sa u\u017e minim\u00e1lne raz stretli v m\u00e9di\u00e1ch alebo na internete s t\u00fdm, \u017ee v\u00e1m niekto pon\u00fakal zaru\u010den\u00fa radu ako vylep\u0161i\u0165 svoju bezpe\u010dnos\u0165 alebo ako si ochr\u00e1ni\u0165 svoje s\u00fakromie. Niektor\u00e9 rady s\u00fa lep\u0161ie, niektor\u00e9 hor\u0161ie a ten zvy\u0161ok s\u00fa vyslovene zl\u00e9 n\u00e1pady. Budete s VPN naozaj anonymn\u00ed? Je naozaj nebezpe\u010dn\u00e9 pou\u017e\u00edva\u0165 verejn\u00e9 WiFi? A \u010do nab\u00edjanie mobilu na verejn\u00fdch miestach? O tomto aj in\u00fdch \u201crad\u00e1ch\u201d si povieme nie\u010do viac a na z\u00e1ver spomeniem aj praktick\u00e9 a u\u017eito\u010dn\u00e9 rady, ktor\u00e9 naozaj funguj\u00fa.<\/span><br ><span  style=\"color: rgb(0, 0, 0);\">\n\n<br ><b >Workshop \u010d. 1:&nbsp;Forenzn\u00e1 anal\u00fdza opera\u010dnej pam\u00e4te: Z\u00edskavanie cenn\u00fdch inform\u00e1ci\u00ed pri rie\u0161en\u00ed bezpe\u010dnostn\u00fdch incidentov (Eva Markov\u00e1 \u2013 ESET \/ CSL PF UPJ\u0160)<\/b><\/span><br ><span  style=\"color: rgb(0, 0, 0);\">\nPomocou forenznej anal\u00fdzy opera\u010dnej pam\u00e4te m\u00f4\u017eeme z\u00edska\u0165 mnoho d\u00f4le\u017eit\u00fdch inform\u00e1ci\u00ed s\u00favisiacich s bezpe\u010dnostn\u00fdm incidentom, vr\u00e1tane z\u00e1znamov o spusten\u00fdch procesoch, otvoren\u00fdch s\u00faboroch, pam\u00e4\u0165ov\u00fdch \u0161trukt\u00farach a sie\u0165ov\u00fdch spojeniach. Cie\u013eom tohto interakt\u00edvneho workshopu je prakticky demon\u0161trova\u0165 postupy extrahovania a analyzovania t\u00fdchto inform\u00e1ci\u00ed. \u00da\u010dastn\u00edci sa nau\u010dia pou\u017e\u00edva\u0165 n\u00e1stroj Volatility a tie\u017e techniky, ktor\u00e9 im umo\u017enia odhali\u0165 potenci\u00e1lne nebezpe\u010dn\u00fa aktivitu.\n<br >\n<\/span><br ><span  style=\"color: rgb(0, 0, 0);\"><b >\nWorkshop \u010d. 2: Klasifik\u00e1cia malv\u00e9ru pomocou neur\u00f3nov\u00fdch siet\u00ed \u2013 Franti\u0161ek Kurimsk\u00fd \/ Richard Sta\u0148a (CSL PF UPJ\u0160)<\/b><\/span><br ><span  style=\"color: rgb(0, 0, 0);\">\nKlasifik\u00e1cia malv\u00e9ru pom\u00e1ha analytikovi pochopi\u0165 spr\u00e1vanie \u0161kodliv\u00fdch s\u00faborov. V r\u00e1mci workshopu sa pozrieme na sp\u00f4soby, ako z\u00edska\u0165 ohodnoten\u00fd dataset. Uk\u00e1\u017eeme viacer\u00e9 mo\u017enosti vizu\u00e1lnej reprezent\u00e1cie a n\u00e1vrhy modelov neor\u00f3nov\u00fdch siet\u00ed pre tento klasifika\u010dn\u00fd probl\u00e9m.\n<br >\n<\/span><br ><span  style=\"color: rgb(0, 0, 0);\"><b >\nWorkshop \u010d. 3: Bezpe\u010dnos\u0165 mobiln\u00fdch zariaden\u00ed \u2013 Michal \u0160afranko (IstroSec \/ CSIRT-UPJS)<\/b><\/span><br ><span  style=\"color: rgb(0, 0, 0);\">\nTeoretick\u00e1 \u010das\u0165 workshopu sa bude venova\u0165 naj\u010dastej\u0161\u00edm \u00fatokom na mobiln\u00e9 telef\u00f3ny vr\u00e1tane technick\u00fdch detailov a sp\u00f4sobov ochrany vo\u010di nim. V praktickej \u010dasti si spolo\u010dne s \u00fa\u010dastn\u00edkmi prejdeme k\u013e\u00fa\u010dov\u00e9 nastavenia t\u00fdkaj\u00face sa ochrany s\u00fakromia a bezpe\u010dnosti na mobiln\u00fdch telef\u00f3noch.\n<br >\n<\/span><br ><span  style=\"color: rgb(0, 0, 0);\"><b >\nWorkshop \u010d. 4: Pasce na chytanie \u00fato\u010dn\u00edkov \u2013 Pavol Sokol (CSIRT-UPJS)<\/b><\/span><br ><span  style=\"color: rgb(0, 0, 0);\">\nPodvodn\u00e9 syst\u00e9my predstavuj\u00fa z poh\u013eadu ochrany organiz\u00e1cie nezastupite\u013en\u00fd prvok. Umo\u017e\u0148uj\u00fa organiz\u00e1cii z\u00edskava\u0165 o \u00fato\u010dn\u00edkoch cenn\u00e9 inform\u00e1cie v podobe vektora a cie\u013ea \u00fatoku, pou\u017eit\u00fdch n\u00e1strojov a vyu\u017e\u00edvan\u00fdch informa\u010dn\u00fdch zdrojov. Najzn\u00e1mej\u0161ou podvodnou technikou s\u00fa honeypoty \u2013 pasce pre \u00fato\u010dn\u00edkov. V r\u00e1mci workshopu si bli\u017e\u0161ie pribl\u00ed\u017eime, \u010do s\u00fa honeypoty, ako funguj\u00fa a ak\u00e9 benefity prin\u00e1\u0161aj\u00fa pre organiz\u00e1ciu.<\/span><\/p><\/div> <\/div><\/div> <\/div><!-- Enter your scripts here --><!-- wp:extendstudio\/materialis--><!-- \/wp:extendstudio\/materialis--><!-- Enter your scripts here --><!-- wp:extendstudio\/materialis--><div  data-label=\"Clients\" data-id=\"clients--2\" data-export-id=\"clients-2\" data-category=\"clients\" class=\"clients-2 content-section content-section-spacing-large\" id=\"clients-2\" style=\"background-color: rgb(255, 255, 255);\">\n<div  class=\"\">\n<div  class=\"row\">\n<div  class=\"section-title-col\" data-type=\"column\">\n<h2  class=\"font-700\">Sponzori a partneri<\/h2>\n<\/div>\n<\/div>\n<div  class=\"row center-xs spaced-cols middle-sm\" data-type=\"row\">\n<div  class=\"col-xs-6 col-sm-3\"> <img  decoding=\"async\" src=\"https:\/\/cyberawareness.sk\/wp-content\/uploads\/2023\/05\/PriF_color.png\" class=\"\"><a class=\"link\" href=\"https:\/\/www.upjs.sk\/prirodovedecka-fakulta\" target=\"_blank\" data-cp-link=\"1\" rel=\"noopener\">Organiz\u00e1tor<\/a><\/div>\n<div  class=\"col-xs-6 col-sm-3\"> <img  decoding=\"async\" src=\"https:\/\/cyberawareness.sk\/wp-content\/uploads\/2023\/05\/cropped-it-valley_na-vysku_farebne-1.png\" class=\"\"><a class=\"link\" href=\"https:\/\/www.kosiceitvalley.sk\" target=\"_blank\" data-cp-link=\"1\" rel=\"noopener\">Organiz\u00e1tor<\/a><\/div>\n<div  class=\"col-xs-6 col-sm-3\"> <img  decoding=\"async\" class=\"custom-image\" src=\"https:\/\/cyberawareness.sk\/wp-content\/uploads\/2023\/06\/2560px-ESET_logo.svg_.png\"><a class=\"link\" href=\"https:\/\/www.eset.com\/sk\" target=\"_blank\" data-cp-link=\"1\" rel=\"noopener\">Organiz\u00e1tor<\/a><\/div>\n<div  class=\"col-xs-6 col-sm-3\"><\/div><div  class=\"col-xs-6 col-sm-3\"> <img  decoding=\"async\" src=\"https:\/\/cyberawareness.sk\/wp-content\/uploads\/2022\/04\/fond_png.png\" class=\"\"><a class=\"link\" href=\"https:\/\/sk-nic.sk\/pt\/fond-sk-nic\" target=\"_blank\" data-cp-link=\"1\" rel=\"noopener\">Sponzor<\/a><\/div>\n\n<div  class=\"col-xs-6 col-sm-3\"> <img  decoding=\"async\" src=\"https:\/\/cyberawareness.sk\/wp-content\/uploads\/2023\/06\/cropped-qubit-conference-green.png\" class=\"\"><a class=\"link\" href=\"https:\/\/qubitconference.com\" target=\"_blank\" data-cp-link=\"1\" rel=\"noopener\">Sponzor<\/a><\/div><\/div>\n<\/div>\n<\/div><!-- \/wp:extendstudio\/materialis--><!-- wp:extendstudio\/materialis--><div  data-label=\"Contact\" data-id=\"contact--3\" data-export-id=\"contact-4\" data-category=\"contact\" class=\"contact-4 content-section\" id=\"contact-3\" style=\"background-color: rgb(255, 255, 255);\">\n<div  class=\"\">\n<div  class=\"row\">\n<div  class=\"col-xs-12 no-gutter-col\">\n<div  data-content-shortcode=\"materialis_maps address=&quot;Jesenna 5, 040 01 Kosice&quot; zoom=&quot;65&quot;\" data-editable=\"true\" class=\"\">[materialis_maps address=&#8220;Jesenna 5, 040 01 Kosice&#8220; zoom=&#8220;65&#8243;]<\/div>\n<\/div>\n<\/div>\n<\/div>\n<\/div><!-- \/wp:extendstudio\/materialis-->","protected":false},"excerpt":{"rendered":"<p>Jarn\u00fd &nbsp;CyberSecurityDay 2023&nbsp;&nbsp; 17. j\u00fan 2023 Pr\u00edrodovedeck\u00e1 fakulta, Jesenn\u00e1 5, 040 01 Ko\u0161ice Registr\u00e1cia Praktick\u00e9 workshopy vych\u00e1dzaj\u00face z re\u00e1lnych sk\u00fasenost\u00ed pri rie\u0161en\u00ed po\u010d\u00edta\u010dov\u00fdch bezpe\u010dnostn\u00fdch incidentov. Mo\u017enos\u0165 sa porozpr\u00e1va\u0165 s \u013eu\u010fmi, ktor\u00ed sa profesion\u00e1lne venuj\u00fa informa\u010dnej a kybernetickej bezpe\u010dnosti, spozna\u0165 nov\u00fdch \u013eud\u00ed a zas\u00fa\u0165a\u017ei\u0165 o zauj\u00edmav\u00e9 ceny. Akcia je realizovan\u00e1 v r\u00e1mci projektu&nbsp;Informa\u010dn\u00fa bezpe\u010dnos\u0165 nesta\u010d\u00ed u\u010di\u0165, [&hellip;]<\/p>\n","protected":false},"author":1,"featured_media":0,"parent":0,"menu_order":0,"comment_status":"closed","ping_status":"closed","template":"pro\/page-templates\/page-with-small-header.php","meta":{"ocean_post_layout":"","ocean_both_sidebars_style":"","ocean_both_sidebars_content_width":0,"ocean_both_sidebars_sidebars_width":0,"ocean_sidebar":"","ocean_second_sidebar":"","ocean_disable_margins":"enable","ocean_add_body_class":"","ocean_shortcode_before_top_bar":"","ocean_shortcode_after_top_bar":"","ocean_shortcode_before_header":"","ocean_shortcode_after_header":"","ocean_has_shortcode":"","ocean_shortcode_after_title":"","ocean_shortcode_before_footer_widgets":"","ocean_shortcode_after_footer_widgets":"","ocean_shortcode_before_footer_bottom":"","ocean_shortcode_after_footer_bottom":"","ocean_display_top_bar":"default","ocean_display_header":"default","ocean_header_style":"","ocean_center_header_left_menu":"","ocean_custom_header_template":"","ocean_custom_logo":0,"ocean_custom_retina_logo":0,"ocean_custom_logo_max_width":0,"ocean_custom_logo_tablet_max_width":0,"ocean_custom_logo_mobile_max_width":0,"ocean_custom_logo_max_height":0,"ocean_custom_logo_tablet_max_height":0,"ocean_custom_logo_mobile_max_height":0,"ocean_header_custom_menu":"","ocean_menu_typo_font_family":"","ocean_menu_typo_font_subset":"","ocean_menu_typo_font_size":0,"ocean_menu_typo_font_size_tablet":0,"ocean_menu_typo_font_size_mobile":0,"ocean_menu_typo_font_size_unit":"px","ocean_menu_typo_font_weight":"","ocean_menu_typo_font_weight_tablet":"","ocean_menu_typo_font_weight_mobile":"","ocean_menu_typo_transform":"","ocean_menu_typo_transform_tablet":"","ocean_menu_typo_transform_mobile":"","ocean_menu_typo_line_height":0,"ocean_menu_typo_line_height_tablet":0,"ocean_menu_typo_line_height_mobile":0,"ocean_menu_typo_line_height_unit":"","ocean_menu_typo_spacing":0,"ocean_menu_typo_spacing_tablet":0,"ocean_menu_typo_spacing_mobile":0,"ocean_menu_typo_spacing_unit":"","ocean_menu_link_color":"","ocean_menu_link_color_hover":"","ocean_menu_link_color_active":"","ocean_menu_link_background":"","ocean_menu_link_hover_background":"","ocean_menu_link_active_background":"","ocean_menu_social_links_bg":"","ocean_menu_social_hover_links_bg":"","ocean_menu_social_links_color":"","ocean_menu_social_hover_links_color":"","ocean_disable_title":"default","ocean_disable_heading":"default","ocean_post_title":"","ocean_post_subheading":"","ocean_post_title_style":"","ocean_post_title_background_color":"","ocean_post_title_background":0,"ocean_post_title_bg_image_position":"","ocean_post_title_bg_image_attachment":"","ocean_post_title_bg_image_repeat":"","ocean_post_title_bg_image_size":"","ocean_post_title_height":0,"ocean_post_title_bg_overlay":0.5,"ocean_post_title_bg_overlay_color":"","ocean_disable_breadcrumbs":"default","ocean_breadcrumbs_color":"","ocean_breadcrumbs_separator_color":"","ocean_breadcrumbs_links_color":"","ocean_breadcrumbs_links_hover_color":"","ocean_display_footer_widgets":"default","ocean_display_footer_bottom":"default","ocean_custom_footer_template":"","footnotes":""},"class_list":["post-1235","page","type-page","status-publish","hentry","entry"],"_links":{"self":[{"href":"https:\/\/cyberawareness.sk\/en\/wp-json\/wp\/v2\/pages\/1235","targetHints":{"allow":["GET"]}}],"collection":[{"href":"https:\/\/cyberawareness.sk\/en\/wp-json\/wp\/v2\/pages"}],"about":[{"href":"https:\/\/cyberawareness.sk\/en\/wp-json\/wp\/v2\/types\/page"}],"author":[{"embeddable":true,"href":"https:\/\/cyberawareness.sk\/en\/wp-json\/wp\/v2\/users\/1"}],"replies":[{"embeddable":true,"href":"https:\/\/cyberawareness.sk\/en\/wp-json\/wp\/v2\/comments?post=1235"}],"version-history":[{"count":18,"href":"https:\/\/cyberawareness.sk\/en\/wp-json\/wp\/v2\/pages\/1235\/revisions"}],"predecessor-version":[{"id":1284,"href":"https:\/\/cyberawareness.sk\/en\/wp-json\/wp\/v2\/pages\/1235\/revisions\/1284"}],"wp:attachment":[{"href":"https:\/\/cyberawareness.sk\/en\/wp-json\/wp\/v2\/media?parent=1235"}],"curies":[{"name":"wp","href":"https:\/\/api.w.org\/{rel}","templated":true}]}}