{"id":1124,"date":"2022-10-10T20:11:39","date_gmt":"2022-10-10T18:11:39","guid":{"rendered":"https:\/\/cyberawareness.sk\/?page_id=1124"},"modified":"2023-06-02T08:50:23","modified_gmt":"2023-06-02T06:50:23","slug":"jesenny-cybersecurity-day-2022","status":"publish","type":"page","link":"https:\/\/cyberawareness.sk\/en\/jesenny-cybersecurity-day-2022\/","title":{"rendered":"Autumn CyberSecurityDay 2022"},"content":{"rendered":"\n<div data-label=\"About\" data-id=\"about--1\" data-export-id=\"about-8\" data-category=\"about\" class=\"about-8 content-section content-section-spacing-large\" id=\"about-1\" style=\"background-color: rgb(255, 255, 255);\"><div class=\"gridContainer\"> <div class=\"row middle-sm text-center\"><div class=\"col-xs-12 col-sm-6 space-bottom-xs\" data-type=\"column\">  <h2 class=\"\">Jesenn\u00fd<br><span style=\"font-family: Playfair Display,sans-serif; font-weight: 700; font-style: italic;\" href=\"#\">&nbsp;CyberSecurityDay 2022&nbsp;\n<\/span>&nbsp;<\/h2> <p class=\"\"><span style=\"color: rgb(84, 97, 122);\"><span style=\"font-weight: 500;\">22. okt\u00f3bra 2022\n<\/span><br><span style=\"font-weight: 500;\">Pr\u00edrodovedeck\u00e1 fakulta, Jesenn\u00e1 5, 040 01 Ko\u0161ice<\/span><\/span><\/p> <a class=\"button big null color1 mdc-ripple-upgraded\" href=\"https:\/\/forms.office.com\/r\/1sKbLZd2bP\" target=\"_blank\" data-cp-link=\"1\" data-icon=\"mdi-security\" rel=\"noopener\"><span class=\"button-icon mdi mdi-security\"><\/span>REGISTR\u00c1CIA<\/a><p class=\"lead\"><span style=\"color: rgb(84, 97, 122);\">Praktick\u00e9 workshopy vych\u00e1dzaj\u00face z re\u00e1lnych sk\u00fasenost\u00ed pri rie\u0161en\u00ed po\u010d\u00edta\u010dov\u00fdch bezpe\u010dnostn\u00fdch incidentov. Mo\u017enos\u0165 sa porozpr\u00e1va\u0165 s \u013eu\u010fmi, ktor\u00ed sa profesion\u00e1lne venuj\u00fa informa\u010dnej a kybernetickej bezpe\u010dnosti, spozna\u0165 nov\u00fdch \u013eud\u00ed a zas\u00fa\u0165a\u017ei\u0165 o zauj\u00edmav\u00e9 ceny.<\/span><\/p><p class=\"lead\"><span style=\"color: rgb(84, 97, 122);\">Akcia je realizovan\u00e1 v r\u00e1mci projektu&nbsp;<b>Nau\u010d sa z\u00e1klady informa\u010dnej bezpe\u010dnosti a vzdel\u00e1vaj svoje okolie<\/b> s finan\u010dnou podporou <b>Fondu SK-NICu<\/b> .<\/span><\/p><\/div> <div class=\"col-xs-12 col-sm-6 row no-gutter col-relative margin-auto\"><div class=\"col-xs-4\"> <img decoding=\"async\" class=\"mdc-elevation--z10 border-topleft-bottomleft\" data-size=\"200x500\" src=\"https:\/\/cyberawareness.sk\/wp-content\/uploads\/2022\/06\/cropped-csd4-1-scaled-1.jpg\"><\/div> <div class=\"col-xs-4\"> <img decoding=\"async\" class=\"mdc-elevation--z10\" data-size=\"200x500\" src=\"https:\/\/cyberawareness.sk\/wp-content\/uploads\/2022\/05\/cropped-cropped-csd_3.jpg\"><\/div> <div class=\"col-xs-4\"> <img decoding=\"async\" class=\"mdc-elevation--z10 border-topright-bottomright\" data-size=\"200x500\" src=\"https:\/\/cyberawareness.sk\/wp-content\/uploads\/2022\/05\/cropped-csd_1-1.jpg\"><\/div> <div class=\"center-overlay inner-shadow border-large border-radius-8\"><\/div><\/div> <\/div><\/div> <\/div>\n\n\n\n<div data-label=\"Content\" data-id=\"content--1\" data-export-id=\"content-6-materialis\" data-category=\"content\" class=\"content-6m content-section-spacing-large content-section\" id=\"content-1\" style=\"background-color: rgb(245, 250, 253);\"><div class=\"gridContainer\"> <div class=\"row\"><div class=\"section-title-col large\" data-type=\"column\"> <h2 class=\"space-bottom\"><b>Program<\/b><\/h2><p class=\"lead\" style=\"text-align: left;\"><span style=\"color: rgb(84, 97, 122);\">08:30 \u2013 09:00 \u2013 Registr\u00e1cia<\/span><br><span style=\"color: rgb(84, 97, 122);\">\n09:00 \u2013 09:05 \u2013 \u00davodn\u00e9 priv\u00edtanie<\/span><br><span style=\"color: rgb(84, 97, 122);\">\n09:05 \u2013 09:50 \u2013 Predn\u00e1\u0161ka: <b>Anat\u00f3mia kybernetick\u00e9ho bezpe\u010dnostn\u00e9ho \u00fatoku <\/b>(Ladislav Ba\u010do, ESET)\n<\/span><br><span style=\"color: rgb(84, 97, 122);\">\n10:00 \u2013 11:00 \u2013 <b>1. workshop <\/b>(v\u00fdber zo 4 paraleln\u00fdch workshopov)<\/span><br><span style=\"color: rgb(84, 97, 122);\">\n11:00 \u2013 11:10  \u2013 Prest\u00e1vka\n<\/span><br><span style=\"color: rgb(84, 97, 122);\">\n11:10 \u2013 12:10 \u2013 <b>2. workshop<\/b> (v\u00fdber zo 4 paraleln\u00fdch workshopov)<\/span><br><span style=\"color: rgb(84, 97, 122);\">\n12:10 \u2013 13:00 \u2013 Obed\n<\/span><br><span style=\"color: rgb(84, 97, 122);\">\n13:00 \u2013 14:00 \u2013 Pub Quiz (s\u00fa\u0165a\u017e o zauj\u00edmav\u00e9 ceny nielen z oblasti informatiky)<\/span><br>\n<\/p> <\/div> <\/div> <div class=\"row\"> <div class=\"col-xs-12 col-sm-8 col-sm-offset-2 space-bottom text-center\" data-type=\"column\"><p class=\"lead\" style=\"text-align: left;\"><span style=\"color: rgb(84, 97, 122);\"><span>\n\n<b>\nAnat\u00f3mia kybernetick\u00e9ho bezpe\u010dnostn\u00e9ho \u00fatoku (Ladislav Ba\u010do, ESET)<\/b> \u2013&nbsp;v r\u00e1mci predn\u00e1\u0161ky sa bli\u017e\u0161ie zameriame na anat\u00f3miu kybernetick\u00e9ho bezpe\u010dnostn\u00e9ho \u00fatoku (cyber kill chain). S\u00fa\u010das\u0165ou bude uk\u00e1\u017eka \u00fatoku, kde \u00fato\u010dn\u00edk zist\u00ed dostupn\u00e9 emailov\u00e9 adresy, po\u0161le infikovan\u00fd PDF s\u00fabor a n\u00e1sledne spust\u00ed program meterpreter. Po\u010das predn\u00e1\u0161ky budeme pracova\u0165 so zaznamenanou sie\u0165ovou prev\u00e1dzkou. Povieme si o mo\u017enosti detekcie \u00fatokov nielen na \u00farovni samotn\u00e9ho zariadenia (napr. pomocou anti-malv\u00e9rov\u00fdch programov), ale aj z poh\u013eadu anal\u00fdzy sie\u0165ovej prev\u00e1dzky.<br><br><b>Ako sme h\u013eadali nezvestn\u00e9 osoby \u2013 OSINT v praxi (Zuzana Hennelov\u00e1, CSIRT-UPJS) \u2013 <\/b><\/span><span>open source inteligence (OSINT) v\u00fdrazne pom\u00e1ha pri informa\u010dnej a kybernetickej bezpe\u010dnosti. V r\u00e1mci workshopu si ale uk\u00e1\u017eeme, ako je mo\u017en\u00e9 h\u013eada\u0165 straten\u00e9 osoby pomocou OSINTu. Vysk\u00fa\u0161ame si nieko\u013eko z\u00e1kladn\u00fdch n\u00e1strojov pre h\u013eadanie inform\u00e1ci\u00ed relevantn\u00fdch pre osoby (emailov\u00fdch adries, pou\u017e\u00edvate\u013esk\u00fdch \u00fa\u010dtov, fotografi\u00ed).\n<br><br><b>Anal\u00fdza podvodn\u00fdch spr\u00e1v (Monika Rapav\u00e1, CSIRT-UPJS)<\/b><\/span> \u2013 v r\u00e1mci workshopu sa bli\u017e\u0161ie pozrieme na re\u00e1lne podvodn\u00e9 spr\u00e1vy. \u00da\u010dastn\u00edci si vysk\u00fa\u0161aj\u00fa pr\u00e1cu bezpe\u010dnostn\u00e9ho analytika a bud\u00fa analyzova\u0165 hlavi\u010dky podvodn\u00fdch spr\u00e1v, obsah ako aj \u0161kodliv\u00e9 odkazy a pr\u00edlohy.\n<br>\n<\/span><br><span style=\"color: rgb(84, 97, 122);\"><b>\n\u00davod do forenznej anal\u00fdzy opera\u010dnej pam\u00e4te (Eva Markov\u00e1, UPJ\u0160\/ESET)<\/b> \u2013 forenzn\u00e1 anal\u00fdza opera\u010dnej pam\u00e4te je d\u00f4le\u017eitou s\u00fa\u010das\u0165ou rie\u0161enia bezpe\u010dnostn\u00fdch incidentov. Vieme z nej z\u00edska\u0165 mnoho d\u00f4le\u017eit\u00fdch inform\u00e1ci\u00ed s\u00favisiacich s bezpe\u010dnostn\u00fdm incidentom. Cie\u013eom tohto workshopu je uk\u00e1za\u0165 si sp\u00f4sob, ak\u00fdm sa pam\u00e4\u0165 zais\u0165uje. Uk\u00e1\u017eeme si nieko\u013eko pr\u00edkladov inform\u00e1ci\u00ed, ktor\u00e9 z nej vieme extrahova\u0165, a ktor\u00e9 m\u00f4\u017eu pom\u00f4c\u0165 pri samotnom vy\u0161etrovan\u00ed.<\/span><br><br><span style=\"color: rgb(84, 97, 122);\"><b>\nAko odpoveda\u0165 na \u0161kodliv\u00fd k\u00f3d (malv\u00e9r) (Michal \u0160afranko, IstroSec\/CSIRT-UPJS) <\/b>\u2013 \u010das zohr\u00e1va v\u00fdznamn\u00fa rolu pri reakcii na bezpe\u010dnostn\u00fd incident. Ako r\u00fdchlo identifikova\u0165 malv\u00e9r v zariaden\u00ed je d\u00f4le\u017eitou \u00falohou bezpe\u010dnostn\u00fdch analytikov. V r\u00e1mci workshopu si uk\u00e1\u017eame miesta v opera\u010dnom syst\u00e9me Windows, kde h\u013eada\u0165 d\u00f4le\u017eit\u00e9 digit\u00e1lne stopy a n\u00e1stroje, ako tieto stopy identifikova\u0165 a analyzova\u0165.<\/span><\/p> <\/div> <div class=\"col-xs-12 space-top text-center\" data-type=\"column\"><div data-editable=\"true\" data-name=\"materialis-widgets-area\" data-content-shortcode=\"materialis_display_widgets_area id=&quot;null&quot; \" class=\"\">[materialis_display_widgets_area id=&#8220;null&#8220;]<\/div><\/div> <\/div><\/div> <\/div>\n\n\n<p><!-- Enter your scripts here --><\/p>\n\n\n<div data-label=\"Clients\" data-id=\"clients--2\" data-export-id=\"clients-2\" data-category=\"clients\" class=\"clients-2 content-section content-section-spacing-large\" id=\"clients-2\" style=\"background-color: rgb(255, 255, 255);\"><div class=\"gridContainer\"> <div class=\"row\"><div class=\"section-title-col\" data-type=\"column\"> <h2 class=\"font-700\">Sponzori a partneri<\/h2> <p class=\"lead\"><\/p><\/div> <\/div> <div class=\"row center-xs spaced-cols middle-sm\" data-type=\"row\"> <div class=\"col-xs-6 col-sm-3\"> <img decoding=\"async\" src=\"https:\/\/cyberawareness.sk\/wp-content\/uploads\/2022\/04\/fond_png.png\" class=\"\"><a class=\"link\" href=\"https:\/\/sk-nic.sk\/pt\/fond-sk-nic\" target=\"_blank\" data-cp-link=\"1\" rel=\"noopener\">Hlavn\u00fd sponzor<\/a><\/div><div class=\"col-xs-6 col-sm-3\"> <img decoding=\"async\" src=\"https:\/\/cyberawareness.sk\/wp-content\/uploads\/2022\/09\/Qubit-Conference_Dark-Logo.png\" class=\"\"><a class=\"link\" href=\"https:\/\/tatry.qubitconference.com\" target=\"_blank\" data-cp-link=\"1\" rel=\"noopener\">Sponzor<\/a><\/div>    <div class=\"col-xs-6 col-sm-3\"> <img decoding=\"async\" src=\"https:\/\/cyberawareness.sk\/wp-content\/uploads\/2022\/07\/COLOR.png\" class=\"\"><a class=\"link\" href=\"http:\/\/zive.sk\" target=\"_blank\" data-cp-link=\"1\" rel=\"noopener\">Hlavn\u00fd medi\u00e1lny partner<\/a><\/div><div class=\"col-xs-6 col-sm-3\"> <\/div><\/div><\/div> <\/div>\n\n\n<p><!-- Enter your scripts here --><\/p>\n\n\n<div data-label=\"Contact\" data-id=\"contact--3\" data-export-id=\"contact-4\" data-category=\"contact\" class=\"contact-4 content-section\" id=\"contact-3\" style=\"background-color: rgb(255, 255, 255);\"><div class=\"\"> <div class=\"row\"><div class=\"col-xs-12 no-gutter-col\"> <div data-content-shortcode=\"materialis_maps address=&quot;Jesenna 5, 040 01 Kosice&quot; zoom=&quot;65&quot;\" data-editable=\"true\" class=\"\">[materialis_maps address=&#8220;Jesenna 5, 040 01 Kosice&#8220; zoom=&#8220;65&#8243;]<\/div><\/div> <\/div><\/div> <\/div>\n","protected":false},"excerpt":{"rendered":"","protected":false},"author":1,"featured_media":0,"parent":0,"menu_order":0,"comment_status":"closed","ping_status":"closed","template":"pro\/page-templates\/page-with-small-header.php","meta":{"ocean_post_layout":"","ocean_both_sidebars_style":"","ocean_both_sidebars_content_width":0,"ocean_both_sidebars_sidebars_width":0,"ocean_sidebar":"","ocean_second_sidebar":"","ocean_disable_margins":"enable","ocean_add_body_class":"","ocean_shortcode_before_top_bar":"","ocean_shortcode_after_top_bar":"","ocean_shortcode_before_header":"","ocean_shortcode_after_header":"","ocean_has_shortcode":"","ocean_shortcode_after_title":"","ocean_shortcode_before_footer_widgets":"","ocean_shortcode_after_footer_widgets":"","ocean_shortcode_before_footer_bottom":"","ocean_shortcode_after_footer_bottom":"","ocean_display_top_bar":"default","ocean_display_header":"default","ocean_header_style":"","ocean_center_header_left_menu":"","ocean_custom_header_template":"","ocean_custom_logo":0,"ocean_custom_retina_logo":0,"ocean_custom_logo_max_width":0,"ocean_custom_logo_tablet_max_width":0,"ocean_custom_logo_mobile_max_width":0,"ocean_custom_logo_max_height":0,"ocean_custom_logo_tablet_max_height":0,"ocean_custom_logo_mobile_max_height":0,"ocean_header_custom_menu":"","ocean_menu_typo_font_family":"","ocean_menu_typo_font_subset":"","ocean_menu_typo_font_size":0,"ocean_menu_typo_font_size_tablet":0,"ocean_menu_typo_font_size_mobile":0,"ocean_menu_typo_font_size_unit":"px","ocean_menu_typo_font_weight":"","ocean_menu_typo_font_weight_tablet":"","ocean_menu_typo_font_weight_mobile":"","ocean_menu_typo_transform":"","ocean_menu_typo_transform_tablet":"","ocean_menu_typo_transform_mobile":"","ocean_menu_typo_line_height":0,"ocean_menu_typo_line_height_tablet":0,"ocean_menu_typo_line_height_mobile":0,"ocean_menu_typo_line_height_unit":"","ocean_menu_typo_spacing":0,"ocean_menu_typo_spacing_tablet":0,"ocean_menu_typo_spacing_mobile":0,"ocean_menu_typo_spacing_unit":"","ocean_menu_link_color":"","ocean_menu_link_color_hover":"","ocean_menu_link_color_active":"","ocean_menu_link_background":"","ocean_menu_link_hover_background":"","ocean_menu_link_active_background":"","ocean_menu_social_links_bg":"","ocean_menu_social_hover_links_bg":"","ocean_menu_social_links_color":"","ocean_menu_social_hover_links_color":"","ocean_disable_title":"default","ocean_disable_heading":"default","ocean_post_title":"","ocean_post_subheading":"","ocean_post_title_style":"","ocean_post_title_background_color":"","ocean_post_title_background":0,"ocean_post_title_bg_image_position":"","ocean_post_title_bg_image_attachment":"","ocean_post_title_bg_image_repeat":"","ocean_post_title_bg_image_size":"","ocean_post_title_height":0,"ocean_post_title_bg_overlay":0.5,"ocean_post_title_bg_overlay_color":"","ocean_disable_breadcrumbs":"default","ocean_breadcrumbs_color":"","ocean_breadcrumbs_separator_color":"","ocean_breadcrumbs_links_color":"","ocean_breadcrumbs_links_hover_color":"","ocean_display_footer_widgets":"default","ocean_display_footer_bottom":"default","ocean_custom_footer_template":"","footnotes":""},"class_list":["post-1124","page","type-page","status-publish","hentry","entry"],"_links":{"self":[{"href":"https:\/\/cyberawareness.sk\/en\/wp-json\/wp\/v2\/pages\/1124","targetHints":{"allow":["GET"]}}],"collection":[{"href":"https:\/\/cyberawareness.sk\/en\/wp-json\/wp\/v2\/pages"}],"about":[{"href":"https:\/\/cyberawareness.sk\/en\/wp-json\/wp\/v2\/types\/page"}],"author":[{"embeddable":true,"href":"https:\/\/cyberawareness.sk\/en\/wp-json\/wp\/v2\/users\/1"}],"replies":[{"embeddable":true,"href":"https:\/\/cyberawareness.sk\/en\/wp-json\/wp\/v2\/comments?post=1124"}],"version-history":[{"count":10,"href":"https:\/\/cyberawareness.sk\/en\/wp-json\/wp\/v2\/pages\/1124\/revisions"}],"predecessor-version":[{"id":1270,"href":"https:\/\/cyberawareness.sk\/en\/wp-json\/wp\/v2\/pages\/1124\/revisions\/1270"}],"wp:attachment":[{"href":"https:\/\/cyberawareness.sk\/en\/wp-json\/wp\/v2\/media?parent=1124"}],"curies":[{"name":"wp","href":"https:\/\/api.w.org\/{rel}","templated":true}]}}