{"id":1061,"date":"2022-08-31T08:09:26","date_gmt":"2022-08-31T06:09:26","guid":{"rendered":"https:\/\/cyberawareness.sk\/?page_id=1061"},"modified":"2022-09-12T09:12:33","modified_gmt":"2022-09-12T07:12:33","slug":"letna-skola","status":"publish","type":"page","link":"https:\/\/cyberawareness.sk\/en\/letna-skola\/","title":{"rendered":"Letn\u00e1 \u0161kola kyberkriminality 2022"},"content":{"rendered":"<p ><!-- Enter your scripts here --><\/p><div  data-label=\"About\" data-id=\"about--1\" data-export-id=\"about-9\" data-category=\"about\" class=\"about-9 content-section content-section-spacing-large\" id=\"about-1\" style=\"background-color: rgb(245, 250, 253);\"><div  class=\"gridContainer\"> <div  class=\"row middle-sm text-center\"><div  class=\"col-sm-5 space-bottom-xs content-column content-right-sm\" data-type=\"column\">  <h2  class=\"\"><span  style=\"font-family: &quot;Playfair Display&quot;, arial, helvetica, sans-serif;\"><b ><i >Summer school of cybercriminality<\/i><\/b><\/span><br >\n4. ro\u010dn\u00edk<br >\n12.-16. septembra 2022<\/h2> <p  class=\"lead\"><span  style=\"font-family: Roboto, arial, helvetica, sans-serif; color: rgb(84, 97, 122);\">UPJS education and training center \n<br >Dani\u0161ovce (region Spi\u0161sk\u00e1 Nov\u00e1 Ves)<\/span><\/p><p  class=\"\" style=\"text-align: right;\"><span  style=\"color: rgb(84, 97, 122); font-family: Roboto, arial, helvetica, sans-serif;\"><b >Letn\u00e1 \u0161kola kyberkriminality je p\u00e4\u0165d\u0148ov\u00e9 s\u00fastredenie pre \u0161tudentov informatiky, pr\u00e1va a pr\u00edbuzn\u00fdch odborov slovensk\u00fdch a \u010desk\u00fdch vysok\u00fdch \u0161k\u00f4l, zameran\u00e9 na informa\u010dn\u00fa a kybernetick\u00fa bezpe\u010dnos\u0165.<\/b><\/span><\/p> <p  class=\"\"><span  style=\"color: rgb(84, 97, 122); font-family: Roboto, arial, helvetica, sans-serif;\">Na predn\u00e1\u0161kach a praktick\u00fdch workshopoch sa \u0161tudenti oboznamuj\u00fa so z\u00e1kladn\u00fdmi aspektami kybernetickej bezpe\u010dnosti, anal\u00fdzou sie\u0165ov\u00fdch \u00fatokov a detekciou \u0161kodliv\u00e9ho k\u00f3du. So sk\u00fasen\u00fdmi lektormi rie\u0161ia jednoduch\u00e9 \u010di zlo\u017eitej\u0161ie bezpe\u010dnostn\u00e9 incidenty z technick\u00e9ho aj pr\u00e1vneho poh\u013eadu, za\u017eij\u00fa simulovan\u00e9 vy\u0161etrovanie kybernetickej kriminality a forenzn\u00fa anal\u00fdzu. Z\u00e1verom pracovn\u00e9 t\u00edmy analyzuj\u00fa pr\u00e1vne ot\u00e1zky s\u00favisiace s informa\u010dn\u00fdmi technol\u00f3giami.<\/span><\/p><\/div> <div  class=\"col-sm-7 flexbox flexbox middle-xs center-xs\"><div  class=\"overlay-box flexbox middle-xs center-xs overlay-holder\"> <div  class=\"overlay-box-offset offset-background mdc-elevation--z5 bg-color2 hide-xs border-radius-8\"><\/div> <img decoding=\"async\"  class=\"flexbox mdc-elevation--z10 img1 rounded\" src=\"https:\/\/cyberawareness.sk\/wp-content\/uploads\/2022\/04\/cropped-cropped-Photo-3-1-scaled-1.jpg\"><\/div> <\/div><\/div> <\/div><\/div><div  data-label=\"Content\" data-id=\"content--1\" data-export-id=\"content-5-materialis\" data-category=\"content\" class=\"content-5m content-section-spacing-large content-section\" id=\"content-1\" style=\"background-color: rgb(255, 255, 255);\"><div  class=\"gridContainer\"> <div  class=\"row\"><div  class=\"col-xs-12 col-sm-8 col-sm-offset-2 space-bottom text-center col-padding-small-xs\" data-type=\"column\"> <\/div> <div  class=\"col-xs-12 text-center large\" data-type=\"column\"> <h3  class=\"\"><span  style=\"font-family: Roboto, arial, helvetica, sans-serif;\"><b >Organisational support<\/b><\/span><\/h3><p  class=\"lead\"><span  style=\"color: rgb(84, 97, 122);\">Na projekte spolupracuj\u00fa u\u010ditelia a doktorandi z Pr\u00edrodovedeckej fakulty a Pr\u00e1vnickej fakulty UPJ\u0160 v Ko\u0161iciach, ob\u010dianskeho zdru\u017eenia EISI, o.z., odborn\u00edci z komer\u010dn\u00fdch aj \u0161t\u00e1tnych organiz\u00e1ci\u00ed so zameran\u00edm na kybernetick\u00fa bezpe\u010dnos\u0165 a z\u00e1stupcovia pr\u00e1vnych profesi\u00ed, ktor\u00fdch agenda je zameran\u00e1 na trestn\u00e9 pr\u00e1vo.<\/span><\/p> <\/div> <\/div><\/div> <\/div><p ><!-- CloudPress Companion Preview Data START --><\/p><div  data-label=\"Content\" data-id=\"content--3\" data-export-id=\"content-6-materialis\" data-category=\"content\" class=\"content-6m content-section-spacing-large content-section\" id=\"content-3\" style=\"background-color: rgb(245, 250, 253);\"><div  class=\"gridContainer\">  <div  class=\"row\"> <div  class=\"col-xs-12 col-sm-8 col-sm-offset-2 space-bottom text-center\" data-type=\"column\"><h3  class=\"\"><span  style=\"font-family: Roboto, arial, helvetica, sans-serif;\"><b >Program LSK 2022<\/b><\/span><\/h3> <\/div> <div  class=\"col-xs-12 space-top text-center\" data-type=\"column\"><p  class=\"lead\"><span  style=\"font-family: Roboto, arial, helvetica, sans-serif; color: rgb(34, 138, 230);\">Simulation of an attack on organisation<\/span><br ><span  style=\"font-family: Roboto, arial, helvetica, sans-serif; color: rgb(34, 138, 230);\">\nPublic resources and their analysis (OSINT, HUMINT)<\/span><br ><span  style=\"font-family: Roboto, arial, helvetica, sans-serif; color: rgb(84, 97, 122);\">\nIntroduction to information security and cybersecurity<\/span><br ><span  style=\"font-family: Roboto, arial, helvetica, sans-serif; color: rgb(84, 97, 122);\">\nIncident handling and incident response<\/span><br ><span  style=\"font-family: Roboto, arial, helvetica, sans-serif; color: rgb(84, 97, 122);\">\nDigital evidence gathering<\/span><br ><span  style=\"font-family: Roboto, arial, helvetica, sans-serif; color: rgb(84, 97, 122);\">\nLegal aspects of incident response<\/span><br ><span  style=\"font-family: Roboto, arial, helvetica, sans-serif; color: rgb(84, 97, 122);\">\nCommunication with media<\/span><br ><span  style=\"font-family: Roboto, arial, helvetica, sans-serif; color: rgb(84, 97, 122);\">\n<span  style=\"color: rgb(34, 138, 230);\">Criminal proceedings<\/span><\/span><br ><span  style=\"font-family: Roboto, arial, helvetica, sans-serif; color: rgb(34, 138, 230);\">\nMalware analysis<\/span><br ><span  style=\"font-family: Roboto, arial, helvetica, sans-serif; color: rgb(34, 138, 230);\">\nLegal aspects of malware<\/span><br ><span  style=\"font-family: Roboto, arial, helvetica, sans-serif; color: rgb(84, 97, 122);\">\nCybercriminality<\/span><br ><span  style=\"font-family: Roboto, arial, helvetica, sans-serif; color: rgb(84, 97, 122);\">\nDigital forensic analysis<\/span><br ><span  style=\"font-family: Roboto, arial, helvetica, sans-serif; color: rgb(84, 97, 122);\">\nPreparing security incident report<\/span><br ><span  style=\"font-family: Roboto, arial, helvetica, sans-serif; color: rgb(84, 97, 122);\">\nIndictment<\/span><br ><span  style=\"font-family: Roboto, arial, helvetica, sans-serif; color: rgb(84, 97, 122);\">\n<span  style=\"color: rgb(34, 138, 230);\">Incident presentation<\/span><\/span><br ><span  style=\"font-family: Roboto, arial, helvetica, sans-serif; color: rgb(34, 138, 230);\">\nEvaluation of security incident reports<\/span><br ><span  style=\"font-family: Roboto, arial, helvetica, sans-serif; color: rgb(34, 138, 230);\">\nMock trial<\/span><\/p><\/div> <\/div><\/div> <\/div><div  data-label=\"Content\" data-id=\"content--4\" data-export-id=\"content-6-materialis\" data-category=\"content\" class=\"content-6m content-section-spacing-large content-section\" id=\"content-4\" style=\"background-color: rgb(245, 250, 253);\"><div  class=\"gridContainer\">  <div  class=\"row\"> <div  class=\"col-xs-12 col-sm-8 col-sm-offset-2 space-bottom text-center\" data-type=\"column\"><h3  class=\"\"><span  style=\"font-family: Roboto, arial, helvetica, sans-serif;\"><b >Predn\u00e1\u0161aj\u00faci LSK 2022<\/b><\/span><\/h3> <\/div> <div  class=\"col-xs-12 space-top text-center\" data-type=\"column\"><p  class=\"lead\"><span  style=\"color: rgb(84, 97, 122);\">Ter\u00e9zia M\u00e9ze\u0161ov\u00e1, Viktor Kri\u0161tofiak, Mykola Yanko (Siemens Healthineers)<\/span><br ><span  style=\"color: rgb(84, 97, 122);\">Ladislav Ba\u010do (ESET)<\/span><br ><span  style=\"color: rgb(84, 97, 122);\">\nPavol Sokol, Eva Markov\u00e1,  Laura Bach\u0148\u00e1kov\u00e1 R\u00f3zenfeldov\u00e1, Krist\u00edna Kov\u00e1\u010dov\u00e1 (UPJ\u0160)<\/span><br ><span  style=\"color: rgb(84, 97, 122);\">\nJ\u00e1n Dobo\u0161 (N\u00e1rodn\u00e9 centrum kybernetickej bezpe\u010dnosti SK-CERT)<\/span><br ><span  style=\"color: rgb(84, 97, 122);\">\nJakub Dolina (CSIRT.SK)\n<br >J\u00e1n Trangel (Zive.sk)<\/span><br ><span  style=\"color: rgb(84, 97, 122);\">\nLuk\u00e1\u0161 Hlavi\u010dka, Zuzana Vargov\u00e1 (IstroSec)\n<br >Mari\u00e1n Ru\u0161in (Advok\u00e1tska kancel\u00e1ria MR)<\/span><br ><span  style=\"color: rgb(84, 97, 122);\">\nMiroslava Michal\u00edkov\u00e1 (Produkcia)<\/span><br ><span  style=\"color: rgb(84, 97, 122);\">\nMiroslav Majern\u00edk (Okresn\u00fd s\u00fad Ko\u0161ice I)<\/span><\/p><\/div> <\/div><\/div> <\/div><div  data-label=\"Kooperacia\" data-id=\"content--2\" data-export-id=\"content-1-materialis\" data-category=\"content\" class=\"content-1-materialis content-section content-section-spacing-large\" id=\"kooperacia\" style=\"background-color: rgb(245, 250, 253);\"><div  class=\"gridContainer\"> <div  class=\"row middle-xs\"><div  class=\"col-xs-12 col-md-5 text-center-sm col-padding-small\" data-type=\"column\"> <h3  class=\"\"><b ><span >Cooperation of students \n<br >v interdisciplin\u00e1rnom t\u00edme<\/span><\/b>\n<\/h3><img decoding=\"async\"  class=\"custom-image\" src=\"https:\/\/cyberawareness.sk\/wp-content\/uploads\/2022\/04\/cropped-IMG_20200824_162219-1.jpg\"><\/div> <div  class=\"col-xs-12 col-md-6 col-md-offset-1\" data-type=\"column\"><p  class=\"lead\"><span  style=\"font-family: Roboto, arial, helvetica, sans-serif; color: rgb(84, 97, 122);\">Five four-member teams are formed during the training camp. Each team consists of two computer science students and two law students.\n<\/span><br ><br ><span  style=\"font-family: Roboto, arial, helvetica, sans-serif; color: rgb(84, 97, 122);\">\nThe team works together to solve tasks, whether it is predominantly a technical task or a legal problem. Each task requires understanding and solving the problem from an IT and legal perspectives. Thus, students become familiar with different areas, gain practical experience and learn to solve cybersecurity problems together.<\/span><\/p><\/div> <\/div><\/div> <\/div><div  data-label=\"Odborny rast\" data-id=\"content--5\" data-export-id=\"content-1-materialis\" data-category=\"content\" class=\"content-1-materialis content-section content-section-spacing-large\" id=\"odborny-rast\" style=\"background-color: rgb(245, 250, 253);\"><div  class=\"gridContainer\"> <div  class=\"row middle-xs\"><div  class=\"col-xs-12 col-md-5 text-center-sm col-padding-small\" data-type=\"column\"> <h3  class=\"\"><b >Professional development<\/b><\/h3><img decoding=\"async\"  class=\"custom-image\" src=\"https:\/\/cyberawareness.sk\/wp-content\/uploads\/2022\/08\/Photo-7.jpg\"><\/div> <div  class=\"col-xs-12 col-md-6 col-md-offset-1\" data-type=\"column\"><p  class=\"lead\"><span  style=\"font-family: Roboto, arial, helvetica, sans-serif; color: rgb(84, 97, 122);\">Pre \u0161tudentov informatiky s\u00fa pr\u00ednosom predn\u00e1\u0161ky v oblasti kybernetickej kriminality a forenznej anal\u00fdzy, pre \u0161tudentov pr\u00e1va s\u00fa ur\u010den\u00e9 t\u00e9my po\u010d\u00edta\u010dovej kriminality a pr\u00e1va informa\u010dn\u00fdch a komunika\u010dn\u00fdch technol\u00f3gi\u00ed. Bud\u00faci pr\u00e1vnici bud\u00fa ma\u0165 lep\u0161\u00ed preh\u013ead o tom, \u010do je po\u010d\u00edta\u010dov\u00fd \u00fatok, malv\u00e9r \u010di forenzka. Informatici odch\u00e1dzaj\u00fa s poznatkami zo z\u00e1kladov pr\u00e1va informa\u010dn\u00fdch a komunika\u010dn\u00fdch technol\u00f3gi\u00ed, po\u010d\u00edta\u010dovej kriminality, nutn\u00fdch n\u00e1le\u017eitost\u00ed procesu vy\u0161etrovania a znaleckej pr\u00e1ce.\n<\/span><br ><br ><span  style=\"font-family: Roboto, arial, helvetica, sans-serif; color: rgb(84, 97, 122);\">\nGraduates of the Summer School of Cybercrime will gain knowledge and practical experience that will advance their professional growth. They may not yet be ready for all the tasks of a security analyst or cybercrime expert, but they have a chance to embark on a stellar career in the profession of the future.<\/span><\/p><\/div> <\/div><\/div> <\/div><div  data-label=\"Partneri a sponzori\" data-id=\"clients--3\" data-export-id=\"clients-3\" data-category=\"clients\" class=\"clients-3 content-section content-section-spacing-large content-relative\" id=\"partneri-a-sponzori\" style=\"background-color: rgb(255, 255, 255);\"><div  class=\"gridContainer\"> <div  class=\"row text-center\"><div  data-type=\"column\" class=\"section-title-col\"> <h2  class=\"font-700\"><font  face=\"Roboto, arial, helvetica, sans-serif\"><i >Podpora LSK 2022<\/i><\/font><\/h2> <p  class=\"lead\" style=\"text-align: center;\"><span  style=\"color: rgb(84, 97, 122); font-family: Roboto, arial, helvetica, sans-serif;\">Rozpo\u010det letnej \u0161koly pozost\u00e1va najm\u00e4 z n\u00e1kladov na zabezpe\u010denie pobytu \u0161tudentov a lektorov letnej \u0161koly.\n<\/span><br ><span  style=\"font-family: Roboto, arial, helvetica, sans-serif; color: rgb(84, 97, 122);\">\n\u010eakujeme partnerom, ktor\u00ed n\u00e1m pom\u00e1haj\u00fa zvl\u00e1dnu\u0165 v\u00fddavkov, poskytuj\u00fa lektorov, \u010di vecn\u00e9 ceny pre \u0161tudentsk\u00e9 t\u00edmy.<\/span><\/p><\/div> <\/div> <div  class=\"row spaced-cols center-sm\" data-type=\"row\">  <div  class=\"col-xs-12 col-sm-3 col-md-4\"> <div  class=\"row middle-xs client-content\"> <div  class=\"col-xs-5 col-sm-fit\" data-fixed=\"true\"> <img decoding=\"async\"  src=\"https:\/\/cyberawareness.sk\/wp-content\/uploads\/2022\/04\/csirt_logo.png\"><\/div> <div  class=\"col-xs-7 col-sm-fit start-xs\" data-type=\"column\"><a class=\"link\" href=\"https:\/\/csirt.upjs.sk\" target=\"_blank\" data-cp-link=\"1\" rel=\"noopener\">Organiz\u00e1tor<\/a><\/div> <\/div><\/div> <div  class=\"col-xs-12 col-sm-3 col-md-4\"><div  class=\"row middle-xs client-content\"> <div  class=\"col-xs-5 col-sm-fit\" data-fixed=\"true\"> <img decoding=\"async\"  src=\"https:\/\/cyberawareness.sk\/wp-content\/uploads\/2022\/08\/EISI_logotyp.png\"><\/div> <div  class=\"col-xs-7 col-sm-fit start-xs\" data-type=\"column\"><a class=\"link\" href=\"https:\/\/www.eisionline.org\/index.php\/sk\" target=\"_blank\" data-cp-link=\"1\" rel=\"noopener\">Organiz\u00e1tor<\/a><\/div> <\/div><\/div><div  class=\"col-xs-12 col-sm-3 col-md-4\"><div  class=\"row middle-xs client-content\"> <div  class=\"col-xs-5 col-sm-fit\" data-fixed=\"true\"> <img decoding=\"async\"  src=\"https:\/\/cyberawareness.sk\/wp-content\/uploads\/2022\/09\/logo.jpg\"><\/div> <div  class=\"col-xs-7 col-sm-fit start-xs\" data-type=\"column\"><p  class=\"lead\"><span id=\"_mce_caret\" data-mce-bogus=\"1\" data-mce-type=\"format-caret\" ><span style=\"font-weight: 100;\" ><\/span><\/span><\/p><a class=\"link\" href=\"https:\/\/www.siemens-healthineers.com\" target=\"_blank\" data-cp-link=\"1\" rel=\"noopener\">Hlavn\u00fd sponzor<\/a><\/div> <\/div><\/div><div  class=\"col-xs-12 col-sm-3 col-md-4\"> <div  class=\"row middle-xs client-content\"> <div  class=\"col-xs-5 col-sm-fit\" data-fixed=\"true\"> <img decoding=\"async\"  src=\"https:\/\/cyberawareness.sk\/wp-content\/uploads\/2022\/07\/COLOR.png\"><\/div> <div  class=\"col-xs-7 col-sm-fit start-xs\" data-type=\"column\"><a class=\"link\" href=\"http:\/\/zive.sk\" target=\"_blank\" data-cp-link=\"1\" rel=\"noopener\">Hlavn\u00fd medi\u00e1lny partner<\/a><\/div> <\/div><\/div><div  class=\"col-xs-12 col-sm-3 col-md-4\"><div  class=\"row middle-xs client-content\"> <div  class=\"col-xs-5 col-sm-fit\" data-fixed=\"true\"> <img decoding=\"async\"  src=\"https:\/\/cyberawareness.sk\/wp-content\/uploads\/2022\/08\/logo_epi.png\"><\/div> <div  class=\"col-xs-7 col-sm-fit start-xs\" data-type=\"column\"><a class=\"link\" href=\"https:\/\/www.epi.sk\" target=\"_self\" data-cp-link=\"1\" rel=\"noopener\">Sponzor<\/a><\/div> <\/div><\/div><div  class=\"col-xs-12 col-sm-3 col-md-4\"><div  class=\"row middle-xs client-content\"> <div  class=\"col-xs-5 col-sm-fit\" data-fixed=\"true\"> <img decoding=\"async\"  src=\"https:\/\/cyberawareness.sk\/wp-content\/uploads\/2022\/09\/Qubit-Conference_Dark-Logo.png\"><\/div> <div  class=\"col-xs-7 col-sm-fit start-xs\" data-type=\"column\"><a class=\"link\" href=\"https:\/\/tatry.qubitconference.com\" target=\"_blank\" data-cp-link=\"1\" rel=\"noopener\">Sponzor<\/a><\/div> <\/div><\/div>  <div  class=\"col-xs-12 col-sm-3 col-md-4\"> <div  class=\"row middle-xs client-content\"> <div  class=\"col-xs-5 col-sm-fit\" data-fixed=\"true\"> <img decoding=\"async\"  src=\"https:\/\/cyberawareness.sk\/wp-content\/uploads\/2022\/08\/SK-CERT-LOGO-e1661236275327.jpg\"><\/div> <div  class=\"col-xs-7 col-sm-fit start-xs\" data-type=\"column\"><a class=\"link\" href=\"https:\/\/www.sk-cert.sk\/sk\/aktuality\/index.html\" target=\"_self\" data-cp-link=\"1\" rel=\"noopener\">Odborn\u00fd partner<\/a><\/div> <\/div><\/div><div  class=\"col-xs-12 col-sm-3 col-md-4\"> <div  class=\"row middle-xs client-content\"> <div  class=\"col-xs-5 col-sm-fit\" data-fixed=\"true\"> <img decoding=\"async\"  src=\"https:\/\/cyberawareness.sk\/wp-content\/uploads\/2022\/09\/Istrosec2-scaled.jpg\"><\/div> <div  class=\"col-xs-7 col-sm-fit start-xs\" data-type=\"column\"><a class=\"link\" href=\"https:\/\/www.istrosec.com\/sk\" target=\"_blank\" data-cp-link=\"1\" rel=\"noopener\">Odborn\u00fd partner<\/a><\/div> <\/div><\/div><div  class=\"col-xs-12 col-sm-3 col-md-4\"> <div  class=\"row middle-xs client-content\"> <div  class=\"col-xs-5 col-sm-fit\" data-fixed=\"true\"> <img decoding=\"async\"  src=\"https:\/\/cyberawareness.sk\/wp-content\/uploads\/2022\/09\/csirt.sk_logo.jpg\"><\/div> <div  class=\"col-xs-7 col-sm-fit start-xs\" data-type=\"column\"><a class=\"link\" href=\"https:\/\/www.csirt.gov.sk\" target=\"_blank\" data-cp-link=\"1\" rel=\"noopener\">Odborn\u00fd partner<\/a><\/div> <\/div><\/div><div  class=\"col-xs-12 col-sm-3 col-md-4\"> <div  class=\"row middle-xs client-content\"> <div  class=\"col-xs-5 col-sm-fit\" data-fixed=\"true\"> <img decoding=\"async\"  src=\"https:\/\/cyberawareness.sk\/wp-content\/uploads\/2022\/09\/logo_WK_ASPI-NG_rgb.jpg\"><\/div> <div  class=\"col-xs-7 col-sm-fit start-xs\" data-type=\"column\"><a class=\"link\" href=\"https:\/\/www.aspi.sk\" target=\"_blank\" data-cp-link=\"1\" rel=\"noopener\">Sponzor<\/a><\/div> <\/div><\/div><\/div><\/div> <\/div>","protected":false},"excerpt":{"rendered":"","protected":false},"author":1,"featured_media":0,"parent":0,"menu_order":0,"comment_status":"closed","ping_status":"closed","template":"pro\/page-templates\/page-with-small-header.php","meta":{"ocean_post_layout":"","ocean_both_sidebars_style":"","ocean_both_sidebars_content_width":0,"ocean_both_sidebars_sidebars_width":0,"ocean_sidebar":"","ocean_second_sidebar":"","ocean_disable_margins":"enable","ocean_add_body_class":"","ocean_shortcode_before_top_bar":"","ocean_shortcode_after_top_bar":"","ocean_shortcode_before_header":"","ocean_shortcode_after_header":"","ocean_has_shortcode":"","ocean_shortcode_after_title":"","ocean_shortcode_before_footer_widgets":"","ocean_shortcode_after_footer_widgets":"","ocean_shortcode_before_footer_bottom":"","ocean_shortcode_after_footer_bottom":"","ocean_display_top_bar":"default","ocean_display_header":"default","ocean_header_style":"","ocean_center_header_left_menu":"","ocean_custom_header_template":"","ocean_custom_logo":0,"ocean_custom_retina_logo":0,"ocean_custom_logo_max_width":0,"ocean_custom_logo_tablet_max_width":0,"ocean_custom_logo_mobile_max_width":0,"ocean_custom_logo_max_height":0,"ocean_custom_logo_tablet_max_height":0,"ocean_custom_logo_mobile_max_height":0,"ocean_header_custom_menu":"","ocean_menu_typo_font_family":"","ocean_menu_typo_font_subset":"","ocean_menu_typo_font_size":0,"ocean_menu_typo_font_size_tablet":0,"ocean_menu_typo_font_size_mobile":0,"ocean_menu_typo_font_size_unit":"px","ocean_menu_typo_font_weight":"","ocean_menu_typo_font_weight_tablet":"","ocean_menu_typo_font_weight_mobile":"","ocean_menu_typo_transform":"","ocean_menu_typo_transform_tablet":"","ocean_menu_typo_transform_mobile":"","ocean_menu_typo_line_height":0,"ocean_menu_typo_line_height_tablet":0,"ocean_menu_typo_line_height_mobile":0,"ocean_menu_typo_line_height_unit":"","ocean_menu_typo_spacing":0,"ocean_menu_typo_spacing_tablet":0,"ocean_menu_typo_spacing_mobile":0,"ocean_menu_typo_spacing_unit":"","ocean_menu_link_color":"","ocean_menu_link_color_hover":"","ocean_menu_link_color_active":"","ocean_menu_link_background":"","ocean_menu_link_hover_background":"","ocean_menu_link_active_background":"","ocean_menu_social_links_bg":"","ocean_menu_social_hover_links_bg":"","ocean_menu_social_links_color":"","ocean_menu_social_hover_links_color":"","ocean_disable_title":"default","ocean_disable_heading":"default","ocean_post_title":"","ocean_post_subheading":"","ocean_post_title_style":"","ocean_post_title_background_color":"","ocean_post_title_background":0,"ocean_post_title_bg_image_position":"","ocean_post_title_bg_image_attachment":"","ocean_post_title_bg_image_repeat":"","ocean_post_title_bg_image_size":"","ocean_post_title_height":0,"ocean_post_title_bg_overlay":0.5,"ocean_post_title_bg_overlay_color":"","ocean_disable_breadcrumbs":"default","ocean_breadcrumbs_color":"","ocean_breadcrumbs_separator_color":"","ocean_breadcrumbs_links_color":"","ocean_breadcrumbs_links_hover_color":"","ocean_display_footer_widgets":"default","ocean_display_footer_bottom":"default","ocean_custom_footer_template":"","footnotes":""},"class_list":["post-1061","page","type-page","status-publish","hentry","entry"],"_links":{"self":[{"href":"https:\/\/cyberawareness.sk\/en\/wp-json\/wp\/v2\/pages\/1061","targetHints":{"allow":["GET"]}}],"collection":[{"href":"https:\/\/cyberawareness.sk\/en\/wp-json\/wp\/v2\/pages"}],"about":[{"href":"https:\/\/cyberawareness.sk\/en\/wp-json\/wp\/v2\/types\/page"}],"author":[{"embeddable":true,"href":"https:\/\/cyberawareness.sk\/en\/wp-json\/wp\/v2\/users\/1"}],"replies":[{"embeddable":true,"href":"https:\/\/cyberawareness.sk\/en\/wp-json\/wp\/v2\/comments?post=1061"}],"version-history":[{"count":11,"href":"https:\/\/cyberawareness.sk\/en\/wp-json\/wp\/v2\/pages\/1061\/revisions"}],"predecessor-version":[{"id":1104,"href":"https:\/\/cyberawareness.sk\/en\/wp-json\/wp\/v2\/pages\/1061\/revisions\/1104"}],"wp:attachment":[{"href":"https:\/\/cyberawareness.sk\/en\/wp-json\/wp\/v2\/media?parent=1061"}],"curies":[{"name":"wp","href":"https:\/\/api.w.org\/{rel}","templated":true}]}}